{"id":2344,"date":"2018-07-22T15:26:50","date_gmt":"2018-07-22T14:26:50","guid":{"rendered":"http:\/\/braun-maschinenbau.info\/impressum\/"},"modified":"2024-05-07T07:55:42","modified_gmt":"2024-05-07T06:55:42","slug":"impressum","status":"publish","type":"page","link":"https:\/\/braun-maschinenbau.info\/es\/impressum\/","title":{"rendered":"Aviso Legal"},"content":{"rendered":"<p>[vc_row][vc_column width=\u00bb1\/2&#8243;][vc_empty_space alter_height=\u00bblarge\u00bb hide_on_mobile=\u00bb\u00bb][vc_column_text]<\/p>\n<h4>Aviso legal<\/h4>\n<p><strong>BRAUN Maschinenbau GmbH<\/strong><br \/>\nAlbert-Einstein- Stra\u00dfe 10<br \/>\nD-76829 Landau\/Pfalz<br \/>\nTel\u00e9fono: + 49 (0) 63 41 \/ 9 50 55 00<br \/>\nTelefax: + 49 (0) 63 41 \/ 9 50 55 22<br \/>\nE-Mail: <a href=\"mailto:info@braun-maschinenbau.de\">info@braun-maschinenbau.de<\/a><\/p>\n<p>Gerente: Stefan Braun<br \/>\nNIF-IVA: DE 813346712<br \/>\nNomero Id. Fiscal.: 24 \/ 652 \/ 05248<br \/>\nRegistro mercantil: HR 3308<\/p>\n<p><strong>Fotografias<br \/>\n<\/strong>Bj\u00f6rn Kray Iversen<br \/>\n<a href=\"http:\/\/www.kray.no\" target=\"_blank\" rel=\"noopener noreferrer\">www.kray.no<\/a>[\/vc_column_text][vc_empty_space alter_height=\u00bbmedium\u00bb hide_on_mobile=\u00bb\u00bb][\/vc_column][vc_column width=\u00bb1\/2&#8243;][vc_empty_space alter_height=\u00bblarge\u00bb hide_on_mobile=\u00bb\u00bb][vc_column_text]<\/p>\n<h4>Exoneraci\u00f3n de responsabilidad<\/h4>\n<p><strong>Derechos de autor<\/strong><br \/>\nTodos los derechos reservados. Los textos, im\u00e1genes, gr\u00e1ficos, animaciones y v\u00eddeos, as\u00ed como<br \/>\nsu distribuci\u00f3n en este sitio web est\u00e1n protegidos por derechos de autor. Por lo tanto, no est\u00e1<br \/>\npermitido descargar el sitio web ni en su totalidad ni en parte, como tampoco<br \/>\nlo est\u00e1 su copia o distribuci\u00f3n. Se permite la realizaci\u00f3n de reproducciones individuales<br \/>\ndestinadas al uso privado. Cualquier otro uso de los contenidos de este sitio web o de<br \/>\nlas marcas protegidas de BRAUN requiere el previo consentimiento por escrito de<br \/>\nBRAUN.<\/p>\n<p><strong>Referencias<\/strong><br \/>\nEn el caso de p\u00e1ginas de internet a las que se haga referencia en este sitio web y que son propiedad de terceros,<br \/>\nBRAUN no asume ninguna responsabilidad por el contenido de dichos<br \/>\nsitios de internet vinculados y no se hace responsable de los da\u00f1os que pudieran resultar de tales contenidos. Todos los v\u00ednculos son enlaces externos y son<br \/>\nofrecidos al visitante solo como referencia. Estos enlaces est\u00e1n sujetos a la responsabilidad del<br \/>\ncorrespondiente proveedor en cada caso.<\/p>\n<p><strong>Protecci\u00f3n de datos<\/strong><br \/>\nSi en el marco de la oferta de internet existe la posibilidad de proporcionar informaci\u00f3n personal<br \/>\no datos comerciales (nombres, direcciones, direcciones de correo electr\u00f3nico), la divulgaci\u00f3n de estos datos se efect\u00faa de forma expresamente voluntaria por parte del usuario. Se proh\u00edbe el uso por parte de terceros de los datos de contacto (direcci\u00f3n, direcciones de correo electr\u00f3nico, n\u00fameros de tel\u00e9fono y fax) publicados en el aviso legal o en otros datos informativos comparables para el env\u00edo de informaciones que no se hubiesen solicitado de forma expresa.<\/p>\n<h4>Declaraci\u00f3n de privacidad<\/h4>\n<p><strong>Datos de contacto de la empresa<br \/>\n<\/strong>Braun Maschinenbau GmbH<br \/>\nAlbert-Einstein-Stra\u00dfe 10<br \/>\n76829 Landau in der Pfalz (Alemania)<br \/>\nTel\u00e9fono: + 49 (0) 63 41 \/ 9 50 55 00<br \/>\nFax: + 49 (0) 63 41 \/ 9 50 55 22<br \/>\nE-Mail: <a href=\"mailto:info@braun-maschinenbau.de\">info@braun-maschinenbau.de<\/a><\/p>\n<p><strong>Delegado de protecci\u00f3n de datos<\/strong><br \/>\nThomas Kolb LL.M.<br \/>\nKolbCom GmbH<br \/>\nP7, 22<br \/>\n68165 Mannheim<br \/>\nFax: 0621 \/ 121 829 &#8211; 32<br \/>\nE-Mail: <a href=\"mailto:dsb@braun-maschinenbau.de\">dsb@braun-maschinenbau.de<\/a><\/p>\n<p>Le damos la bienvenida a nuestro sitio web. La protecci\u00f3n de sus datos tiene gran importancia para nosotros. Por ese motivo, le mostramos a continuaci\u00f3n c\u00f3mo tratamos sus datos personales.<\/p>\n<p><strong>Categor\u00edas de datos; fuentes de datos<br \/>\n<\/strong>De un modo general, tratamos los datos personales que usted nos comunica en el marco de una consulta, de una relaci\u00f3n jur\u00eddica precontractual o de un v\u00ednculo contractual. En algunos casos, y siempre que esto sea necesario en el marco del cumplimiento de un contrato, tratamos adem\u00e1s datos personales que han sido obtenidos de manera l\u00edcita a partir de fuentes accesibles al p\u00fablico (p. ej., registro mercantil, registros de morosos, Internet) o nos han sido transmitidos de forma autorizada por terceros (p. ej., agencias de informaci\u00f3n).<\/p>\n<p>Dichos datos pueden ser datos personales (nombre, fecha de nacimiento, representante autorizado legalmente), datos de direcci\u00f3n (direcci\u00f3n, direcci\u00f3n de correo electr\u00f3nico, persona de contacto), datos financieros (nombre del titular de la cuenta, IBAN, BIC), datos contractuales (duraci\u00f3n del contrato, prestaciones adquiridas, anulaciones), datos de comunicaci\u00f3n (correspondencia, intercambio de correos electr\u00f3nicos), datos publicitarios (cartas publicitarias) as\u00ed como otras categor\u00edas comparables de datos personales.<\/p>\n<p><strong>Tratamiento general de datos de visitantes<br \/>\n<\/strong>En principio es posible utilizar nuestro sitio web sin especificar datos personales.<\/p>\n<p>No obstante, le advertimos de que incluso en ese caso se recopilan datos de acceso que se almacenan en los archivos de registro del servidor. Dichos datos pueden corresponder, en particular, a los siguientes tipos:<\/p>\n<ul>\n<li>tipo de navegador\/versi\u00f3n de su navegador,<\/li>\n<li>sistema operativo,<\/li>\n<li>sitio web desde el cual nos visita,<\/li>\n<li>fecha y hora de su visita,<\/li>\n<li>su direcci\u00f3n IP.<\/li>\n<\/ul>\n<p>De un modo general, valoramos esta informaci\u00f3n de forma an\u00f3nima para defendernos contra ataques (tratamiento de datos personales en el marco de una ponderaci\u00f3n de intereses conforme al art. 6 p\u00e1rr. 1 apdo. 1 letra f del RGPD) y la suprimimos a continuaci\u00f3n. Por lo general, no es posible rastrear los datos hasta llegar a su persona, y estos tampoco se combinan con otros datos.<\/p>\n<p>Sin embargo, si hay indicios concretos que apuntan a un uso il\u00edcito, nos reservamos el derecho a evaluar los datos con posterioridad.<\/p>\n<p><strong>Toma de contacto<br \/>\n<\/strong>Si usted se pone en contacto con nosotros por correo electr\u00f3nico, nosotros trataremos los datos personales comunicados por usted para responder a su consulta. Suprimiremos los datos una vez concluida la tramitaci\u00f3n de su consulta, siempre y cuando no exista ninguna obligaci\u00f3n de conservaci\u00f3n por motivos contractuales o legales.<\/p>\n<p><strong>Tratamiento de datos personales en el marco de una ponderaci\u00f3n de intereses (art. 6 p\u00e1rr. 1 letra f del RGPD)<br \/>\n<\/strong>Tratamos datos personales conforme a una ponderaci\u00f3n de intereses, siempre que esto sea necesario para la satisfacci\u00f3n de nuestros intereses o de los intereses de terceros.<\/p>\n<p>Ejemplos de dichas finalidades son:<\/p>\n<ul>\n<li>asegurar la seguridad inform\u00e1tica y la integridad de nuestros sistemas,<\/li>\n<li>impedir o esclarecer la comisi\u00f3n de delitos,<\/li>\n<li>formulaci\u00f3n o defensa de reclamaciones,<\/li>\n<li>registro de su consentimiento al uso de determinadas cookies o plugins,<\/li>\n<li>uso del sitio web en calidad de administrador (inicio de sesi\u00f3n en la interfaz administrativa).<\/li>\n<\/ul>\n<p><strong>Tratamiento de datos personales para la ejecuci\u00f3n de un contrato (art. 6 p\u00e1rr. 1 letra b del RGPD)<br \/>\n<\/strong>Siempre que se suscriba un contrato con nosotros, utilizaremos datos personales, siempre y cuando esto sea necesario para la ejecuci\u00f3n del contrato o la toma de medidas precontractuales. Las finalidades de este tratamiento de datos se rigen por los contenidos concretos del contrato, que usted puede consultar en la documentaci\u00f3n contractual.<\/p>\n<p><strong>Tratamiento de datos personales conforme a consentimiento (art. 6 p\u00e1rr. 1 apdo. 1 letra a del RGPD)<br \/>\n<\/strong>En algunos casos, obtendremos de usted el consentimiento para determinadas finalidades expresamente designadas relacionadas con la recopilaci\u00f3n de datos (p. ej., consulta a trav\u00e9s de un formulario de contacto, apertura de una cuenta de cliente, solicitud de un bolet\u00edn de noticias, uso de cookies de an\u00e1lisis y publicidad o uso de plugins de redes sociales).<\/p>\n<p>El tratamiento de datos tan solo se efect\u00faa siempre y cuando usted nos otorgue su consentimiento. Es posible que la tramitaci\u00f3n de su petici\u00f3n no sea posible sin dicho consentimiento, raz\u00f3n por la cual la tramitaci\u00f3n debe estar condicionada al mismo. El tratamiento de los datos se efect\u00faa exclusivamente para la o las finalidades expresamente mencionadas.<\/p>\n<p>Usted podr\u00e1 revocar en cualquier momento los consentimientos otorgados, con efecto de cara al futuro. La revocaci\u00f3n no influir\u00e1 en la legalidad de los tratamientos hasta el momento de la revocaci\u00f3n.<\/p>\n<p><strong>Uso de cookies<br \/>\n<\/strong>En el marco de su visita a nuestro sitio web pueden emplearse distintas cookies. Las cookies son archivos de texto que se colocan en su ordenador y permiten, entre otras cosas, que su visita a nuestro sitio web transcurra sin ning\u00fan tipo de dificultades.<\/p>\n<p>Las cookies son necesarias en parte para poder garantizar la funcionalidad o la seguridad inform\u00e1tica de nuestro sitio web. El empleo de dichas cookies de funci\u00f3n se efect\u00faa en base a un inter\u00e9s leg\u00edtimo por facilitar el uso de nuestro sitio web, incluyendo sus funciones, conforme al art. 6 p\u00e1rr. 1 apdo. 1 letra f del RGPD.<\/p>\n<p>Empleamos el resto de cookies (no necesarias), dado el caso, en base al art. 6 p\u00e1rr. 1 apdo. 1 letra a del RGPD y bas\u00e1ndonos por consiguiente en su consentimiento. Las cookies pueden emplearse para las siguientes finalidades, respectivamente:<\/p>\n<ul>\n<li>facilitar el uso de funciones particulares,<\/li>\n<li>analizar (bajo seud\u00f3nimo) la conducta de uso, con el fin de optimizar nuestro sitio web,<\/li>\n<li>incremento del atractivo y la comodidad de uso de nuestro sitio web,<\/li>\n<li>mejora y dise\u00f1o acorde a las necesidades de nuestro sitio web.<\/li>\n<\/ul>\n<p>El empleo de cookies no necesarias se efect\u00faa en el marco de los llamados perfiles de uso. De esa forma, se le asigna un seud\u00f3nimo bajo el cual se lleva a cabo el almacenamiento de los datos de uso. Su direcci\u00f3n IP se guarda exclusivamente de forma abreviada, de manera que en principio dejar\u00e1 de ser posible relacionar el perfil de uso con su persona.<\/p>\n<p>Siempre y cuando empleemos cookies principalmente para finalidades de (re)marketing o para la implementaci\u00f3n de plugins (de redes sociales), el uso de las mismas estar\u00e1 fundamentado en la libre aceptaci\u00f3n por su parte de dicho tratamiento de datos, para lo cual necesitamos su consentimiento. En lo relativo a los plugins o las herramientas de seguimiento individuales, nos remitimos a las explicaciones detalladas que figuran a continuaci\u00f3n.<\/p>\n<p>La mayor\u00eda de cookies que utilizamos se suprimen de nuevo de su ordenador tras cerrar su navegador (cookies de sesi\u00f3n). Otros tipos de cookies pueden permanecer en su ordenador, permiti\u00e9ndonos reconocer su equipo en su pr\u00f3xima visita a nuestro sitio web a trav\u00e9s del perfil de uso generado (cookies permanentes).<\/p>\n<p>Las cookies en nuestro sitio web son utilizadas exclusivamente por nosotros y no por terceros, con excepci\u00f3n de las cookies de proveedores terceros, expresamente mencionadas en esta declaraci\u00f3n de privacidad.<\/p>\n<p>Puede usted declarar su consentimiento confirmando nuestro anuncio referente a las cookies al acceder a nuestro sitio web. Podr\u00e1 revocar en cualquier momento el consentimiento otorgado, con efecto de cara al futuro.<\/p>\n<p><strong>Google Maps<br \/>\n<\/strong>En nuestro sitio web empleamos un plugin del servicio de Internet Google Maps. El explotador de Google Maps es la empresa Google Ireland Limited, Gordon House, Barrow Street, Dubl\u00edn 4, Irlanda (\u00abGoogle\u00bb).<\/p>\n<p>En el marco del uso de plugins, nos basamos en su conformidad con la recopilaci\u00f3n de datos. Siempre que usted no acepte el uso de sus datos en su primera visita a nuestro sitio web, el plugin de Google Maps no se activar\u00e1, de manera que no tendr\u00e1 lugar una transmisi\u00f3n de datos incluso en caso de interacci\u00f3n accidental con un plugin de Google Maps.<\/p>\n<p>Si usted acepta el tratamiento de sus datos a trav\u00e9s del plugin de Google Maps en el marco del procedimiento de participaci\u00f3n, la legalidad del tratamiento de sus datos se basar\u00e1 en un consentimiento conforme al art. 6 p\u00e1rr. 1 apdo. 1 letra a del RGPD, de tal manera que utilizaremos sus datos, dentro del alcance del consentimiento otorgado por usted, para finalidades de vinculaci\u00f3n con Google Maps.<\/p>\n<p>En ese caso, se transmitir\u00e1 informaci\u00f3n acerca del uso de este sitio web y su direcci\u00f3n IP a un servidor de Google en los EE. UU., donde tambi\u00e9n se almacenar\u00e1. Google LLC es una empresa certificada en el marco del acuerdo Privacy Shield (Escudo de Privacidad), de modo que la transmisi\u00f3n de datos a Google se efect\u00faa, adem\u00e1s de conforme a su consentimiento, en base a la resoluci\u00f3n sobre adecuaci\u00f3n de la Comisi\u00f3n en lo relativo a la transferencia de datos entre la UE y los EE. UU. En el marco del uso de Google Maps, se ha suscrito entre nosotros y Google LLC un contrato acerca de la responsabilidad conjunta a efectos del art. 26 del RGPD<\/p>\n<p>(v\u00e9ase: <a href=\"https:\/\/privacy.google.com\/intl\/es\/businesses\/mapscontrollerterms\/\">https:\/\/privacy.google.com\/intl\/es\/businesses\/mapscontrollerterms\/<\/a>).<\/p>\n<p>Si usted utiliza Google Maps en nuestro sitio web, se transmitir\u00e1 informaci\u00f3n acerca del uso de este sitio web y su direcci\u00f3n IP a un servidor de Google en los EE. UU., donde tambi\u00e9n se almacenar\u00e1. No tenemos conocimiento del contenido exacto de los datos transmitidos, ni tampoco de su uso por parte de Google. La empresa niega en este contexto la asociaci\u00f3n de los datos con informaci\u00f3n de otros servicios de Google y el registro de datos personales, siempre y cuando usted no haya configurado los ajustes de actividades de webs y aplicaciones en la configuraci\u00f3n de una cuenta de Google de tal manera que se permita a Google dicha combinaci\u00f3n. En determinadas circunstancias, Google puede transmitir tambi\u00e9n sus datos a terceros si recibe instrucciones para hacerlo.<\/p>\n<p>Mediante el consentimiento otorgado en su primera visita, usted declara su conformidad con el registro y el tratamiento descritos de la informaci\u00f3n por Google Inc. Obtendr\u00e1 m\u00e1s informaci\u00f3n sobre las disposiciones en materia de protecci\u00f3n de datos y las condiciones de uso para Google Maps aqu\u00ed: <a href=\"https:\/\/www.google.com\/intl\/es_es\/help\/terms_maps\/\">https:\/\/www.google.com\/intl\/es_es\/help\/terms_maps\/<\/a>.<\/p>\n<p><strong>YouTube<br \/>\n<\/strong>En nuestro sitio web se emplean plugins de la red social YouTube. El explotador de YouTube es la empresa Google Ireland Limited, Gordon House, Barrow Street, Dubl\u00edn 4, Irlanda (\u00abGoogle\u00bb).<\/p>\n<p>En este caso, su navegador no establece una conexi\u00f3n directa con los servidores de YouTube hasta que el usuario no haya activado el bot\u00f3n respectivo haciendo clic en \u00e9l (\u00abmodo ampliado de protecci\u00f3n de datos\u00bb). A continuaci\u00f3n, el contenido del plugin se transmite de YouTube a su navegador y desde este \u00faltimo se integra en el sitio web. Mediante la activaci\u00f3n del plugin, YouTube recibe la informaci\u00f3n de que usted ha accedido a la p\u00e1gina correspondiente de nuestro sitio de Internet. Seguidamente, los contenidos se transmitir\u00e1n de YouTube a su navegador y se incluir\u00e1n en la p\u00e1gina. De esa forma, YouTube recibir\u00e1 el mensaje de que usted se encuentra en la p\u00e1gina correspondiente de nuestro sitio web. Esto sucede incluso en caso de que usted no tenga ning\u00fan perfil en YouTube o no haya iniciado sesi\u00f3n. A continuaci\u00f3n, se reenviar\u00e1n autom\u00e1ticamente datos personales (incluyendo su direcci\u00f3n IP) a un servidor de YouTube ubicado en los EE.UU., donde se almacenar\u00e1n.<\/p>\n<p>En el marco del uso del plugin de YouTube, nos basamos en su conformidad con la recopilaci\u00f3n de datos.<\/p>\n<p>Si usted acepta el tratamiento de sus datos a trav\u00e9s del plugin de YouTube en el marco del procedimiento de participaci\u00f3n, la legalidad del tratamiento de sus datos se basar\u00e1 en un consentimiento conforme al art. 6 p\u00e1rr. 1 apdo. 1 letra a del RGPD, de tal manera que utilizaremos sus datos, dentro del alcance del consentimiento otorgado por usted, para finalidades de vinculaci\u00f3n con YouTube.<\/p>\n<p>Una asignaci\u00f3n directa por parte de YouTube tan solo se efect\u00faa si usted ha iniciado sesi\u00f3n en YouTube. La interacci\u00f3n correspondiente tambi\u00e9n tiene lugar si usted acciona activamente el bot\u00f3n respectivo. La consecuencia de ello es una publicaci\u00f3n en su cuenta de YouTube y la presentaci\u00f3n entre sus contactos. Para obtener informaci\u00f3n detallada sobre el manejo de sus datos personales por parte de YouTube, consulte la siguiente p\u00e1gina: <a href=\"https:\/\/policies.google.com\/privacy?hl=es&amp;gl=es\">https:\/\/policies.google.com\/privacy?hl=es&amp;gl=es<\/a>.<\/p>\n<p>Como aplicaci\u00f3n de Google LLC, YouTube est\u00e1 sujeta al estatus de empresa certificada en el marco del acuerdo Privacy Shield (Escudo de Privacidad), de modo que la transmisi\u00f3n de datos a Google en los EE. UU. se efect\u00faa, adem\u00e1s de conforme a su consentimiento, en base a la resoluci\u00f3n sobre adecuaci\u00f3n de la Comisi\u00f3n en lo relativo a la transferencia de datos entre la UE y los EE. UU.<\/p>\n<p><strong>Enlaces\/v\u00ednculos de redes sociales<br \/>\n<\/strong>Nuestro sitio web tiene integrados, dado el caso, v\u00ednculos a sitios web y p\u00e1ginas de redes sociales de nuestras filiales. Si hace clic en estos enlaces, se le redirigir\u00e1 directamente a dichas p\u00e1ginas. Al hacerlo, no se efectuar\u00e1 ning\u00fan tratamiento de datos personales por nuestra parte. Tenga en cuenta las indicaciones sobre protecci\u00f3n de datos en las p\u00e1ginas de destino respectivas.<\/p>\n<p><strong>Uso de Google Fonts<br \/>\n<\/strong>Para la representaci\u00f3n de caracteres externos, utilizamos fuentes de Google Fonts (\u00abHind\u00bb y \u00abOswald\u00bb) en el modo \u00abOffline\u00bb. Este servicio es ofrecido por la empresa Google Ireland Limited, Gordon House, Barrow Street, Dubl\u00edn 4, Irlanda (\u00abGoogle\u00bb). El servicio no implica la transmisi\u00f3n de datos a servidores de Google. El tratamiento es necesario para una presentaci\u00f3n apropiada de nuestro sitio de Internet, y por ese motivo obedece tanto a nuestro inter\u00e9s como al suyo. De esa forma, el art. 6 p\u00e1rr. 1 apdo. 1 letra f del RGPD constituye el fundamento jur\u00eddico del tratamiento en lo relativo a la presencia externa de la empresa a trav\u00e9s de un sitio web funcional.<\/p>\n<p><strong>Transmisi\u00f3n de datos<br \/>\n<\/strong>Una transmisi\u00f3n de datos se efect\u00faa exclusivamente en el marco de los casos previstos por la ley, por ejemplo, en el caso de un deber de informaci\u00f3n legal frente a las autoridades policiales y judiciales. En caso de una transmisi\u00f3n de datos a consecuencia del empleo de cookies o plugins, obtendr\u00e1 informaci\u00f3n m\u00e1s detallada consultando la secci\u00f3n correspondiente.<\/p>\n<p><strong>Duraci\u00f3n del almacenamiento de datos<br \/>\n<\/strong>Suprimiremos sus datos personales sin dilaci\u00f3n indebida en cuanto los datos dejen de ser necesarios para el cumplimiento de las obligaciones contractuales y legales, o bien si la finalidad para la cual fueron tratados los datos ya se ha alcanzado y los datos ya no son necesarios para dicha finalidad.<\/p>\n<p>Los datos personales se almacenar\u00e1n al menos mientras esto sea necesario para el cumplimiento de las obligaciones contractuales y la salvaguardia de los derechos contractuales. Este per\u00edodo puede ir m\u00e1s all\u00e1 del per\u00edodo contractual propiamente dicho, ya que en el marco de los plazos de prescripci\u00f3n es posible que los datos sigan siendo relevantes una vez finalizado el contrato. Adem\u00e1s, la supresi\u00f3n no podr\u00e1 tener lugar hasta que hayan expirado los eventuales plazos de conservaci\u00f3n conforme al derecho fiscal y contable. Puede consultar los criterios para la duraci\u00f3n del almacenamiento de cookies en la secci\u00f3n correspondiente.<\/p>\n<p><strong>Derechos del interesado<br \/>\n<\/strong>Como interesado en el tratamiento de los datos personales, usted dispone de los siguientes derechos:<\/p>\n<p>Tiene derecho a obtener una confirmaci\u00f3n de si se est\u00e1n tratando o no datos personales que le conciernen. Si es el caso, tiene derecho a ser informado acerca de dichos datos personales y a la informaci\u00f3n expuesta en detalle en el art. 15 del RGPD.<\/p>\n<p>Tiene derecho a obtener sin dilaci\u00f3n indebida del responsable del tratamiento la rectificaci\u00f3n de los datos personales inexactos que le conciernan y, dado el caso, que se completen los datos personales que sean incompletos (art. 16 del RGPD).<\/p>\n<p>Tiene derecho a obtener sin dilaci\u00f3n indebida del responsable del tratamiento la supresi\u00f3n de los datos personales que le conciernan, siempre y cuando se aplique alguno de los motivos expuestos en detalle en el art. 17 del RGPD, p. ej., si los datos dejan de ser necesarios para las finalidades que se persiguen (derecho de supresi\u00f3n).<\/p>\n<p>Tiene derecho a obtener del responsable del tratamiento la limitaci\u00f3n del tratamiento cuando se cumpla alguna de las condiciones expuestas en el art. 18 del RGPD, p. ej., si usted ha presentado un recurso contra el tratamiento durante el per\u00edodo de comprobaci\u00f3n por parte del responsable.<\/p>\n<p>Tiene derecho a presentar en cualquier momento un recurso contra el tratamiento de datos personales que le conciernan por motivos que se deriven de su situaci\u00f3n particular. El responsable del tratamiento dejar\u00e1 de tratar los datos personales, salvo que acredite motivos leg\u00edtimos imperiosos para el tratamiento que prevalezcan sobre los intereses, los derechos y las libertades del interesado, o para la formulaci\u00f3n, el ejercicio o la defensa de reclamaciones (art. 21 del RGPD).<\/p>\n<p>En lo relativo a la salvaguardia de sus derechos, puede ponerse en contacto con nosotros en cualquier momento a trav\u00e9s de las posibilidades de contacto ofrecidas en nuestro sitio web.<\/p>\n<p><strong>Derecho a presentar una reclamaci\u00f3n<br \/>\n<\/strong>Sin perjuicio de cualquier otro recurso administrativo o acci\u00f3n judicial, tiene derecho a presentar una reclamaci\u00f3n ante una autoridad de control, si considera que el tratamiento de datos personales que le conciernen infringe el RGPD (art. 77 del RGPD). Puede formular dicho derecho ante una autoridad de control en el Estado miembro en el que tenga su residencia habitual, lugar de trabajo o lugar de la supuesta infracci\u00f3n. En Renania-Palatinado, la autoridad de control competente es el responsable de protecci\u00f3n de datos y libertad de informaci\u00f3n del Estado federado de Renania-Palatinado.<\/p>\n<p>Obtendr\u00e1 informaci\u00f3n m\u00e1s detallada en el portal de servicios del Estado de Renania-Palatinado en el siguiente enlace:<\/p>\n<p><a href=\"https:\/\/www.datenschutz.rlp.de\">https:\/\/www.datenschutz.rlp.de<\/a><\/p>\n<p>Naturalmente, tambi\u00e9n puede dirigirse directamente a nosotros si est\u00e1 descontento o tiene dudas acerca de la protecci\u00f3n de datos. La v\u00eda m\u00e1s r\u00e1pida para ello es ponerse en contacto con nuestra persona de contacto interna para asuntos de protecci\u00f3n de datos, utilizando los siguientes datos de contacto:<\/p>\n<p>KolbCom GmbH<br \/>\n<a href=\"mailto:dsb@braun-maschinenbau.de\">dsb@braun-maschinenbau.de<\/a>[\/vc_column_text][vc_empty_space alter_height=\u00bblarge\u00bb hide_on_mobile=\u00bb\u00bb][\/vc_column][\/vc_row]<\/p>\n","protected":false},"excerpt":{"rendered":"<p>[vc_row][vc_column width=\u00bb1\/2&#8243;][vc_empty_space alter_height=\u00bblarge\u00bb hide_on_mobile=\u00bb\u00bb][vc_column_text] Aviso legal BRAUN Maschinenbau GmbH Albert-Einstein- Stra\u00dfe 10 D-76829 Landau\/Pfalz Tel\u00e9fono: + 49 (0) 63 41 \/ 9 50 55 00 Telefax: + 49 (0) 63 41 \/ 9 50 55 22 E-Mail: info@braun-maschinenbau.de Gerente: Stefan&hellip;<\/p>\n","protected":false},"author":1,"featured_media":0,"parent":0,"menu_order":0,"comment_status":"closed","ping_status":"closed","template":"","meta":[],"_links":{"self":[{"href":"https:\/\/braun-maschinenbau.info\/es\/wp-json\/wp\/v2\/pages\/2344"}],"collection":[{"href":"https:\/\/braun-maschinenbau.info\/es\/wp-json\/wp\/v2\/pages"}],"about":[{"href":"https:\/\/braun-maschinenbau.info\/es\/wp-json\/wp\/v2\/types\/page"}],"author":[{"embeddable":true,"href":"https:\/\/braun-maschinenbau.info\/es\/wp-json\/wp\/v2\/users\/1"}],"replies":[{"embeddable":true,"href":"https:\/\/braun-maschinenbau.info\/es\/wp-json\/wp\/v2\/comments?post=2344"}],"version-history":[{"count":14,"href":"https:\/\/braun-maschinenbau.info\/es\/wp-json\/wp\/v2\/pages\/2344\/revisions"}],"predecessor-version":[{"id":5812,"href":"https:\/\/braun-maschinenbau.info\/es\/wp-json\/wp\/v2\/pages\/2344\/revisions\/5812"}],"wp:attachment":[{"href":"https:\/\/braun-maschinenbau.info\/es\/wp-json\/wp\/v2\/media?parent=2344"}],"curies":[{"name":"wp","href":"https:\/\/api.w.org\/{rel}","templated":true}]}}