{"id":2366,"date":"2018-07-22T15:28:42","date_gmt":"2018-07-22T14:28:42","guid":{"rendered":"http:\/\/braun-maschinenbau.info\/jobs-karriere\/"},"modified":"2021-01-07T11:50:19","modified_gmt":"2021-01-07T10:50:19","slug":"jobs-karriere","status":"publish","type":"page","link":"https:\/\/braun-maschinenbau.info\/es\/jobs-karriere\/","title":{"rendered":"Empleos y carrera profesional"},"content":{"rendered":"<p>[vc_row][vc_column][vc_empty_space alter_height=\u00bblarge\u00bb hide_on_mobile=\u00bb\u00bb css=\u00bb.vc_custom_1489047420985{margin-bottom: 0.2rem !important;}\u00bb]<div id=\"sc_title_352295790\"\n\t\tclass=\"sc_title sc_title_default\"><h6 class=\"sc_item_subtitle sc_title_subtitle sc_align_center sc_item_title_style_default\">Buscamos refuerzo<\/h6><h2 class=\"sc_item_title sc_title_title sc_align_center sc_item_title_style_default sc_item_title_tag\">Ofertas de trabajo actuales<\/h2><\/div><!-- \/.sc_title -->[vc_empty_space alter_height=\u00bbmedium\u00bb hide_on_mobile=\u00bb\u00bb][vc_column_text]<\/p>\n<h4 style=\"text-align: center;\">Braun Maschinenbau GmbH desarrolla y produce desde hace 60 a\u00f1os equipos especialmente para el cultivo ecol\u00f3gico de la tierra en la viticultura y la fruticultura, y los vende en todo el mundo a trav\u00e9s de su propia red de distribuidores. La innovaci\u00f3n y la calidad son las prioridades de la empresa familiar de Renania-Palatinado.<\/h4>\n<p>[\/vc_column_text][vc_empty_space alter_height=\u00bbmedium\u00bb hide_on_mobile=\u00bb\u00bb][\/vc_column][\/vc_row][vc_row][vc_column width=\u00bb1\/2&#8243;][vc_single_image image=\u00bb2371&#8243; img_size=\u00bblarge\u00bb][vc_empty_space alter_height=\u00bbsmall\u00bb hide_on_mobile=\u00bb\u00bb css=\u00bb.vc_custom_1489048815012{margin-top: 0.35rem !important;}\u00bb][vc_column_text]Uno de los puntos fuertes de Braun Maschinenbau GmbH es la promoci\u00f3n del talento joven y el desarrollo del personal. La empresa forma a mec\u00e1nicos y mec\u00e1nicas de precisi\u00f3n y ofrece a la gente joven oportunidades de desarrollo y promoci\u00f3n dentro de la empresa.<\/p>\n<p>Los alumnos y alumnas de Ingenier\u00eda Mec\u00e1nica e Ingenier\u00eda Industrial tienen la oportunidad de realizar en nuestra empresa su Trabajo de Fin de Grado orientado a la pr\u00e1ctica o de realizar pr\u00e1cticas laborales. La pr\u00f3xima temporada contrataremos de nuevo a j\u00f3venes que deseen completar su formaci\u00f3n especializada en nuestra empresa.[\/vc_column_text][vc_empty_space alter_height=\u00bbsmall\u00bb hide_on_mobile=\u00bb\u00bb][vc_single_image image=\u00bb2372&#8243; img_size=\u00bblarge\u00bb][vc_empty_space alter_height=\u00bbbiggest\u00bb hide_on_mobile=\u00bb\u00bb][\/vc_column][vc_column width=\u00bb1\/2&#8243;][vc_tta_accordion shape=\u00bbsquare\u00bb c_icon=\u00bbchevron\u00bb c_position=\u00bbright\u00bb active_section=\u00bb0&#8243; no_fill=\u00bbtrue\u00bb collapsible_all=\u00bbtrue\u00bb el_class=\u00bbjob_Info_wrapper\u00bb][vc_tta_section title=\u00bbPersonal de ventas en la oficina y en el servicio de campo \u00bb tab_id=\u00bb1479118119676-0c143415-f00f\u00bb el_class=\u00bbhide\u00bb][vc_column_text]<strong>A<\/strong>[\/vc_column_text]<div class=\"sc_item_button sc_button_wrap\"><a href=\"mailto:benkel@benkel-management.de\" id=\"sc_button_181827906\" class=\"sc_button sc_button_default sc_button_size_normal sc_button_icon_left\"><span class=\"sc_button_text\"><span class=\"sc_button_title\">Jetzt bewerben<\/span><\/span><!-- \/.sc_button_text --><\/a><!-- \/.sc_button --><\/div><!-- \/.sc_item_button -->[\/vc_tta_section][vc_tta_section title=\u00bbEmpleados\/-as de almac\u00e9n\u00bb tab_id=\u00bb1521478654653-8bc547fb-fec6&#8243; el_class=\u00bbhide\u00bb][vc_column_text]<\/p>\n<p style=\"font-weight: 400;\"><strong>A<\/strong><\/p>\n<p>[\/vc_column_text]<div class=\"sc_item_button sc_button_wrap\"><a href=\"mailto:benkel@benkel-management.de\" id=\"sc_button_921171285\" class=\"sc_button sc_button_default sc_button_size_normal sc_button_icon_left\"><span class=\"sc_button_text\"><span class=\"sc_button_title\">Jetzt bewerben<\/span><\/span><!-- \/.sc_button_text --><\/a><!-- \/.sc_button --><\/div><!-- \/.sc_item_button -->[\/vc_tta_section][vc_tta_section title=\u00bbPersonal para roblonado y soldadores\/-as\u00bb tab_id=\u00bb1479118320566-27f5d3ff-7fd7&#8243;][vc_column_text]F[\/vc_column_text]<div class=\"sc_item_button sc_button_wrap\"><a href=\"mailto:r.braun@braun-maschinenbau.de\" id=\"sc_button_1527200015\" class=\"sc_button sc_button_default sc_button_size_normal sc_button_icon_left\"><span class=\"sc_button_text\"><span class=\"sc_button_title\">jetzt bewerben<\/span><\/span><!-- \/.sc_button_text --><\/a><!-- \/.sc_button --><\/div><!-- \/.sc_item_button -->[\/vc_tta_section][vc_tta_section title=\u00bbMec\u00e1nicos\/-as de precisi\u00f3n\u00bb tab_id=\u00bb1479118351425-27416a83-cfdb\u00bb el_class=\u00bbhide\u00bb][vc_column_text]F[\/vc_column_text]<div class=\"sc_item_button sc_button_wrap\"><a href=\"mailto:r.braun@braun-maschinenbau.de\" id=\"sc_button_42501860\" class=\"sc_button sc_button_default sc_button_size_normal sc_button_icon_left\"><span class=\"sc_button_text\"><span class=\"sc_button_title\">jetzt bewerben<\/span><\/span><!-- \/.sc_button_text --><\/a><!-- \/.sc_button --><\/div><!-- \/.sc_item_button -->[\/vc_tta_section][vc_tta_section title=\u00bbMontadores\/-as de estructuras met\u00e1licas\u00bb tab_id=\u00bb1487254986871-d428d906-c17c\u00bb][vc_column_text]F[\/vc_column_text]<div class=\"sc_item_button sc_button_wrap\"><a href=\"mailto:r.braun@braun-maschinenbau.de\" id=\"sc_button_1396508226\" class=\"sc_button sc_button_default sc_button_size_normal sc_button_icon_left\"><span class=\"sc_button_text\"><span class=\"sc_button_title\">jetzt bewerben<\/span><\/span><!-- \/.sc_button_text --><\/a><!-- \/.sc_button --><\/div><!-- \/.sc_item_button -->[\/vc_tta_section][\/vc_tta_accordion][vc_empty_space alter_height=\u00bbhuge\u00bb hide_on_mobile=\u00bb\u00bb][\/vc_column][\/vc_row]<\/p>\n","protected":false},"excerpt":{"rendered":"<p>[vc_row][vc_column][vc_empty_space alter_height=\u00bblarge\u00bb hide_on_mobile=\u00bb\u00bb css=\u00bb.vc_custom_1489047420985{margin-bottom: 0.2rem !important;}\u00bb][vc_empty_space alter_height=\u00bbmedium\u00bb hide_on_mobile=\u00bb\u00bb][vc_column_text] Braun Maschinenbau GmbH desarrolla y produce desde hace 60 a\u00f1os equipos especialmente para el cultivo ecol\u00f3gico de la tierra en la viticultura y la fruticultura, y los vende en todo el mundo&hellip;<\/p>\n","protected":false},"author":1,"featured_media":0,"parent":0,"menu_order":0,"comment_status":"closed","ping_status":"closed","template":"","meta":[],"_links":{"self":[{"href":"https:\/\/braun-maschinenbau.info\/es\/wp-json\/wp\/v2\/pages\/2366"}],"collection":[{"href":"https:\/\/braun-maschinenbau.info\/es\/wp-json\/wp\/v2\/pages"}],"about":[{"href":"https:\/\/braun-maschinenbau.info\/es\/wp-json\/wp\/v2\/types\/page"}],"author":[{"embeddable":true,"href":"https:\/\/braun-maschinenbau.info\/es\/wp-json\/wp\/v2\/users\/1"}],"replies":[{"embeddable":true,"href":"https:\/\/braun-maschinenbau.info\/es\/wp-json\/wp\/v2\/comments?post=2366"}],"version-history":[{"count":8,"href":"https:\/\/braun-maschinenbau.info\/es\/wp-json\/wp\/v2\/pages\/2366\/revisions"}],"predecessor-version":[{"id":4954,"href":"https:\/\/braun-maschinenbau.info\/es\/wp-json\/wp\/v2\/pages\/2366\/revisions\/4954"}],"wp:attachment":[{"href":"https:\/\/braun-maschinenbau.info\/es\/wp-json\/wp\/v2\/media?parent=2366"}],"curies":[{"name":"wp","href":"https:\/\/api.w.org\/{rel}","templated":true}]}}