{"id":2416,"date":"2018-07-22T15:31:55","date_gmt":"2018-07-22T14:31:55","guid":{"rendered":"http:\/\/braun-maschinenbau.info\/kooperationen-tu-kaiserslautern\/"},"modified":"2020-03-27T18:56:13","modified_gmt":"2020-03-27T17:56:13","slug":"kooperationen-tu-kaiserslautern","status":"publish","type":"page","link":"https:\/\/braun-maschinenbau.info\/es\/kooperationen-tu-kaiserslautern\/","title":{"rendered":"Cooperaciones | Universidad T\u00e9cnica de Kaiserslautern (UTK)"},"content":{"rendered":"<p>[vc_row][vc_column][vc_empty_space alter_height=\u00bblarge\u00bb hide_on_mobile=\u00bb\u00bb][vc_column_text]<\/p>\n<h4 style=\"text-align: center;\">La Universidad T\u00e9cnica de Kaiserslautern apuesta por el saber hacer de BRAUN Maschinenbau para sus proyectos de investigaci\u00f3n orientados a los negocios. De este modo, Stefan Braun (hijo) participa en dos proyectos de la UTK como socio industrial.<\/h4>\n<p>[\/vc_column_text][vc_empty_space alter_height=\u00bblarge\u00bb hide_on_mobile=\u00bb\u00bb]<div id=\"sc_title_1529447751\"\n\t\tclass=\"sc_title sc_title_default\"><h2 class=\"sc_item_title sc_title_title sc_align_center sc_item_title_style_default sc_item_title_tag\">Cooperaciones industriales con la UT de Kaiserslautern<\/h2><\/div><!-- \/.sc_title -->[vc_empty_space alter_height=\u00bbmedium\u00bb hide_on_mobile=\u00bb\u00bb][vc_column_text]<\/p>\n<p style=\"text-align: center;\">\u00abEl empe\u00f1o de la UE en limitar a\u00fan m\u00e1s el uso de herbicidas en Europa nos ayuda a reafirmarnos en que hemos sabido reconocer las se\u00f1ales de cambio de nuestro tiempo\u00bb, afirma el propietario y gerente, Stefan Braun (hijo).<\/p>\n<p style=\"text-align: center;\">Con el fin de desempe\u00f1ar un papel de liderazgo en la configuraci\u00f3n de las tendencias de desarrollo futuras, Braun trabaja estrechamente con la Universidad T\u00e9cnica de Kaiserslautern desde hace diez a\u00f1os. El resultado de estos a\u00f1os se compone de 23 proyectos de fin de carrera y tesinas, as\u00ed como tres proyectos de investigaci\u00f3n: KoPiKomp, ServKon e InnoProm. El proyecto cooperativo de investigaci\u00f3n \u00abKoPiKomp\u00bb se fij\u00f3 como objetivo desarrollar un \u00abconcepto global para la protecci\u00f3n contra la pirater\u00eda de componentes de bienes de capital\u00bb. El proyecto \u00abServKon\u00bb consisti\u00f3 en desarrollar un concepto general para la evaluaci\u00f3n integrada de los beneficios de los sistemas Producto-Servicio. En el marco del proyecto \u00abInnoProm\u00bb, Stefan Braun y la Universidad T\u00e9cnica de Kaiserslautern desarrollaron en conjunto un concepto para evaluar la productividad y la calidad de servicios asociados a productos.<\/p>\n<p>[\/vc_column_text][vc_empty_space alter_height=\u00bbmedium\u00bb hide_on_mobile=\u00bb\u00bb][vc_tta_tabs shape=\u00bbsquare\u00bb active_section=\u00bb1&#8243; no_fill_content_area=\u00bbtrue\u00bb][vc_tta_section title=\u00bbKoPiKomp\u00bb tab_id=\u00bb1487244145296-2b354d53-c60a\u00bb][vc_row_inner][vc_column_inner width=\u00bb1\/2&#8243;][vc_single_image image=\u00bb2427&#8243; img_size=\u00bbfull\u00bb alignment=\u00bbcenter\u00bb][\/vc_column_inner][vc_column_inner width=\u00bb1\/2&#8243;][vc_column_text]El proyecto cooperativo de investigaci\u00f3n \u00abKoPiKomp\u00bb se fij\u00f3 como objetivo desarrollar un \u00abconcepto global para la protecci\u00f3n contra la pirater\u00eda de componentes de bienes de capital\u00bb. El objetivo es aumentar la transparencia sobre los piratas de productos que existen y la clasificaci\u00f3n de los diversos componentes de bienes de capital. Este concepto permite a los fabricantes originales llevar a cabo un an\u00e1lisis de pirater\u00eda espec\u00edfico y la adopci\u00f3n de medidas de protecci\u00f3n adecuadas sobre la base de la obtenci\u00f3n y gesti\u00f3n integral de la informaci\u00f3n.<\/p>\n<p>La empresa BRAUN tambi\u00e9n se puede beneficiar de los resultados representativos logrados en cooperaci\u00f3n con varios socios de proyecto procedentes del sector de maquinaria agr\u00edcola y de construcci\u00f3n.[\/vc_column_text][\/vc_column_inner][\/vc_row_inner][\/vc_tta_section][vc_tta_section title=\u00bbServKon\u00bb tab_id=\u00bb1487244145312-2a5d7dde-c5ce\u00bb][vc_row_inner][vc_column_inner width=\u00bb1\/2&#8243;][vc_single_image image=\u00bb2422&#8243; img_size=\u00bbfull\u00bb alignment=\u00bbcenter\u00bb][\/vc_column_inner][vc_column_inner width=\u00bb1\/2&#8243;][vc_column_text]\u00abMade in Germany\u00bb sigue siendo un s\u00edmbolo representativo de bienes de capital innovadores y de alta calidad en todo el mundo. Para poder tambi\u00e9n en el futuro vencer a la competencia internacional, los fabricantes alemanes deben justificar de manera convincente el nivel de precios generalmente alto de sus servicios mediante un valor a\u00f1adido objetivamente l\u00f3gico.<br \/>\nEn este contexto, el proyecto cooperativo de investigaci\u00f3n \u00abServKon\u00bb pretende desarrollar un concepto global para la evaluaci\u00f3n integrada de los beneficios de los sistemas Producto-Servicio tomando como ejemplo a los fabricantes de veh\u00edculos comerciales de tama\u00f1o peque\u00f1o y medio de Renania-Palatinado, que tambi\u00e9n incluye a BRAUN Maschinenbau GmbH.<\/p>\n<p>El concepto ayuda a los fabricantes de bienes de capital de alta calidad a la hora de ofrecer soluciones personalizadas al cliente con costes operativos optimizados, al tiempo que permite al cliente orientar sus decisiones de inversi\u00f3n hacia los beneficios a largo plazo en lugar de hacia los precios a corto plazo. El objetivo del proyecto \u00abServKon\u00bb es aumentar la capacidad de competencia de los fabricantes de bienes de capital de tama\u00f1o medio.[\/vc_column_text][\/vc_column_inner][\/vc_row_inner][\/vc_tta_section][vc_tta_section title=\u00bbInnoProm\u00bb tab_id=\u00bb1515693362333-2959adbb-3596&#8243;][vc_row_inner][vc_column_inner width=\u00bb1\/2&#8243;][vc_single_image image=\u00bb2417&#8243; img_size=\u00bbfull\u00bb alignment=\u00bbcenter\u00bb][\/vc_column_inner][vc_column_inner width=\u00bb1\/2&#8243;][vc_column_text]<strong>2011-2014: InnoProm &#8211; Innovaci\u00f3n y Promoci\u00f3n<\/strong><br \/>\nProductividad y calidad de productos de servicios[\/vc_column_text][\/vc_column_inner][\/vc_row_inner][\/vc_tta_section][\/vc_tta_tabs][vc_empty_space alter_height=\u00bbbiggest\u00bb hide_on_mobile=\u00bb\u00bb css=\u00bb.vc_custom_1489057329235{margin-bottom: 0.8rem !important;}\u00bb][\/vc_column][\/vc_row]<\/p>\n","protected":false},"excerpt":{"rendered":"<p>[vc_row][vc_column][vc_empty_space alter_height=\u00bblarge\u00bb hide_on_mobile=\u00bb\u00bb][vc_column_text] La Universidad T\u00e9cnica de Kaiserslautern apuesta por el saber hacer de BRAUN Maschinenbau para sus proyectos de investigaci\u00f3n orientados a los negocios. De este modo, Stefan Braun (hijo) participa en dos proyectos de la UTK como socio&hellip;<\/p>\n","protected":false},"author":1,"featured_media":0,"parent":0,"menu_order":0,"comment_status":"closed","ping_status":"closed","template":"","meta":[],"_links":{"self":[{"href":"https:\/\/braun-maschinenbau.info\/es\/wp-json\/wp\/v2\/pages\/2416"}],"collection":[{"href":"https:\/\/braun-maschinenbau.info\/es\/wp-json\/wp\/v2\/pages"}],"about":[{"href":"https:\/\/braun-maschinenbau.info\/es\/wp-json\/wp\/v2\/types\/page"}],"author":[{"embeddable":true,"href":"https:\/\/braun-maschinenbau.info\/es\/wp-json\/wp\/v2\/users\/1"}],"replies":[{"embeddable":true,"href":"https:\/\/braun-maschinenbau.info\/es\/wp-json\/wp\/v2\/comments?post=2416"}],"version-history":[{"count":4,"href":"https:\/\/braun-maschinenbau.info\/es\/wp-json\/wp\/v2\/pages\/2416\/revisions"}],"predecessor-version":[{"id":4537,"href":"https:\/\/braun-maschinenbau.info\/es\/wp-json\/wp\/v2\/pages\/2416\/revisions\/4537"}],"wp:attachment":[{"href":"https:\/\/braun-maschinenbau.info\/es\/wp-json\/wp\/v2\/media?parent=2416"}],"curies":[{"name":"wp","href":"https:\/\/api.w.org\/{rel}","templated":true}]}}