{"id":2517,"date":"2018-07-22T15:33:56","date_gmt":"2018-07-22T14:33:56","guid":{"rendered":"http:\/\/braun-maschinenbau.info\/kooperationen-weinbauschulen\/"},"modified":"2020-03-27T18:56:51","modified_gmt":"2020-03-27T17:56:51","slug":"kooperationen-weinbauschulen","status":"publish","type":"page","link":"https:\/\/braun-maschinenbau.info\/es\/kooperationen-weinbauschulen\/","title":{"rendered":"Cooperaciones | Escuelas de viticultura"},"content":{"rendered":"<p>[vc_row][vc_column][vc_empty_space alter_height=\u00bblarge\u00bb hide_on_mobile=\u00bb\u00bb]<div id=\"sc_title_2063423713\"\n\t\tclass=\"sc_title sc_title_default\"><h2 class=\"sc_item_title sc_title_title sc_align_center sc_item_title_style_default sc_item_title_tag\">Cooperaci\u00f3n con diversas escuelas de viticultura<\/h2><\/div><!-- \/.sc_title -->[vc_empty_space alter_height=\u00bbmedium\u00bb hide_on_mobile=\u00bb\u00bb][vc_column_text]<\/p>\n<p style=\"text-align: center;\">Las instituciones de formaci\u00f3n e investigaci\u00f3n en el \u00e1mbito de la viticultura y la fruticultura contribuyen de forma importante a la transmisi\u00f3n de conocimientos especializados y a la formaci\u00f3n de j\u00f3venes profesionales. Para nosotros tiene una importancia especial el apoyo a estas escuelas de viticultura dedicadas a la transmisi\u00f3n del conocimiento pr\u00e1ctico. Por ello, compartimos nuestra experiencia sobre laboreo del terreno y el uso del apero adecuado en demostraciones y exhibiciones, as\u00ed como en el \u00abD\u00eda de la Tecnolog\u00eda\u00bb de las escuelas de viticultura que se mencionan m\u00e1s adelante.<\/p>\n<p style=\"text-align: center;\">Tambi\u00e9n nos gusta invitar a los aprendices de las escuelas de viticultura a realizar visitas guiadas de nuestra empresa. Esto permite explicar de manera pr\u00e1ctica qu\u00e9 dispositivos concretos se utilizan y c\u00f3mo es de efectiva la preparaci\u00f3n del terreno sin productos qu\u00edmicos.<\/p>\n<p>[\/vc_column_text][vc_empty_space alter_height=\u00bbmedium\u00bb hide_on_mobile=\u00bb\u00bb][vc_tta_tabs shape=\u00bbsquare\u00bb active_section=\u00bb1&#8243; no_fill_content_area=\u00bbtrue\u00bb][vc_tta_section title=\u00bbForschungsanstalt Geisenheim\u00bb tab_id=\u00bb1487244145296-2b354d53-c60a\u00bb][vc_row_inner][vc_column_inner width=\u00bb1\/2&#8243;][vc_single_image image=\u00bb2553&#8243; img_size=\u00bbfull\u00bb alignment=\u00bbcenter\u00bb][\/vc_column_inner][vc_column_inner width=\u00bb1\/2&#8243;][vc_column_text]<\/p>\n<h3><strong>Hochschule Geisenheim University (HGU)<\/strong><\/h3>\n<h4><strong><a href=\"http:\/\/www.hs-geisenheim.de\" target=\"_blank\" rel=\"noopener noreferrer\">www.hs-geisenheim.de<\/a><\/strong><\/h4>\n<p>[\/vc_column_text][\/vc_column_inner][\/vc_row_inner][\/vc_tta_section][vc_tta_section title=\u00bbWeinbauschule Weinsberg\u00bb tab_id=\u00bb1487244145312-2a5d7dde-c5ce\u00bb][vc_row_inner][vc_column_inner width=\u00bb1\/2&#8243;][vc_single_image image=\u00bb2518&#8243; img_size=\u00bbfull\u00bb alignment=\u00bbcenter\u00bb][\/vc_column_inner][vc_column_inner width=\u00bb1\/2&#8243;][vc_column_text]<\/p>\n<h3><strong>Staatliche Lehr- und Versuchsanstalt f\u00fcr Wein- und Obstbau Weinsberg<br \/>\n<\/strong><\/h3>\n<h4><a href=\"http:\/\/www.lvwo-bw.de\/\" target=\"_blank\" rel=\"noopener noreferrer\">www.lvwo-bw.de<\/a><\/h4>\n<p>[\/vc_column_text][\/vc_column_inner][\/vc_row_inner][\/vc_tta_section][vc_tta_section title=\u00bbWeincampus Neustadt\u00bb tab_id=\u00bb1519666156063-27b95e45-1e88&#8243;][vc_row_inner][vc_column_inner width=\u00bb1\/2&#8243;][vc_single_image image=\u00bb2543&#8243; img_size=\u00bbfull\u00bb alignment=\u00bbcenter\u00bb][\/vc_column_inner][vc_column_inner width=\u00bb1\/2&#8243;][vc_column_text]<\/p>\n<h3><strong>Weincampus Neustadt<\/strong><\/h3>\n<h4><a href=\"https:\/\/www.weincampus-neustadt.de\/\" target=\"_blank\" rel=\"noopener noreferrer\">www.weincampus-neustadt.de<\/a><\/h4>\n<p>[\/vc_column_text][\/vc_column_inner][\/vc_row_inner][\/vc_tta_section][vc_tta_section title=\u00bbLWG\u00bb tab_id=\u00bb1519666260449-9eb00097-dcb5&#8243;][vc_row_inner][vc_column_inner width=\u00bb1\/2&#8243;][vc_single_image image=\u00bb2533&#8243; img_size=\u00bbfull\u00bb alignment=\u00bbcenter\u00bb][\/vc_column_inner][vc_column_inner width=\u00bb1\/2&#8243;][vc_column_text]<\/p>\n<h3 class=\"r\"><strong>Bayerische Landesanstalt f\u00fcr Weinbau und Gartenbau<\/strong><\/h3>\n<h4><a href=\"https:\/\/www.lwg.bayern.de\/\" target=\"_blank\" rel=\"noopener noreferrer\">www.lwg.bayern.de<\/a><\/h4>\n<p>[\/vc_column_text][\/vc_column_inner][\/vc_row_inner][\/vc_tta_section][vc_tta_section title=\u00bbDEULA\u00bb tab_id=\u00bb1519666279028-b0a22285-855a\u00bb][vc_row_inner][vc_column_inner width=\u00bb1\/2&#8243;][vc_single_image image=\u00bb2528&#8243; img_size=\u00bbfull\u00bb alignment=\u00bbcenter\u00bb][\/vc_column_inner][vc_column_inner width=\u00bb1\/2&#8243;][vc_column_text]<\/p>\n<h3 class=\"r\"><strong>Deutsche Lehranstalt f\u00fcr Agrartechnik, Bundesverband DEULA e.V.<\/strong><\/h3>\n<h4><a href=\"https:\/\/www.deula.de\/\" target=\"_blank\" rel=\"noopener noreferrer\">www.deula.de<\/a><\/h4>\n<p>[\/vc_column_text][\/vc_column_inner][\/vc_row_inner][\/vc_tta_section][\/vc_tta_tabs][vc_empty_space alter_height=\u00bbbiggest\u00bb hide_on_mobile=\u00bb\u00bb css=\u00bb.vc_custom_1489057329235{margin-bottom: 0.8rem !important;}\u00bb][\/vc_column][\/vc_row]<\/p>\n","protected":false},"excerpt":{"rendered":"<p>[vc_row][vc_column][vc_empty_space alter_height=\u00bblarge\u00bb hide_on_mobile=\u00bb\u00bb][vc_empty_space alter_height=\u00bbmedium\u00bb hide_on_mobile=\u00bb\u00bb][vc_column_text] Las instituciones de formaci\u00f3n e investigaci\u00f3n en el \u00e1mbito de la viticultura y la fruticultura contribuyen de forma importante a la transmisi\u00f3n de conocimientos especializados y a la formaci\u00f3n de j\u00f3venes profesionales. Para nosotros tiene&hellip;<\/p>\n","protected":false},"author":1,"featured_media":0,"parent":0,"menu_order":0,"comment_status":"closed","ping_status":"closed","template":"","meta":[],"_links":{"self":[{"href":"https:\/\/braun-maschinenbau.info\/es\/wp-json\/wp\/v2\/pages\/2517"}],"collection":[{"href":"https:\/\/braun-maschinenbau.info\/es\/wp-json\/wp\/v2\/pages"}],"about":[{"href":"https:\/\/braun-maschinenbau.info\/es\/wp-json\/wp\/v2\/types\/page"}],"author":[{"embeddable":true,"href":"https:\/\/braun-maschinenbau.info\/es\/wp-json\/wp\/v2\/users\/1"}],"replies":[{"embeddable":true,"href":"https:\/\/braun-maschinenbau.info\/es\/wp-json\/wp\/v2\/comments?post=2517"}],"version-history":[{"count":5,"href":"https:\/\/braun-maschinenbau.info\/es\/wp-json\/wp\/v2\/pages\/2517\/revisions"}],"predecessor-version":[{"id":4539,"href":"https:\/\/braun-maschinenbau.info\/es\/wp-json\/wp\/v2\/pages\/2517\/revisions\/4539"}],"wp:attachment":[{"href":"https:\/\/braun-maschinenbau.info\/es\/wp-json\/wp\/v2\/media?parent=2517"}],"curies":[{"name":"wp","href":"https:\/\/api.w.org\/{rel}","templated":true}]}}