{"id":2851,"date":"2018-07-22T16:01:33","date_gmt":"2018-07-22T15:01:33","guid":{"rendered":"http:\/\/braun-maschinenbau.info\/unsere-produkte\/"},"modified":"2018-09-13T17:41:41","modified_gmt":"2018-09-13T16:41:41","slug":"unsere-produkte","status":"publish","type":"page","link":"https:\/\/braun-maschinenbau.info\/es\/unsere-produkte\/","title":{"rendered":"Nuestros productos"},"content":{"rendered":"<p>[vc_row][vc_column][vc_empty_space alter_height=\u00bblarge\u00bb hide_on_mobile=\u00bb\u00bb][vc_column_text]<\/p>\n<h4 style=\"text-align: center; font-weight: bold;\">\u00a1Cepas limpias sin agentes qu\u00edmicos!<\/h4>\n<p style=\"text-align: center;\">Somos especialistas en la eliminaci\u00f3n de malas hierbas de forma mec\u00e1nica y en el laboreo ecol\u00f3gico del suelo en viticultura y fruticultura.<\/p>\n<p>[\/vc_column_text][vc_empty_space alter_height=\u00bbmedium\u00bb hide_on_mobile=\u00bb\u00bb][vc_column_text]<\/p>\n<h4 style=\"text-align: center; font-weight: bold;\">\u00a1Sistema modular para un suelo lleno de vida!<\/h4>\n<p style=\"text-align: center;\">El dise\u00f1o constructivo modular de los equipos permite una adaptaci\u00f3n flexible a todas las situaciones de trabajo requeridas.<br \/>\nTodos los equipos b\u00e1sicos unitarios son debido a ello ampliables modularmente, de modo que podemos ofrecer a cada cliente una soluci\u00f3n individual y personalizada a un buen precio.<\/p>\n<p>[\/vc_column_text][vc_empty_space alter_height=\u00bbmedium\u00bb hide_on_mobile=\u00bb\u00bb][vc_column_text]<\/p>\n<h4 style=\"text-align: center; font-weight: bold;\">Desarrollado a partir de la pr\u00e1ctica \u2013 probado en la pr\u00e1ctica<\/h4>\n<p style=\"text-align: center;\">Prueba de la calidad de los productos Braun es tambi\u00e9n el distintivo DLG Signum Test conseguido al superar las pruebas de la DLG (Sociedad Alemana de Agricultura).<br \/>\nVarios productos han sido galardonados con el Premio a la Innovaci\u00f3n.<\/p>\n<p>[\/vc_column_text][\/vc_column][\/vc_row][vc_row][vc_column]<div class=\"sc_layouts sc_layouts_default sc_layouts_3008\">[vc_row][vc_column icons_position=\"left\"][vc_empty_space alter_height=\"large\" hide_on_mobile=\"\"][\/vc_column][\/vc_row][vc_row el_class=\"product_details\"][vc_column width=\"1\/3\" icons_position=\"left\"]<div class=\"sc_layouts_item\"><div id=\"sc_icons_1853796537\" \n\tclass=\"sc_icons sc_icons_default sc_icons_size_large sc_align_center\"><div class=\"sc_icons_item\"><div class=\"sc_icons_image\"><img src=\"https:\/\/braun-maschinenbau.info\/wp-content\/uploads\/2017\/03\/1-SS-Produkte-LUV-Farbmarke-e1510600168251.png\" alt=\"\" width=\"600\" height=\"539\"><\/div><\/div><\/div><!-- \/.sc_icons --><\/div>[vc_column_text css=\".vc_custom_1536855497027{padding-right: 30px !important;padding-left: 30px !important;}\"]\r\n<h3>Brazo intercepas LUV Perfekt | LUV Modular<\/h3>\r\n<ul>\r\n \t<li><span style=\"color: #787878;\">El aparato b\u00e1sico LUV modular ampliable a intercepas rotativo o a arado<\/span><\/li>\r\n \t<li><span style=\"color: #787878;\">Para la eliminaci\u00f3n de malas hierbas entre los troncos de las cepas<\/span><\/li>\r\n \t<li><span style=\"color: #787878;\">Para mullir la tierra alrededor de las cepas<\/span><\/li>\r\n<\/ul>\r\n[\/vc_column_text][vc_empty_space hide_on_mobile=\"\"][vc_raw_html el_class=\"prod_detail_html\"]JTNDYSUyMGhyZWYlM0QlMjIlMkZ3cC1jb250ZW50JTJGdXBsb2FkcyUyRjIwMTglMkYwOSUyRkxVVi1Nb2R1bGFyLTIwMTgtc3Bhbi1QT1MucGRmJTIyJTIwdGFyZ2V0JTNEJTIyX2JsYW5rJTIyJTIwcmVsJTNEJTIybm9vcGVuZXIlMjIlM0VGb2xsZXRvJTIwZGUlMjBwcm9kdWN0byUzQyUyRmElM0UlQzIlQTAlMjAlN0MlQzIlQTAlQzIlQTAlM0NhJTIwaHJlZiUzRCUyMiUyRmVzJTJGbG9lZmZlbHNjaGFyLXVudGVyc3RvY2tyYWV1bWVyLWx1di1wZXJmZWt0LWx1di1tb2R1bGFyJTJGJTIzc2NfYW5jaG9yX3ZpZGVvcyUyMiUzRVYlQzMlQURkZW8lMjBkZSUyMHByb2R1Y3RvJTNDJTJGYSUzRSVDMiVBMCUyMCU3QyVDMiVBMCVDMiVBMCUzQ2ElMjBocmVmJTNEJTIyJTJGZXMlMkZsb2VmZmVsc2NoYXItdW50ZXJzdG9ja3JhZXVtZXItbHV2LXBlcmZla3QtbHV2LW1vZHVsYXIlMkYlMjIlM0VHYWxlciVDMyVBRGElMjBkZSUyMGltJUMzJUExZ2VuZXMlM0MlMkZhJTNF[\/vc_raw_html][\/vc_column][vc_column width=\"1\/3\" icons_position=\"left\"]<div class=\"sc_layouts_item\"><div id=\"sc_icons_871103673\" \n\tclass=\"sc_icons sc_icons_default sc_icons_size_large sc_align_center\"><div class=\"sc_icons_item\"><div class=\"sc_icons_image\"><img src=\"https:\/\/braun-maschinenbau.info\/wp-content\/uploads\/2017\/03\/2-SS-Produkte-Rollhacke-Farbmarke-e1510600307736.png\" alt=\"\" width=\"600\" height=\"539\"><\/div><\/div><\/div><!-- \/.sc_icons --><\/div>[vc_column_text css=\".vc_custom_1536855628778{padding-right: 30px !important;padding-left: 30px !important;}\"]\r\n<h3>Azada giratoria<\/h3>\r\n<ul>\r\n \t<li><span style=\"color: #787878;\">Manejo sencillo y ajuste sin herramientas<\/span><\/li>\r\n \t<li><span style=\"color: #787878;\">Para la eliminaci\u00f3n de malas hierbas entre los troncos de las cepas<\/span><\/li>\r\n \t<li><span style=\"color: #787878;\">Para mullir la tierra a lo largo de las hileras de cepas<\/span><\/li>\r\n<\/ul>\r\n[\/vc_column_text][vc_empty_space hide_on_mobile=\"\"][vc_raw_html el_class=\"prod_detail_html\"]JTNDYSUyMGhyZWYlM0QlMjIlMkZ3cC1jb250ZW50JTJGdXBsb2FkcyUyRjIwMTglMkYwOSUyRlJvbGxoYWNrZS0yMDE4LXNwYW4tUE9TLnBkZiUyMiUyMHRhcmdldCUzRCUyMl9ibGFuayUyMiUyMHJlbCUzRCUyMm5vb3BlbmVyJTIyJTNFRm9sbGV0byUyMGRlJTIwcHJvZHVjdG8lM0MlMkZhJTNFJUMyJUEwJTIwJTdDJUMyJUEwJUMyJUEwJTNDYSUyMGhyZWYlM0QlMjIlMkZlcyUyRnJvbGxoYWNrZSUyRiUyM3NjX2FuY2hvcl92aWRlb3MlMjIlM0VWJUMzJUFEZGVvJTIwZGUlMjBwcm9kdWN0byUzQyUyRmElM0UlQzIlQTAlMjAlN0MlQzIlQTAlQzIlQTAlM0NhJTIwaHJlZiUzRCUyMiUyRmVzJTJGcm9sbGhhY2tlJTJGJTIyJTNFR2FsZXIlQzMlQURhJTIwZGUlMjBpbSVDMyVBMWdlbmVzJTNDJTJGYSUzRQ==[\/vc_raw_html][\/vc_column][vc_column width=\"1\/3\" icons_position=\"left\"]<div class=\"sc_layouts_item\"><div id=\"sc_icons_69764798\" \n\tclass=\"sc_icons sc_icons_default sc_icons_size_large sc_align_center\"><div class=\"sc_icons_item\"><div class=\"sc_icons_image\"><img src=\"https:\/\/braun-maschinenbau.info\/wp-content\/uploads\/2017\/03\/3-SS-Produkte-Scheibenpflug-Farbmarke-e1510600706703.png\" alt=\"\" width=\"600\" height=\"539\"><\/div><\/div><\/div><!-- \/.sc_icons --><\/div>[vc_column_text css=\".vc_custom_1536855714900{padding-right: 30px !important;padding-left: 30px !important;}\"]\r\n<h3>Arado de disco<\/h3>\r\n<ul>\r\n \t<li><span style=\"color: #787878;\">Manejo sencillo y ajuste sin herramientas<\/span><\/li>\r\n \t<li><span style=\"color: #787878;\">Para la eliminaci\u00f3n de malas hierbas entre los troncos de las cepas<\/span><\/li>\r\n \t<li><span style=\"color: #787878;\">Para mullir la tierra a lo largo de las hileras de cepas<\/span><\/li>\r\n<\/ul>\r\n[\/vc_column_text][vc_empty_space hide_on_mobile=\"\"][vc_raw_html el_class=\"prod_detail_html\"]JTNDYSUyMGhyZWYlM0QlMjIlMkZ3cC1jb250ZW50JTJGdXBsb2FkcyUyRjIwMTglMkYwOSUyRlNjaGVpYmVucGZsdWctMjAxOC1zcGFuLVBPUy5wZGYlMjIlMjB0YXJnZXQlM0QlMjJfYmxhbmslMjIlMjByZWwlM0QlMjJub29wZW5lciUyMiUzRUZvbGxldG8lMjBkZSUyMHByb2R1Y3RvJTNDJTJGYSUzRSVDMiVBMCUyMCU3QyVDMiVBMCVDMiVBMCUzQ2ElMjBocmVmJTNEJTIyJTJGZXMlMkZzY2hlaWJlbnBmbHVnJTJGJTIzc2NfYW5jaG9yX3ZpZGVvcyUyMiUzRVYlQzMlQURkZW8lMjBkZSUyMHByb2R1Y3RvJTNDJTJGYSUzRSVDMiVBMCUyMCU3QyVDMiVBMCVDMiVBMCUzQ2ElMjBocmVmJTNEJTIyJTJGZXMlMkZzY2hlaWJlbnBmbHVnJTJGJTIyJTNFR2FsZXIlQzMlQURhJTIwZGUlMjBpbSVDMyVBMWdlbmVzJTNDJTJGYSUzRQ==[\/vc_raw_html][\/vc_column][vc_column icons_position=\"left\"][vc_empty_space alter_height=\"medium\" hide_on_mobile=\"\"][\/vc_column][\/vc_row][vc_row el_class=\"product_details\"][vc_column width=\"1\/3\" icons_position=\"left\"]<div class=\"sc_layouts_item\"><div id=\"sc_icons_1331630821\" \n\tclass=\"sc_icons sc_icons_default sc_icons_size_large sc_align_center\"><div class=\"sc_icons_item\"><div class=\"sc_icons_image\"><img src=\"https:\/\/braun-maschinenbau.info\/wp-content\/uploads\/2017\/03\/4-SS-Produkte-RP-Farbmarke-e1510601102488.png\" alt=\"\" width=\"600\" height=\"539\"><\/div><\/div><\/div><!-- \/.sc_icons --><\/div>[vc_column_text css=\".vc_custom_1536855810743{padding-right: 30px !important;padding-left: 30px !important;}\"]\r\n<h3>Desbrotadora <em>W1<\/em> \/ <em>W2<\/em><\/h3>\r\n<ul>\r\n \t<li><span style=\"color: #787878;\">Para eliminar los chupones<\/span><\/li>\r\n \t<li><span style=\"color: #787878;\">Para acolchar el terreno entre las cepas<\/span><\/li>\r\n \t<li><span style=\"color: #787878;\">Para verter los sarmientos de acolchado hacia el centro de la calle entre las hileras<\/span><\/li>\r\n<\/ul>\r\n[\/vc_column_text][vc_empty_space hide_on_mobile=\"\"][vc_raw_html el_class=\"prod_detail_html\"]JTNDYSUyMGhyZWYlM0QlMjIlMkZ3cC1jb250ZW50JTJGdXBsb2FkcyUyRjIwMTglMkYwOSUyRlJlYnN0YW1tcHV0emVyLTIwMTMtc3Bhbi1QT1MucGRmJTIyJTIwdGFyZ2V0JTNEJTIyX2JsYW5rJTIyJTIwcmVsJTNEJTIybm9vcGVuZXIlMjIlM0VGb2xsZXRvJTIwZGUlMjBwcm9kdWN0byUzQyUyRmElM0UlQzIlQTAlMjAlN0MlQzIlQTAlQzIlQTAlM0NhJTIwaHJlZiUzRCUyMiUyRmVzJTJGcmVic3RhbW1wdXR6ZXItdzEtdzIlMkYlMjNzY19hbmNob3JfdmlkZW9zJTIyJTNFViVDMyVBRGRlbyUyMGRlJTIwcHJvZHVjdG8lM0MlMkZhJTNFJUMyJUEwJTIwJTdDJUMyJUEwJUMyJUEwJTNDYSUyMGhyZWYlM0QlMjIlMkZlcyUyRnJlYnN0YW1tcHV0emVyLXcxLXcyJTJGJTIyJTNFR2FsZXIlQzMlQURhJTIwZGUlMjBpbSVDMyVBMWdlbmVzJTNDJTJGYSUzRQ==[\/vc_raw_html][\/vc_column][vc_column width=\"1\/3\" icons_position=\"left\"]<div class=\"sc_layouts_item\"><div id=\"sc_icons_1999844112\" \n\tclass=\"sc_icons sc_icons_default sc_icons_size_large sc_align_center\"><div class=\"sc_icons_item\"><div class=\"sc_icons_image\"><img src=\"https:\/\/braun-maschinenbau.info\/wp-content\/uploads\/2017\/03\/5-SS-Produkte-VG-Farbmarke-e1510601235276.png\" alt=\"\" width=\"600\" height=\"539\"><\/div><\/div><\/div><!-- \/.sc_icons --><\/div>[vc_column_text css=\".vc_custom_1536858029613{padding-right: 30px !important;padding-left: 30px !important;}\"]\r\n<h3>Cultivador\u00a0<em>Vario<\/em><\/h3>\r\n<ul>\r\n \t<li><span style=\"color: #787878;\">Bastidor de base modular ampliable para todos los trabajos de preparaci\u00f3n del suelo<\/span><\/li>\r\n \t<li><span style=\"color: #787878;\">Para mullir la estructura dura del terreno<\/span><\/li>\r\n \t<li><span style=\"color: #808080;\">Para airear y regenerar las calles de hierba cubiertas de musgo<\/span><\/li>\r\n<\/ul>\r\n[\/vc_column_text][vc_empty_space hide_on_mobile=\"\"][vc_raw_html el_class=\"prod_detail_html\"]JTNDYSUyMGhyZWYlM0QlMjIlMkZ3cC1jb250ZW50JTJGdXBsb2FkcyUyRjIwMTglMkYwOSUyRlZvcmdydWJiZXItMjAxOC1zcGFuLVBPUy5wZGYlMjIlMjB0YXJnZXQlM0QlMjJfYmxhbmslMjIlMjByZWwlM0QlMjJub29wZW5lciUyMiUzRUZvbGxldG8lMjBkZSUyMHByb2R1Y3RvJTNDJTJGYSUzRSVDMiVBMCUyMCU3QyVDMiVBMCVDMiVBMCUzQ2ElMjBocmVmJTNEJTIyJTJGZXMlMkZ2b3JncnViYmVyLXZhcmlvJTJGJTIyJTNFR2FsZXIlQzMlQURhJTIwZGUlMjBpbSVDMyVBMWdlbmVzJTNDJTJGYSUzRQ==[\/vc_raw_html][\/vc_column][vc_column width=\"1\/3\" icons_position=\"left\"]<div class=\"sc_layouts_item\"><div id=\"sc_icons_1387363270\" \n\tclass=\"sc_icons sc_icons_default sc_icons_size_large sc_align_center\"><div class=\"sc_icons_item\"><div class=\"sc_icons_image\"><img src=\"https:\/\/braun-maschinenbau.info\/wp-content\/uploads\/2017\/03\/6-SS-Produkte-UKR-Farbmarke-e1510601344301.png\" alt=\"\" width=\"600\" height=\"539\"><\/div><\/div><\/div><!-- \/.sc_icons --><\/div>[vc_column_text css=\".vc_custom_1536858130204{padding-right: 30px !important;padding-left: 30px !important;}\"]\r\n<h3>Bastidor-cultivador-universal <em>UKR<\/em><\/h3>\r\n<ul>\r\n \t<li><span style=\"color: #808080;\">Bastidor portaherramientas para los equipos hidr\u00e1ulicos delantero y trasero<\/span><\/li>\r\n \t<li><span style=\"color: #808080;\">Cultivador de p\u00faas flexibles para un trabajo ligero del terreno<\/span><\/li>\r\n<\/ul>\r\n[\/vc_column_text][vc_empty_space hide_on_mobile=\"\"][vc_raw_html el_class=\"prod_detail_html\"]JTNDYSUyMGhyZWYlM0QlMjIlMkZlcyUyRnVuaXZlcnNhbC1jdWx0aXZhdG9yLWZyYW1lLXVrciUyRiUyMiUzRUdhbGVyJUMzJUFEYSUyMGRlJTIwaW0lQzMlQTFnZW5lcyUzQyUyRmElM0U=[\/vc_raw_html][\/vc_column][vc_column icons_position=\"left\"][vc_empty_space alter_height=\"medium\" hide_on_mobile=\"\"][\/vc_column][\/vc_row][vc_row el_class=\"product_details\"][vc_column width=\"1\/3\" icons_position=\"left\"]<div class=\"sc_layouts_item\"><div id=\"sc_icons_1045330038\" \n\tclass=\"sc_icons sc_icons_default sc_icons_size_large sc_align_center\"><div class=\"sc_icons_item\"><div class=\"sc_icons_image\"><img src=\"https:\/\/braun-maschinenbau.info\/wp-content\/uploads\/2017\/03\/7-SS-Produkte-ActiRoll-Farbmarke-e1510601440799.png\" alt=\"\" width=\"600\" height=\"539\"><\/div><\/div><\/div><!-- \/.sc_icons --><\/div>[vc_column_text css=\".vc_custom_1536858214294{padding-right: 30px !important;padding-left: 30px !important;}\"]\r\n<h3>Rodillo ActiRoll <em>Uno | Duo<\/em><\/h3>\r\n<ul>\r\n \t<li><span style=\"color: #808080;\">Para aplanar la vegetaci\u00f3n crecida de las calles<\/span><\/li>\r\n \t<li><span style=\"color: #808080;\">Para desmenuzar terrones y residuos org\u00e1nicos<\/span><\/li>\r\n<\/ul>\r\n[\/vc_column_text][vc_empty_space hide_on_mobile=\"\"][vc_raw_html el_class=\"prod_detail_html\"]JTNDYSUyMGhyZWYlM0QlMjIlMkZlcyUyRmFjdGlyb2xsLXVuby1kdW8lMkYlMjNzY19hbmNob3JfdmlkZW9zJTIyJTNFViVDMyVBRGRlbyUyMGRlJTIwcHJvZHVjdG8lM0MlMkZhJTNFJUMyJUEwJTIwJTdDJUMyJUEwJUMyJUEwJTNDYSUyMGhyZWYlM0QlMjIlMkZlcyUyRmFjdGlyb2xsLXVuby1kdW8lMkYlMjIlM0VHYWxlciVDMyVBRGElMjBkZSUyMGltJUMzJUExZ2VuZXMlM0MlMkZhJTNF[\/vc_raw_html][\/vc_column][vc_column width=\"1\/3\" icons_position=\"left\"]<div class=\"sc_layouts_item\"><div id=\"sc_icons_1257448146\" \n\tclass=\"sc_icons sc_icons_default sc_icons_size_large sc_align_center\"><div class=\"sc_icons_item\"><div class=\"sc_icons_image\"><img src=\"https:\/\/braun-maschinenbau.info\/wp-content\/uploads\/2017\/03\/8-SS-Produkte-Mulcherl-Farbmarke-e1510601660408.png\" alt=\"\" width=\"600\" height=\"539\"><\/div><\/div><\/div><!-- \/.sc_icons --><\/div>[vc_column_text css=\".vc_custom_1536858177933{padding-right: 30px !important;padding-left: 30px !important;}\"]\r\n<h3>Trituradora <em>Alpha 2000 | Sensotronic<\/em><\/h3>\r\n<ul>\r\n \t<li><span style=\"color: #808080;\">Ajuste hidr\u00e1ulico de la anchura de trabajo<\/span><\/li>\r\n \t<li><span style=\"color: #808080;\">Para el acolchado de parcelas de vid y frutales con plantas emergidas<\/span><\/li>\r\n \t<li><span style=\"color: #808080;\">Para desmenuzar sarmientos y madera aserrada<\/span><\/li>\r\n<\/ul>\r\n[\/vc_column_text][vc_empty_space hide_on_mobile=\"\"][vc_raw_html el_class=\"prod_detail_html\"]JTNDYSUyMGhyZWYlM0QlMjIlMkZ3cC1jb250ZW50JTJGdXBsb2FkcyUyRjIwMTglMkYwOSUyRk11bGNoZXItMjAxMy1zcGFuLVBPUy5wZGYlMjIlMjB0YXJnZXQlM0QlMjJfYmxhbmslMjIlMjByZWwlM0QlMjJub29wZW5lciUyMiUzRUZvbGxldG8lMjBkZSUyMHByb2R1Y3RvJTNDJTJGYSUzRSVDMiVBMCUyMCU3QyVDMiVBMCVDMiVBMCUzQ2ElMjBocmVmJTNEJTIyJTJGZXMlMkZtdWxjaGVyLWFscGhhLTIwMDAtc2Vuc290cm9uaWMlMkYlMjNzY19hbmNob3JfdmlkZW9zJTIyJTNFViVDMyVBRGRlbyUyMGRlJTIwcHJvZHVjdG8lM0MlMkZhJTNFJUMyJUEwJTIwJTdDJUMyJUEwJUMyJUEwJTNDYSUyMGhyZWYlM0QlMjIlMkZlcyUyRm11bGNoZXItYWxwaGEtMjAwMC1zZW5zb3Ryb25pYyUyRiUyMiUzRUdhbGVyJUMzJUFEYSUyMGRlJTIwaW0lQzMlQTFnZW5lcyUzQyUyRmElM0U=[\/vc_raw_html][\/vc_column][vc_column width=\"1\/3\" icons_position=\"left\"]<div class=\"sc_layouts_item\"><div id=\"sc_icons_149112823\" \n\tclass=\"sc_icons sc_icons_default sc_icons_size_large sc_align_center\"><div class=\"sc_icons_item\"><div class=\"sc_icons_image\"><img src=\"https:\/\/braun-maschinenbau.info\/wp-content\/uploads\/2017\/03\/9-SS-Produkte-Kreiselegge-Farbmarke-e1510601728839.png\" alt=\"\" width=\"600\" height=\"539\"><\/div><\/div><\/div><!-- \/.sc_icons --><\/div>[vc_column_text css=\".vc_custom_1536858148524{padding-right: 30px !important;padding-left: 30px !important;}\"]\r\n<h3>Grada rotativa \/ Sembradora<\/h3>\r\n<ul>\r\n \t<li><span style=\"color: #808080;\">Para preparar la cama de cultivo<\/span><\/li>\r\n \t<li><span style=\"color: #808080;\">Para conseguir una textura de suelo de grano fino<\/span><\/li>\r\n<\/ul>\r\n[\/vc_column_text][vc_empty_space hide_on_mobile=\"\"][vc_raw_html el_class=\"prod_detail_html\"]JTNDYSUyMGhyZWYlM0QlMjIlMkZlcyUyRmtyZWlzZWxlZ2dlLXNhZW1hc2NoaW5lJTJGJTIyJTNFR2FsZXIlQzMlQURhJTIwZGUlMjBpbSVDMyVBMWdlbmVzJTNDJTJGYSUzRQ==[\/vc_raw_html][\/vc_column][\/vc_row][vc_row][vc_column icons_position=\"left\"][vc_empty_space alter_height=\"large\" hide_on_mobile=\"\"][\/vc_column][\/vc_row]<\/div>[\/vc_column][\/vc_row]<\/p>\n","protected":false},"excerpt":{"rendered":"<p>[vc_row][vc_column][vc_empty_space alter_height=\u00bblarge\u00bb hide_on_mobile=\u00bb\u00bb][vc_column_text] \u00a1Cepas limpias sin agentes qu\u00edmicos! Somos especialistas en la eliminaci\u00f3n de malas hierbas de forma mec\u00e1nica y en el laboreo ecol\u00f3gico del suelo en viticultura y fruticultura. [\/vc_column_text][vc_empty_space alter_height=\u00bbmedium\u00bb hide_on_mobile=\u00bb\u00bb][vc_column_text] \u00a1Sistema modular para un suelo lleno de&hellip;<\/p>\n","protected":false},"author":1,"featured_media":0,"parent":0,"menu_order":0,"comment_status":"closed","ping_status":"closed","template":"","meta":[],"_links":{"self":[{"href":"https:\/\/braun-maschinenbau.info\/es\/wp-json\/wp\/v2\/pages\/2851"}],"collection":[{"href":"https:\/\/braun-maschinenbau.info\/es\/wp-json\/wp\/v2\/pages"}],"about":[{"href":"https:\/\/braun-maschinenbau.info\/es\/wp-json\/wp\/v2\/types\/page"}],"author":[{"embeddable":true,"href":"https:\/\/braun-maschinenbau.info\/es\/wp-json\/wp\/v2\/users\/1"}],"replies":[{"embeddable":true,"href":"https:\/\/braun-maschinenbau.info\/es\/wp-json\/wp\/v2\/comments?post=2851"}],"version-history":[{"count":5,"href":"https:\/\/braun-maschinenbau.info\/es\/wp-json\/wp\/v2\/pages\/2851\/revisions"}],"predecessor-version":[{"id":3878,"href":"https:\/\/braun-maschinenbau.info\/es\/wp-json\/wp\/v2\/pages\/2851\/revisions\/3878"}],"wp:attachment":[{"href":"https:\/\/braun-maschinenbau.info\/es\/wp-json\/wp\/v2\/media?parent=2851"}],"curies":[{"name":"wp","href":"https:\/\/api.w.org\/{rel}","templated":true}]}}