{"id":2881,"date":"2018-07-22T16:03:42","date_gmt":"2018-07-22T15:03:42","guid":{"rendered":"http:\/\/braun-maschinenbau.info\/wir-sind-fuer-sie-da\/"},"modified":"2024-05-07T07:51:28","modified_gmt":"2024-05-07T06:51:28","slug":"wir-sind-fuer-sie-da","status":"publish","type":"page","link":"https:\/\/braun-maschinenbau.info\/es\/wir-sind-fuer-sie-da\/","title":{"rendered":"\u00a1Estamos a su disposici\u00f3n!"},"content":{"rendered":"<p>[vc_row][vc_column width=\u00bb1\/3&#8243;][\/vc_column][vc_column width=\u00bb1\/3&#8243;][vc_empty_space alter_height=\u00bblarge\u00bb hide_on_mobile=\u00bb\u00bb]<div id=\"sc_title_1038667136\"\n\t\tclass=\"sc_title sc_title_default\"><h2 class=\"sc_item_title sc_title_title sc_align_center sc_item_title_style_default sc_item_title_tag\">Personas de contacto<\/h2><\/div><!-- \/.sc_title -->[vc_empty_space alter_height=\u00bbmedium\u00bb hide_on_mobile=\u00bb\u00bb][vc_column_text]<\/p>\n<h4 style=\"font-weight: 400; text-align: center;\">Director general<br \/>\n<strong>Stefan Braun\u00a0<\/strong><strong><br \/>\n<\/strong><\/h4>\n<p>[\/vc_column_text][vc_empty_space alter_height=\u00bbsmall\u00bb hide_on_mobile=\u00bb\u00bb][vc_column_text]<\/p>\n<h4 style=\"font-weight: 400; text-align: center;\">Direcci\u00f3n comercial<br \/>\n<strong>Relamil Braun<\/strong><strong><br \/>\n<\/strong><\/h4>\n<p>[\/vc_column_text][vc_empty_space alter_height=\u00bbsmall\u00bb hide_on_mobile=\u00bb\u00bb][vc_column_text]<\/p>\n<h4 style=\"font-weight: 400; text-align: center;\">Asistencia de gasti\u00f3n<br \/>\n<strong>N\u00famero de extensi\u00f3n -03<\/strong><strong><br \/>\n<\/strong><\/h4>\n<p>[\/vc_column_text][vc_empty_space alter_height=\u00bbsmall\u00bb hide_on_mobile=\u00bb\u00bb][vc_column_text]<\/p>\n<h4 style=\"font-weight: 400; text-align: center;\">Recepci\u00f3n y ventas<br \/>\n<strong>N\u00famero de extensi\u00f3n -00 \/ -18 \/ -20<\/strong><strong><br \/>\n<\/strong><\/h4>\n<p>[\/vc_column_text][vc_empty_space alter_height=\u00bbsmall\u00bb hide_on_mobile=\u00bb\u00bb][vc_column_text]<\/p>\n<h4 style=\"text-align: center;\">Tel\u00e9fono:\u00a0<strong>+49 (0) 6341 950 55 -00<\/strong><br \/>\nemail:<strong>\u00a0<a href=\"mailto:info@braun-maschinenbau.de\">info@braun-maschinenbau.de<\/a><\/strong><\/h4>\n<p>[\/vc_column_text][vc_empty_space alter_height=\u00bblarge\u00bb hide_on_mobile=\u00bb\u00bb][\/vc_column][vc_column width=\u00bb1\/3&#8243;][\/vc_column][\/vc_row]<\/p>\n","protected":false},"excerpt":{"rendered":"<p>[vc_row][vc_column width=\u00bb1\/3&#8243;][\/vc_column][vc_column width=\u00bb1\/3&#8243;][vc_empty_space alter_height=\u00bblarge\u00bb hide_on_mobile=\u00bb\u00bb][vc_empty_space alter_height=\u00bbmedium\u00bb hide_on_mobile=\u00bb\u00bb][vc_column_text] Director general Stefan Braun\u00a0 [\/vc_column_text][vc_empty_space alter_height=\u00bbsmall\u00bb hide_on_mobile=\u00bb\u00bb][vc_column_text] Direcci\u00f3n comercial Relamil Braun [\/vc_column_text][vc_empty_space alter_height=\u00bbsmall\u00bb hide_on_mobile=\u00bb\u00bb][vc_column_text] Asistencia de gasti\u00f3n N\u00famero de extensi\u00f3n -03 [\/vc_column_text][vc_empty_space alter_height=\u00bbsmall\u00bb hide_on_mobile=\u00bb\u00bb][vc_column_text] Recepci\u00f3n y ventas N\u00famero de extensi\u00f3n -00 \/ -18&hellip;<\/p>\n","protected":false},"author":1,"featured_media":0,"parent":0,"menu_order":0,"comment_status":"closed","ping_status":"closed","template":"","meta":[],"_links":{"self":[{"href":"https:\/\/braun-maschinenbau.info\/es\/wp-json\/wp\/v2\/pages\/2881"}],"collection":[{"href":"https:\/\/braun-maschinenbau.info\/es\/wp-json\/wp\/v2\/pages"}],"about":[{"href":"https:\/\/braun-maschinenbau.info\/es\/wp-json\/wp\/v2\/types\/page"}],"author":[{"embeddable":true,"href":"https:\/\/braun-maschinenbau.info\/es\/wp-json\/wp\/v2\/users\/1"}],"replies":[{"embeddable":true,"href":"https:\/\/braun-maschinenbau.info\/es\/wp-json\/wp\/v2\/comments?post=2881"}],"version-history":[{"count":11,"href":"https:\/\/braun-maschinenbau.info\/es\/wp-json\/wp\/v2\/pages\/2881\/revisions"}],"predecessor-version":[{"id":5808,"href":"https:\/\/braun-maschinenbau.info\/es\/wp-json\/wp\/v2\/pages\/2881\/revisions\/5808"}],"wp:attachment":[{"href":"https:\/\/braun-maschinenbau.info\/es\/wp-json\/wp\/v2\/media?parent=2881"}],"curies":[{"name":"wp","href":"https:\/\/api.w.org\/{rel}","templated":true}]}}