{"id":4605,"date":"2020-06-05T17:34:36","date_gmt":"2020-06-05T16:34:36","guid":{"rendered":"https:\/\/braun-maschinenbau.info\/?page_id=4605"},"modified":"2021-03-24T14:51:18","modified_gmt":"2021-03-24T13:51:18","slug":"news","status":"publish","type":"page","link":"https:\/\/braun-maschinenbau.info\/es\/news\/","title":{"rendered":"NOTICIAS"},"content":{"rendered":"<p>[vc_row][vc_column][vc_empty_space alter_height=\u00bblarge\u00bb hide_on_mobile=\u00bb\u00bb]<div id=\"sc_title_1706938755\"\n\t\tclass=\"sc_title sc_title_default  vc_custom_1591374061112\"><h6 class=\"sc_item_subtitle sc_title_subtitle sc_align_center sc_item_title_style_default\">Braun Maschinenbau<\/h6><h2 class=\"sc_item_title sc_title_title sc_align_center sc_item_title_style_default sc_item_title_tag\">Noticias en un vistazo<\/h2><\/div><!-- \/.sc_title -->[vc_empty_space height=\u00bb\u00bb alter_height=\u00bbsmall\u00bb hide_on_mobile=\u00bb\u00bb][\/vc_column][\/vc_row][vc_row][vc_column][vc_row_inner][vc_column_inner width=\u00bb1\/3&#8243;][vc_single_image image=\u00bb4980&#8243; img_size=\u00bbmedium\u00bb alignment=\u00bbright\u00bb style=\u00bbvc_box_rounded\u00bb][\/vc_column_inner][vc_column_inner width=\u00bb2\/3&#8243;][vc_column_text]<\/p>\n<h3>FEBRERO DE 2021 | BYRNEBUILT, DISTRIBUIDOR EN AUSTALASIA<\/h3>\n<p>Adrian Byrne de Byrnebuilt Engineering Ltd es el nuevo representante comercial para los productos de Braun en Nueva Zelanda y Australia. Adrian lleva ya a\u00f1os ocup\u00e1ndose del mantenimiento, la reparaci\u00f3n y el montaje de aparatos de Braun. Nos alegra poder contar con \u00e9l a partir de ahora tambi\u00e9n como distribuidor competente.<\/p>\n<p>www.byrnebuiltengineering.co.nz<\/p>\n<p>[\/vc_column_text][\/vc_column_inner][\/vc_row_inner][vc_separator][\/vc_column][\/vc_row][vc_row][vc_column][vc_row_inner][vc_column_inner width=\u00bb1\/3&#8243;][vc_single_image image=\u00bb4975&#8243; img_size=\u00bbmedium\u00bb alignment=\u00bbright\u00bb style=\u00bbvc_box_rounded\u00bb][\/vc_column_inner][vc_column_inner width=\u00bb2\/3&#8243;][vc_column_text]<\/p>\n<h3>NOVIEMBRE DE 2020 | PREMIO A LA INNOVACI\u00d3N DE RENANIA-PALATINADO<\/h3>\n<p>El Ministerio de Econom\u00eda ha concedido a Braun Maschinenbau GmbH, junto con la empresa Robot Makers GmbH, el premio a la innovaci\u00f3n del <em>land<\/em> de Renania-Palatinado de 2020 en la categor\u00eda de cooperaci\u00f3n. Nos alegra ver c\u00f3mo de esta forma, adem\u00e1s del Vineyard Pilot Assistant, tambi\u00e9n la viticultura sostenible con una eliminaci\u00f3n de las malas hierbas inteligente y respetuosa con el medio ambiente se sit\u00faa un poco m\u00e1s en el foco de atenci\u00f3n.<\/p>\n<p>[\/vc_column_text][\/vc_column_inner][\/vc_row_inner][vc_separator][\/vc_column][\/vc_row][vc_row][vc_column][vc_row_inner][vc_column_inner width=\u00bb1\/3&#8243;][vc_single_image image=\u00bb4966&#8243; img_size=\u00bbmedium\u00bb alignment=\u00bbright\u00bb style=\u00bbvc_box_rounded\u00bb][\/vc_column_inner][vc_column_inner width=\u00bb2\/3&#8243;][vc_column_text]<\/p>\n<h3>OCTUBRE DE 2020 | PREMIO ISB SUCCESS PREIS<\/h3>\n<p>El banco Investitions- und Strukturbank Rheinland-Pfalz (ISB RLP) ha otorgado este a\u00f1o el premio a la tecnolog\u00eda ISB Success Preis al Vineyard Pilot Assistant de Braun Maschinenbau GmbH. La Secretaria de Econom\u00eda, Daniela Schmitt, y el portavoz del Consejo de Administraci\u00f3n del ISB RLP, Ulrich Dexheimer, entregaron el galard\u00f3n a trav\u00e9s de un evento en l\u00ednea.\u00a0 El ISB Success Preis premia cada a\u00f1o el \u00abdesarrollo de nuevos productos, m\u00e9todos, servicios orientados a la tecnolog\u00eda y proyectos inform\u00e1ticos de alto nivel para aplicaciones t\u00e9cnicas\u00bb.<\/p>\n<p>[\/vc_column_text][\/vc_column_inner][\/vc_row_inner][vc_separator][\/vc_column][\/vc_row][vc_row][vc_column][vc_row_inner][vc_column_inner width=\u00bb1\/3&#8243;][vc_single_image image=\u00bb4943&#8243; img_size=\u00bbmedium\u00bb alignment=\u00bbright\u00bb style=\u00bbvc_box_rounded\u00bb][\/vc_column_inner][vc_column_inner width=\u00bb2\/3&#8243;][vc_column_text]<\/p>\n<h3>SEPTIEMBRE DE 2020 | SEMANA DE LA FORMACI\u00d3N PROFESIONAL<\/h3>\n<p>En el marco de la \u00abSemana de la Formaci\u00f3n Profesional\u00bb, la Secretaria del Ministerio de Econom\u00eda, Transporte, Agricultura y Viticultura de Renania-Palatinado, Daniela Schmitt, y el Presidente de la C\u00e1mara de Oficios Manuales del Palatinado, Dirk Fischer, acudieron invitados por Braun Maschinenbau GmbH. Durante la visita de las instalaciones tuvieron lugar conversaciones interesantes e informativas acerca de las m\u00faltiples posibilidades que ofrecen los oficios manuales y la formaci\u00f3n.<\/p>\n<p>[\/vc_column_text][\/vc_column_inner][\/vc_row_inner][vc_separator][\/vc_column][\/vc_row][vc_row][vc_column][vc_row_inner][vc_column_inner width=\u00bb1\/3&#8243;][vc_single_image image=\u00bb4915&#8243; img_size=\u00bbmedium\u00bb alignment=\u00bbright\u00bb style=\u00bbvc_box_rounded\u00bb][\/vc_column_inner][vc_column_inner width=\u00bb2\/3&#8243;][vc_column_text]<\/p>\n<h3>AGOSTO DE 2020 | RENANIA-PALATINADO. GOLD<\/h3>\n<p>Braun Maschinenbau se complace de formar parte de la campa\u00f1a de promoci\u00f3n econ\u00f3mica de Renania-Palatinado as\u00ed como de contribuir al posicionamiento del <em>land<\/em> tanto dentro de Alemania como a escala internacional.<\/p>\n<p>M\u00e1s informaci\u00f3n en: https:\/\/gold.rlp.de\/[\/vc_column_text][\/vc_column_inner][\/vc_row_inner][vc_separator][\/vc_column][\/vc_row][vc_row][vc_column][vc_row_inner][vc_column_inner width=\u00bb1\/3&#8243;][vc_single_image image=\u00bb4910&#8243; img_size=\u00bbmedium\u00bb alignment=\u00bbright\u00bb style=\u00bbvc_box_rounded\u00bb][\/vc_column_inner][vc_column_inner width=\u00bb2\/3&#8243;][vc_column_text]<\/p>\n<h3>MARZO DE 2020 | INASPRO<\/h3>\n<p>Braun Maschinenbau form\u00f3 parte, junto a otros socios de proyecto de los sectores de la investigaci\u00f3n y la industria, del proyecto de cooperaci\u00f3n InAsPro. El proyecto, que consist\u00eda en la configuraci\u00f3n integrada de un sistema de trabajo en empresas de producci\u00f3n digitalizadas, finaliz\u00f3 con \u00e9xito tras 3 a\u00f1os de actividad.[\/vc_column_text][\/vc_column_inner][\/vc_row_inner][vc_separator][\/vc_column][\/vc_row][vc_row][vc_column][vc_row_inner][vc_column_inner width=\u00bb1\/3&#8243;][vc_single_image image=\u00bb4905&#8243; img_size=\u00bbmedium\u00bb alignment=\u00bbright\u00bb style=\u00bbvc_box_rounded\u00bb][\/vc_column_inner][vc_column_inner width=\u00bb2\/3&#8243;][vc_column_text]<\/p>\n<h3>FEBRERO DE 2020 | MEDALLA AL M\u00c9RITO ECON\u00d3MICO PARA STEFAN BRAUN<\/h3>\n<p>El 28 de febrero, el Ministro de Econom\u00eda de Renania-Palatinado, Dr. Volker Wissing, acudi\u00f3 personalmente a Landau para hacer entrega a Stefan Braun de la medalla al m\u00e9rito econ\u00f3mico del <em>land <\/em>de Renania-Palatinado. En la ceremonia, alab\u00f3 a Stefan Braun como pionero en el desarrollo de maquinaria para la viticultura enol\u00f3gica y como actor global altamente innovador.[\/vc_column_text][\/vc_column_inner][\/vc_row_inner][vc_separator][\/vc_column][\/vc_row][vc_row][vc_column][vc_row_inner][vc_column_inner width=\u00bb1\/3&#8243;][vc_single_image image=\u00bb4900&#8243; img_size=\u00bbmedium\u00bb alignment=\u00bbright\u00bb style=\u00bbvc_box_rounded\u00bb][\/vc_column_inner][vc_column_inner width=\u00bb2\/3&#8243;][vc_column_text]<\/p>\n<h3>FEBRERO DE 2020 | PLATA PARA EL VINEYARD PILOT ASSISTANT<\/h3>\n<p>En Zaragoza tuvo lugar del 25 al 29 de febrero la Feria Internacional de la Maquinaria Agr\u00edcola (FIMA). Junto con Fendt Espa\u00f1a, Braun fue distinguida con la plata en el premio a la innovaci\u00f3n \u00abNovedad t\u00e9cnica\u00bb por el Vineyard Pilot Assistant.[\/vc_column_text][\/vc_column_inner][\/vc_row_inner][vc_separator][\/vc_column][\/vc_row][vc_row][vc_column][vc_row_inner][vc_column_inner width=\u00bb1\/3&#8243;][vc_single_image image=\u00bb4895&#8243; img_size=\u00bbmedium\u00bb alignment=\u00bbright\u00bb style=\u00bbvc_box_rounded\u00bb][\/vc_column_inner][vc_column_inner width=\u00bb2\/3&#8243;][vc_column_text]<\/p>\n<h3>ENERO DE 2020 | FOGLIE D&#8217;ORO PARA EL VINEYARD PILOT ASSISTANT<\/h3>\n<p>En Verona, el Vineyard Pilot Assistant fue galardonado con el premio a la innovaci\u00f3n \u00abFoglie dell&#8217; Innovazione 2020\u00bb de la Feria Fieriagricola y recibi\u00f3 el oro con el premio \u00abFoglie d\u2019Oro\u00bb, otorgado por la revista especializada L\u2019Informatore Agrario.[\/vc_column_text][\/vc_column_inner][\/vc_row_inner][vc_separator][\/vc_column][\/vc_row][vc_row][vc_column][vc_row_inner][vc_column_inner width=\u00bb1\/3&#8243;][vc_single_image image=\u00bb4890&#8243; img_size=\u00bbmedium\u00bb alignment=\u00bbright\u00bb style=\u00bbvc_box_rounded\u00bb][\/vc_column_inner][vc_column_inner width=\u00bb2\/3&#8243;][vc_column_text]<\/p>\n<h3>ENERO DE 2020 | FERIA AGRARTAGE RHEINHESSEN EN NIEDER-OLM<\/h3>\n<p>Temas y desarrollos actuales en el sector agr\u00edcola, en especial la viticultura, es lo que pudieron encontrar los visitantes de la Feria Agrartage en los d\u00edas 20 a 24 de enero. Braun Maschinenbau tambi\u00e9n particip\u00f3 en la edici\u00f3n de este a\u00f1o: los visitantes tuvieron la posibilidad de descubrir varios de nuestros productos in situ y recibir asesoramiento por parte de nuestro equipo.[\/vc_column_text][\/vc_column_inner][\/vc_row_inner][vc_separator][\/vc_column][\/vc_row][vc_row][vc_column][vc_row_inner][vc_column_inner width=\u00bb1\/3&#8243;][vc_single_image image=\u00bb4673&#8243; img_size=\u00bbmedium\u00bb alignment=\u00bbright\u00bb style=\u00bbvc_box_rounded\u00bb][\/vc_column_inner][vc_column_inner width=\u00bb2\/3&#8243;][vc_column_text]<\/p>\n<h3>NOVIEMBRE 2019 | FERIA SITEVI DE MONTPELLIER<\/h3>\n<p>Tambi\u00e9n este a\u00f1o nos complace ver la gran afluencia a nuestro stand de la feria SITEVI, celebrada en Montpellier: adem\u00e1s del galardonado Vineyard Pilot Assistant, visitantes, clientes y curiosos pueden no solo contemplar la acreditada gama de productos de Braun Maschinenbau GmbH, sino tambi\u00e9n descubrir numerosas novedades.[\/vc_column_text][\/vc_column_inner][\/vc_row_inner][vc_separator][\/vc_column][\/vc_row][vc_row][vc_column][vc_row_inner][vc_column_inner width=\u00bb1\/3&#8243;][vc_single_image image=\u00bb4629&#8243; img_size=\u00bbmedium\u00bb alignment=\u00bbright\u00bb style=\u00bbvc_box_rounded\u00bb][\/vc_column_inner][vc_column_inner width=\u00bb2\/3&#8243;][vc_column_text]<\/p>\n<h3>NOVIEMBRE 2019 | MEDALLA DE PLATA EN AGRITECHNICA<\/h3>\n<p>Conjuntamente con Fendt, divisi\u00f3n de AGCO en Alemania, Braun Maschinenbau recibe la medalla de plata del Innovation Award en la feria Agritechnica 2019 por su sistema de guiado de veh\u00edculos y aperos en viticultura.<\/p>\n<p>El Innovation Award es otorgado por la DLG, la Sociedad Alemana de Agricultura, para distinguir las innovaciones pioneras en el sector de la tecnolog\u00eda agr\u00edcola a escala internacional.<\/p>\n<p>[\/vc_column_text][\/vc_column_inner][\/vc_row_inner][vc_separator][\/vc_column][\/vc_row][vc_row][vc_column][vc_row_inner][vc_column_inner width=\u00bb1\/3&#8243;][vc_single_image image=\u00bb4634&#8243; img_size=\u00bbmedium\u00bb alignment=\u00bbright\u00bb style=\u00bbvc_box_rounded\u00bb][\/vc_column_inner][vc_column_inner width=\u00bb2\/3&#8243;][vc_column_text]<\/p>\n<h3>OCTUBRE 2019 | RECEPCION PRENSA DEL ALCALDE<\/h3>\n<p>La empresa Braun Maschinenbau fue la escogida por el alcalde, Thomas Hirsch, para acoger su recepci\u00f3n de prensa anual. La recepci\u00f3n de prensa, bajo el lema \u00abMade in Landau\u00bb, se centr\u00f3 en empresas especialmente pr\u00f3speras y de \u00e1mbito suprarregional.[\/vc_column_text][\/vc_column_inner][\/vc_row_inner][vc_separator][\/vc_column][\/vc_row][vc_row][vc_column][vc_row_inner][vc_column_inner width=\u00bb1\/3&#8243;][vc_single_image image=\u00bb4639&#8243; img_size=\u00bbmedium\u00bb alignment=\u00bbright\u00bb style=\u00bbvc_box_rounded\u00bb][\/vc_column_inner][vc_column_inner width=\u00bb2\/3&#8243;][vc_column_text]<\/p>\n<h3>SEPTIEMBRE 2019 | COMIENZO DE LAS OBRAS DE UNA NUEVA NAVE<\/h3>\n<p>Ampliaci\u00f3n en la sede de Landau: a finales de verano de 2019 empieza la construcci\u00f3n de una nueva nave de producci\u00f3n y almacenamiento, que incluye oficinas y zonas comunes, de casi 3000 metros cuadrados en total. El traslado a la nueva nave est\u00e1 previsto para septiembre de 2020.[\/vc_column_text][\/vc_column_inner][\/vc_row_inner][vc_separator][\/vc_column][\/vc_row][vc_row][vc_column][vc_row_inner][vc_column_inner width=\u00bb1\/3&#8243;][vc_single_image image=\u00bb4644&#8243; img_size=\u00bbmedium\u00bb alignment=\u00bbright\u00bb style=\u00bbvc_box_rounded\u00bb][\/vc_column_inner][vc_column_inner width=\u00bb2\/3&#8243;][vc_column_text]<\/p>\n<h3>AGOSTO 2019 | FENDT MEETS WINE<\/h3>\n<p>Presentaci\u00f3n en exclusiva de una combinaci\u00f3n de aperos \u00fanica: m\u00e1s de cien invitados acudieron a la convocatoria de la cooperativa agr\u00edcola Raiffeisen Waren-Zentrale Rhein-Main eG (RWZ) y la cooperativa de cr\u00e9dito VR Bank S\u00fcdpfalz para conocer el singular sistema integral de Fendt y Braun Maschinenbau para el control de malezas en viticultura.[\/vc_column_text][\/vc_column_inner][\/vc_row_inner][vc_separator][\/vc_column][\/vc_row][vc_row][vc_column][vc_row_inner][vc_column_inner width=\u00bb1\/3&#8243;][vc_single_image image=\u00bb4684&#8243; img_size=\u00bbmedium\u00bb alignment=\u00bbright\u00bb style=\u00bbvc_box_rounded\u00bb][\/vc_column_inner][vc_column_inner width=\u00bb2\/3&#8243;][vc_column_text]<\/p>\n<h3>AGOSTO 2019 | GIRA VERANIEGA DEL MINISTRO DE ECONOMIA WISSING<\/h3>\n<p>El ministro de Econom\u00eda de Renania-Palatinado, el Dr. Volker Wissing, escogi\u00f3 la empresa Braun Maschinenbau para una de sus visitas durante su gira veraniega. El ministro Wissing tuvo ocasi\u00f3n de conocer de primera mano nuestra innovaci\u00f3n m\u00e1s reciente: el <strong>Vineyard Pilot Assistant<\/strong>.[\/vc_column_text][\/vc_column_inner][\/vc_row_inner][vc_separator][\/vc_column][\/vc_row][vc_row][vc_column][vc_row_inner][vc_column_inner width=\u00bb1\/3&#8243;][vc_single_image image=\u00bb4654&#8243; img_size=\u00bbmedium\u00bb alignment=\u00bbright\u00bb style=\u00bbvc_box_rounded\u00bb onclick=\u00bbcustom_link\u00bb img_link_target=\u00bb_blank\u00bb link=\u00bbhttps:\/\/www.braunmacchineagricole.com\/\u00bb][\/vc_column_inner][vc_column_inner width=\u00bb2\/3&#8243;][vc_column_text]<\/p>\n<h3>AGOSTO 2019 | ADQUISICION DE BRAUN MACCHINE AGRICOLE<\/h3>\n<p>En verano de 2019, Braun Maschinenbau constituye una filial al 100\u00a0% con sede en Trento (Italia): Braun Macchine Agricole. De esta forma se abren nuevas posibilidades para atender mejor y m\u00e1s r\u00e1pido el importante mercado italiano.[\/vc_column_text][\/vc_column_inner][\/vc_row_inner][vc_separator][\/vc_column][\/vc_row]<\/p>\n","protected":false},"excerpt":{"rendered":"<p>[vc_row][vc_column][vc_empty_space alter_height=\u00bblarge\u00bb hide_on_mobile=\u00bb\u00bb][vc_empty_space height=\u00bb\u00bb alter_height=\u00bbsmall\u00bb hide_on_mobile=\u00bb\u00bb][\/vc_column][\/vc_row][vc_row][vc_column][vc_row_inner][vc_column_inner width=\u00bb1\/3&#8243;][vc_single_image image=\u00bb4980&#8243; img_size=\u00bbmedium\u00bb alignment=\u00bbright\u00bb style=\u00bbvc_box_rounded\u00bb][\/vc_column_inner][vc_column_inner width=\u00bb2\/3&#8243;][vc_column_text] FEBRERO DE 2021 | BYRNEBUILT, DISTRIBUIDOR EN AUSTALASIA Adrian Byrne de Byrnebuilt Engineering Ltd es el nuevo representante comercial para los productos de Braun en Nueva Zelanda y&hellip;<\/p>\n","protected":false},"author":1,"featured_media":0,"parent":0,"menu_order":0,"comment_status":"closed","ping_status":"closed","template":"","meta":[],"_links":{"self":[{"href":"https:\/\/braun-maschinenbau.info\/es\/wp-json\/wp\/v2\/pages\/4605"}],"collection":[{"href":"https:\/\/braun-maschinenbau.info\/es\/wp-json\/wp\/v2\/pages"}],"about":[{"href":"https:\/\/braun-maschinenbau.info\/es\/wp-json\/wp\/v2\/types\/page"}],"author":[{"embeddable":true,"href":"https:\/\/braun-maschinenbau.info\/es\/wp-json\/wp\/v2\/users\/1"}],"replies":[{"embeddable":true,"href":"https:\/\/braun-maschinenbau.info\/es\/wp-json\/wp\/v2\/comments?post=4605"}],"version-history":[{"count":8,"href":"https:\/\/braun-maschinenbau.info\/es\/wp-json\/wp\/v2\/pages\/4605\/revisions"}],"predecessor-version":[{"id":5015,"href":"https:\/\/braun-maschinenbau.info\/es\/wp-json\/wp\/v2\/pages\/4605\/revisions\/5015"}],"wp:attachment":[{"href":"https:\/\/braun-maschinenbau.info\/es\/wp-json\/wp\/v2\/media?parent=4605"}],"curies":[{"name":"wp","href":"https:\/\/api.w.org\/{rel}","templated":true}]}}