{"id":1528,"date":"2018-05-04T15:20:12","date_gmt":"2018-05-04T14:20:12","guid":{"rendered":"http:\/\/braun-maschinenbau.info\/collaborations-universite-de-kaiserslautern\/"},"modified":"2018-06-21T09:53:09","modified_gmt":"2018-06-21T08:53:09","slug":"collaborations-universite-de-kaiserslautern","status":"publish","type":"page","link":"https:\/\/braun-maschinenbau.info\/fr\/collaborations-universite-de-kaiserslautern\/","title":{"rendered":"Collaborations | Universit\u00e9 de Kaiserslautern"},"content":{"rendered":"<p>[vc_row][vc_column][vc_empty_space alter_height=\u00a0\u00bblarge\u00a0\u00bb hide_on_mobile=\u00a0\u00bb\u00a0\u00bb][vc_column_text]<\/p>\n<h4 style=\"text-align: center;\">L\u2019universit\u00e9 technique de Kaiserslautern g\u00e8re des projets de recherche proches de l\u2019industrie pour lesquels elle mise aussi sur le savoir-faire de la soci\u00e9t\u00e9 BRAUN. Stefan Braun Junior est impliqu\u00e9 dans deux de ces projets.<\/h4>\n<p>[\/vc_column_text][vc_empty_space alter_height=\u00a0\u00bblarge\u00a0\u00bb hide_on_mobile=\u00a0\u00bb\u00a0\u00bb]<div id=\"sc_title_1706089939\"\n\t\tclass=\"sc_title sc_title_default\"><h2 class=\"sc_item_title sc_title_title sc_align_center sc_item_title_style_default sc_item_title_tag\">Coop\u00e9rations industrielles avec l'universit\u00e9 de Kaiserslautern<\/h2><\/div><!-- \/.sc_title -->[vc_empty_space alter_height=\u00a0\u00bbmedium\u00a0\u00bb hide_on_mobile=\u00a0\u00bb\u00a0\u00bb][vc_column_text]<br \/>\n\u00ab\u00a0La volont\u00e9 de l\u2019Union europ\u00e9enne de r\u00e9duire encore plus d\u2019utilisation des herbicides en Europe nous conforte dans l\u2019id\u00e9e que nous avons effectivement bien interpr\u00e9t\u00e9 les signes de notre \u00e9poque\u00a0\u00bb, explique Stefan Braun Junior, directeur de Braun.<\/p>\n<p>Afin de poursuivre son travail de pionnier, Braun entretient depuis d\u00e9j\u00e0 dix ans une collaboration \u00e9troite avec l\u2019universit\u00e9 technique de Kaiserslautern. Elle a donn\u00e9 naissance \u00e0 23\u00a0m\u00e9moires et travaux d\u2019\u00e9tudes ainsi que 3\u00a0projets de recherche\u00a0: KoPiKomp, ServKon et InnoProm. KoPiKomp a pour objectif de d\u00e9velopper un \u00ab\u00a0concept global pour prot\u00e9ger les composants des biens d\u2019\u00e9quipement des actes de piraterie\u00a0\u00bb. ServKon souhaite d\u00e9velopper un concept g\u00e9n\u00e9ral pour l\u2019\u00e9valuation int\u00e9gr\u00e9e du profit que repr\u00e9sentent les syst\u00e8mes produit-service. Dans le cadre d\u2019InnoProm, Stefan Braun et l\u2019universit\u00e9 technique de Kaiserslautern ont d\u00e9velopp\u00e9 ensemble un concept d\u2019\u00e9valuation de la productivit\u00e9 et de la qualit\u00e9 pour les services qui accompagnent les produits.<br \/>\n[\/vc_column_text][vc_empty_space alter_height=\u00a0\u00bbmedium\u00a0\u00bb hide_on_mobile=\u00a0\u00bb\u00a0\u00bb][vc_tta_tabs shape=\u00a0\u00bbsquare\u00a0\u00bb active_section=\u00a0\u00bb1&Prime; no_fill_content_area=\u00a0\u00bbtrue\u00a0\u00bb][vc_tta_section title=\u00a0\u00bbKoPiKomp\u00a0\u00bb tab_id=\u00a0\u00bb1487244145296-2b354d53-c60a\u00a0\u00bb][vc_row_inner][vc_column_inner width=\u00a0\u00bb1\/2&Prime;][vc_single_image image=\u00a0\u00bb1082&Prime; img_size=\u00a0\u00bbfull\u00a0\u00bb alignment=\u00a0\u00bbcenter\u00a0\u00bb][\/vc_column_inner][vc_column_inner width=\u00a0\u00bb1\/2&Prime;][vc_column_text]Le projet collectif de recherche KoPiKomp a pour objectif de d\u00e9velopper un \u00ab\u00a0concept global pour prot\u00e9ger les composants des biens d\u2019\u00e9quipement des actes de piraterie\u00a0\u00bb. Il s\u2019articule autour d\u2019une meilleure transparence sur les contrefacteurs actuels ainsi que d\u2019une classification des diff\u00e9rents composants des biens d\u2019\u00e9quipement. Le concept \u00e9labor\u00e9 permet aux fabricants de produits originaux d\u2019effectuer une analyse cibl\u00e9e de la contrefa\u00e7on et de mettre en place des protections adapt\u00e9es sur la base d\u2019une collecte et d\u2019une gestion compl\u00e8tes des informations.<\/p>\n<p>La soci\u00e9t\u00e9 BRAUN tire, elle aussi, profit des r\u00e9sultats repr\u00e9sentatifs de sa collaboration avec plusieurs partenaires issus du secteur des machines agricoles et des engins de BTP.[\/vc_column_text][\/vc_column_inner][\/vc_row_inner][\/vc_tta_section][vc_tta_section title=\u00a0\u00bbServKon\u00a0\u00bb tab_id=\u00a0\u00bb1487244145312-2a5d7dde-c5ce\u00a0\u00bb][vc_row_inner][vc_column_inner width=\u00a0\u00bb1\/2&Prime;][vc_single_image image=\u00a0\u00bb1084&Prime; img_size=\u00a0\u00bbfull\u00a0\u00bb alignment=\u00a0\u00bbcenter\u00a0\u00bb][\/vc_column_inner][vc_column_inner width=\u00a0\u00bb1\/2&Prime;][vc_column_text]\u00ab\u00a0Fabriqu\u00e9 en Allemagne\u00a0\u00bb\u00a0: cette information est aujourd\u2019hui encore synonyme d\u2019innovation et de qualit\u00e9 dans le monde entier. Afin de pouvoir continuer \u00e0 faire face \u00e0 la concurrence, les fabricants allemands doivent pouvoir justifier de mani\u00e8re convaincante leurs prix g\u00e9n\u00e9ralement plus \u00e9lev\u00e9s gr\u00e2ce \u00e0 une valeur ajout\u00e9e objectivement compr\u00e9hensible. Dans ce contexte, le projet conjoint de recherche ServKon souhaite d\u00e9velopper un concept g\u00e9n\u00e9ral pour l\u2019\u00e9valuation int\u00e9gr\u00e9e du profit que repr\u00e9sente les syst\u00e8mes produit-service \u00e0 l\u2019exemple de PME sp\u00e9cialis\u00e9es dans les v\u00e9hicules industriels et install\u00e9es en Rh\u00e9nanie-Palatinat dont BRAUN Maschinenbau GmbH.<\/p>\n<p>Il est cens\u00e9 aider les fabricants de biens d\u2019\u00e9quipement de haute qualit\u00e9 \u00e0 mettre en place des solutions individualis\u00e9es aux co\u00fbts d\u2019exploitation optimis\u00e9s tout en permettant au client de d\u00e9finir ses investissements sur la base de leur utilit\u00e9 \u00e0 long terme plut\u00f4t que sur des prix dont l\u2019effet est \u00e0 court terme. L\u2019objectif de ServKon est d\u2019accro\u00eetre la comp\u00e9titivit\u00e9 des PME qui fabriquent des biens d\u2019\u00e9quipement.[\/vc_column_text][\/vc_column_inner][\/vc_row_inner][\/vc_tta_section][vc_tta_section title=\u00a0\u00bbInnoProm\u00a0\u00bb tab_id=\u00a0\u00bb1515693362333-2959adbb-3596&Prime;][vc_row_inner][vc_column_inner width=\u00a0\u00bb1\/2&Prime;][vc_single_image image=\u00a0\u00bb1177&Prime; img_size=\u00a0\u00bbfull\u00a0\u00bb alignment=\u00a0\u00bbcenter\u00a0\u00bb][\/vc_column_inner][vc_column_inner width=\u00a0\u00bb1\/2&Prime;][vc_column_text]<strong>2011-2014: InnoProm &#8211; innovation et promotion<\/strong><br \/>\nLa productivit\u00e9 et la qualit\u00e9 des produits de service[\/vc_column_text][\/vc_column_inner][\/vc_row_inner][\/vc_tta_section][\/vc_tta_tabs][vc_empty_space alter_height=\u00a0\u00bbbiggest\u00a0\u00bb hide_on_mobile=\u00a0\u00bb\u00a0\u00bb css=\u00a0\u00bb.vc_custom_1489057329235{margin-bottom: 0.8rem !important;}\u00a0\u00bb][\/vc_column][\/vc_row]<\/p>\n","protected":false},"excerpt":{"rendered":"<p>[vc_row][vc_column][vc_empty_space alter_height=\u00a0\u00bblarge\u00a0\u00bb hide_on_mobile=\u00a0\u00bb\u00a0\u00bb][vc_column_text] L\u2019universit\u00e9 technique de Kaiserslautern g\u00e8re des projets de recherche proches de l\u2019industrie pour lesquels elle mise aussi sur le savoir-faire de la soci\u00e9t\u00e9 BRAUN. Stefan Braun Junior est impliqu\u00e9 dans deux de ces projets. [\/vc_column_text][vc_empty_space alter_height=\u00a0\u00bblarge\u00a0\u00bb hide_on_mobile=\u00a0\u00bb\u00a0\u00bb][vc_empty_space&hellip;<\/p>\n","protected":false},"author":1,"featured_media":0,"parent":0,"menu_order":0,"comment_status":"closed","ping_status":"closed","template":"","meta":[],"_links":{"self":[{"href":"https:\/\/braun-maschinenbau.info\/fr\/wp-json\/wp\/v2\/pages\/1528"}],"collection":[{"href":"https:\/\/braun-maschinenbau.info\/fr\/wp-json\/wp\/v2\/pages"}],"about":[{"href":"https:\/\/braun-maschinenbau.info\/fr\/wp-json\/wp\/v2\/types\/page"}],"author":[{"embeddable":true,"href":"https:\/\/braun-maschinenbau.info\/fr\/wp-json\/wp\/v2\/users\/1"}],"replies":[{"embeddable":true,"href":"https:\/\/braun-maschinenbau.info\/fr\/wp-json\/wp\/v2\/comments?post=1528"}],"version-history":[{"count":9,"href":"https:\/\/braun-maschinenbau.info\/fr\/wp-json\/wp\/v2\/pages\/1528\/revisions"}],"predecessor-version":[{"id":1895,"href":"https:\/\/braun-maschinenbau.info\/fr\/wp-json\/wp\/v2\/pages\/1528\/revisions\/1895"}],"wp:attachment":[{"href":"https:\/\/braun-maschinenbau.info\/fr\/wp-json\/wp\/v2\/media?parent=1528"}],"curies":[{"name":"wp","href":"https:\/\/api.w.org\/{rel}","templated":true}]}}