{"id":1631,"date":"2018-05-31T11:05:09","date_gmt":"2018-05-31T10:05:09","guid":{"rendered":"http:\/\/braun-maschinenbau.info\/?page_id=1631"},"modified":"2018-06-21T10:17:40","modified_gmt":"2018-06-21T09:17:40","slug":"nos-produits","status":"publish","type":"page","link":"https:\/\/braun-maschinenbau.info\/fr\/nos-produits\/","title":{"rendered":"Nos produits"},"content":{"rendered":"<p>[vc_row][vc_column][vc_empty_space alter_height=\u00a0\u00bblarge\u00a0\u00bb hide_on_mobile=\u00a0\u00bb\u00a0\u00bb][vc_column_text]<\/p>\n<h4 style=\"text-align: center;\"><strong>Nettoyer la terre autour des pieds de vigne sans produits chimiques<\/strong><\/h4>\n<p style=\"text-align: center;\">Nous sommes sp\u00e9cialis\u00e9es dans le d\u00e9sherbage m\u00e9canique et le travail \u00e9cologique des sols dans la culture de la vigne et des fruits.<\/p>\n<p>[\/vc_column_text][vc_empty_space alter_height=\u00a0\u00bbmedium\u00a0\u00bb hide_on_mobile=\u00a0\u00bb\u00a0\u00bb][vc_column_text]<\/p>\n<h4 style=\"text-align: center;\"><strong>Modulaires pour un sol vivant\u00a0!<\/strong><\/h4>\n<p style=\"text-align: center;\">Nos machines modulaires permettent une adaptation personnalis\u00e9e \u00e0 toutes les situations possibles. Nous proposons ainsi des extensions pour toutes les machines de base de mani\u00e8re \u00e0 offrir \u00e0 chaque client une solution individuelle et abordable.<\/p>\n<p>[\/vc_column_text][vc_empty_space alter_height=\u00a0\u00bbmedium\u00a0\u00bb hide_on_mobile=\u00a0\u00bb\u00a0\u00bb][vc_column_text]<\/p>\n<h4 style=\"text-align: center;\"><strong>D\u00e9veloppement inspir\u00e9 par la pratique et \u00e0 l\u2019\u00e9preuve du terrain<\/strong><\/h4>\n<p style=\"text-align: center;\">La qualit\u00e9 des produits Braun est \u00e9galement confirm\u00e9e par les contr\u00f4les effectu\u00e9s par la DLG, l\u2019association allemande de l\u2019agriculture (test DLG Signum).<br \/>\nPlusieurs de nos produits ont \u00e9t\u00e9 r\u00e9compens\u00e9s par des prix de l\u2019innovation.<\/p>\n<p>[\/vc_column_text][\/vc_column][\/vc_row][vc_row][vc_column]<div class=\"sc_layouts sc_layouts_default sc_layouts_1636\">[vc_row][vc_column icons_position=\"left\"][vc_empty_space alter_height=\"large\" hide_on_mobile=\"\"][\/vc_column][\/vc_row][vc_row][vc_column width=\"1\/3\" icons_position=\"left\"][\/vc_column][vc_column width=\"1\/3\" icons_position=\"left\"]<div class=\"sc_layouts_item\"><div id=\"sc_icons_217252687\" \n\tclass=\"sc_icons sc_icons_default sc_icons_size_large sc_align_center\"><div class=\"sc_icons_item\"><div class=\"sc_icons_image\"><img src=\"https:\/\/braun-maschinenbau.info\/wp-content\/uploads\/10-SS-Produkte-VPA-1.png\" alt=\"\" width=\"539\" height=\"539\"><\/div><\/div><\/div><!-- \/.sc_icons --><\/div>[vc_column_text css=\".vc_custom_1681199198395{padding-right: 30px !important;padding-left: 30px !important;}\"]\r\n<h3>Vineyard Pilot Assistant<\/h3>\r\n<ul>\r\n \t<li><span style=\"color: #787878;\">Meilleur r\u00e9sultat de travail\r\n<\/span><\/li>\r\n \t<li><span style=\"color: #787878;\">Plus de rendement de surface\r\n<\/span><\/li>\r\n \t<li><span style=\"color: #787878;\">Dur\u00e9e d'utilisation plus longue\r\n<\/span><\/li>\r\n<\/ul>\r\n<div id=\"simple-translate\" class=\"simple-translate-light-theme\">\r\n<div>\r\n<div class=\"simple-translate-button isShow\" style=\"background-image: url('moz-extension:\/\/4063e43c-c251-41c9-bd84-b59566ce9aa9\/icons\/512.png'); height: 22px; width: 22px; top: 181px; left: 36px;\"><\/div>\r\n<div class=\"simple-translate-panel \" style=\"width: 300px; height: 200px; top: 0px; left: 0px; font-size: 13px;\">\r\n<div class=\"simple-translate-result-wrapper\" style=\"overflow: hidden;\">\r\n<div class=\"simple-translate-move\" draggable=\"true\"><\/div>\r\n<div class=\"simple-translate-result-contents\">\r\n<p class=\"simple-translate-candidate\" dir=\"auto\"><\/p>\r\n\r\n<\/div>\r\n<\/div>\r\n<\/div>\r\n<\/div>\r\n<\/div>\r\n[\/vc_column_text][vc_empty_space hide_on_mobile=\"\"][vc_raw_html el_class=\"prod_detail_html\"]JTNDZGl2JTIwY2xhc3MlM0QlMjJzY19pdGVtX2J1dHRvbiUyMHNjX2J1dHRvbl93cmFwJTIwc2NfYWxpZ25fY2VudGVyJTIyJTNFJTNDYSUyMGhyZWYlM0QlMjJodHRwcyUzQSUyRiUyRnd3dy5icmF1bi12cGEuZGUlMkYlMjIlMjBpZCUzRCUyMnNjX2J1dHRvbl8xMjU5Mzg3MjEwJTIyJTIwY2xhc3MlM0QlMjJzY19idXR0b24lMjBzY19idXR0b25fZGVmYXVsdCUyMHZjX2N1c3RvbV8xNjM5MDUyNDY2Mjk3JTIwc2NfYnV0dG9uX3NpemVfbm9ybWFsJTIwc2NfYnV0dG9uX2ljb25fbGVmdCUyMHNjX2J1dHRvbl9ob3Zlcl9zbGlkZV9sZWZ0JTIyJTNFJTNDc3BhbiUyMGNsYXNzJTNEJTIyc2NfYnV0dG9uX3RleHQlMjBzY19hbGlnbl9jZW50ZXIlMjIlM0UlM0NzcGFuJTIwY2xhc3MlM0QlMjJzY19idXR0b25fdGl0bGUlMjIlM0VFbiUyMHNhdm9pciUyMHBsdXMlM0MlMkZzcGFuJTNFJTNDJTJGc3BhbiUzRSUzQyUyMS0tJTIwJTJGLnNjX2J1dHRvbl90ZXh0JTIwLS0lM0UlM0MlMkZhJTNFJTNDJTIxLS0lMjAlMkYuc2NfYnV0dG9uJTIwLS0lM0UlM0MlMkZkaXYlM0U=[\/vc_raw_html][\/vc_column][vc_column width=\"1\/3\" icons_position=\"left\"][\/vc_column][vc_column icons_position=\"left\"][vc_empty_space alter_height=\"medium\" hide_on_mobile=\"\"][\/vc_column][\/vc_row][vc_row][vc_column width=\"1\/3\" icons_position=\"left\"]<div class=\"sc_layouts_item\"><div id=\"sc_icons_1799333478\" \n\tclass=\"sc_icons sc_icons_default sc_icons_size_large sc_align_center\"><div class=\"sc_icons_item\"><div class=\"sc_icons_image\"><img src=\"https:\/\/braun-maschinenbau.info\/wp-content\/uploads\/2017\/03\/1-SS-Produkte-LUV-Farbmarke-e1510600168251.png\" alt=\"\" width=\"600\" height=\"539\"><\/div><\/div><\/div><!-- \/.sc_icons --><\/div>[vc_column_text css=\".vc_custom_1535276113325{padding-right: 30px !important;padding-left: 30px !important;}\"]\r\n<h3>Lame intercep\r\nLUV <em>Perfekt<\/em> | LUV <em>Modular<\/em><\/h3>\r\n<ul>\r\n \t<li><span style=\"color: #787878;\">Machine de base LUV avec extension modulaire possible pour herse rotative interceps ou \u00e9quipement de d\u00e9cavaillonnage<\/span><\/li>\r\n \t<li><span style=\"color: #787878;\">Pour le d\u00e9sherbage m\u00e9canique sous les pieds de vigne<\/span><\/li>\r\n \t<li><span style=\"color: #787878;\">Pour meubler la terre autour des ceps<\/span><\/li>\r\n<\/ul>\r\n[\/vc_column_text][vc_empty_space hide_on_mobile=\"\"][vc_raw_html el_class=\"prod_detail_html\"]JTNDYSUyMGhyZWYlM0QlMjIlMkZ3cC1jb250ZW50JTJGdXBsb2FkcyUyRjIwMTglMkYwNiUyRkxVVi0yMDEzLWZyYW56LVBPUy5wZGYlMjIlMjB0YXJnZXQlM0QlMjJfYmxhbmslMjIlMjByZWwlM0QlMjJub29wZW5lciUyMiUzRUJyb2NodXJlJTIwTFVWJTIwJTNDZW0lM0VQZXJmZWt0JTNDJTJGZW0lM0UlM0MlMkZhJTNFJTNDZW0lM0UlQzIlQTAlM0MlMkZlbSUzRSUyMCU3QyVDMiVBMCVDMiVBMCUzQ2ElMjBocmVmJTNEJTIyJTJGd3AtY29udGVudCUyRnVwbG9hZHMlMkYyMDE4JTJGMDYlMkZMVVYtTW9kdWxhci0yMDE1LWZyei1QT1MucGRmJTIyJTIwdGFyZ2V0JTNEJTIyX2JsYW5rJTIyJTIwcmVsJTNEJTIybm9vcGVuZXIlMjIlM0VMVVYlMjAlM0NlbSUzRU1vZHVsYXIlM0MlMkZlbSUzRSUzQyUyRmElM0UlQzIlQTAlMjAlN0MlQzIlQTAlQzIlQTAlM0NhJTIwaHJlZiUzRCUyMiUyRmZyJTJGbHV2LWdhbGVyaWUlMkYlMjNzY19hbmNob3JfdmlkZW9zJTIyJTNFVmlkJUMzJUE5byUyMHByb2R1aXQlM0MlMkZhJTNFJUMyJUEwJTIwJTdDJUMyJUEwJUMyJUEwJTNDYSUyMGhyZWYlM0QlMjIlMkZmciUyRmx1di1nYWxlcmllJTJGJTIyJTNFQWxidW0lMjBwaG90b3MlM0MlMkZhJTNF[\/vc_raw_html][\/vc_column][vc_column width=\"1\/3\" icons_position=\"left\"]<div class=\"sc_layouts_item\"><div id=\"sc_icons_228372947\" \n\tclass=\"sc_icons sc_icons_default sc_icons_size_large sc_align_center\"><div class=\"sc_icons_item\"><div class=\"sc_icons_image\"><img src=\"https:\/\/braun-maschinenbau.info\/wp-content\/uploads\/2017\/03\/2-SS-Produkte-Rollhacke-Farbmarke-e1510600307736.png\" alt=\"\" width=\"600\" height=\"539\"><\/div><\/div><\/div><!-- \/.sc_icons --><\/div>[vc_column_text css=\".vc_custom_1535276312883{padding-right: 30px !important;padding-left: 30px !important;}\"]\r\n<h3>Disque \u00e9motteur<\/h3>\r\n<ul>\r\n \t<li><span style=\"color: #787878;\">Manipulation facile et r\u00e9glage sans outil<\/span><\/li>\r\n \t<li><span style=\"color: #787878;\">Pour le d\u00e9sherbage m\u00e9canique sous les pieds de vigne<\/span><\/li>\r\n \t<li><span style=\"color: #787878;\">Pour meubler le sol le long des ceps<\/span><\/li>\r\n<\/ul>\r\n[\/vc_column_text][vc_empty_space hide_on_mobile=\"\"][vc_raw_html el_class=\"prod_detail_html\"]JTNDYSUyMGhyZWYlM0QlMjIlMkZ3cC1jb250ZW50JTJGdXBsb2FkcyUyRjIwMTglMkYwNiUyRlJvbGxoYWNrZS1mcnotUE9TLnBkZiUyMiUyMHRhcmdldCUzRCUyMl9ibGFuayUyMiUyMHJlbCUzRCUyMm5vb3BlbmVyJTIyJTNFQnJvY2h1cmUlM0MlMkZhJTNFJUMyJUEwJTIwJTdDJUMyJUEwJUMyJUEwJTNDYSUyMGhyZWYlM0QlMjIlMkZmciUyRnJvbGxoYWNrZSUyRiUyM3NjX2FuY2hvcl92aWRlb3MlMjIlM0VWaWQlQzMlQTlvJTIwcHJvZHVpdCUzQyUyRmElM0UlQzIlQTAlMjAlN0MlQzIlQTAlQzIlQTAlM0NhJTIwaHJlZiUzRCUyMiUyRmZyJTJGcm9sbGhhY2tlJTJGJTIyJTNFQWxidW0lMjBwaG90b3MlM0MlMkZhJTNF[\/vc_raw_html][\/vc_column][vc_column width=\"1\/3\" icons_position=\"left\"]<div class=\"sc_layouts_item\"><div id=\"sc_icons_1897769282\" \n\tclass=\"sc_icons sc_icons_default sc_icons_size_large sc_align_center\"><div class=\"sc_icons_item\"><div class=\"sc_icons_image\"><img src=\"https:\/\/braun-maschinenbau.info\/wp-content\/uploads\/2017\/03\/3-SS-Produkte-Scheibenpflug-Farbmarke-e1510600706703.png\" alt=\"\" width=\"600\" height=\"539\"><\/div><\/div><\/div><!-- \/.sc_icons --><\/div>[vc_column_text css=\".vc_custom_1535276419976{padding-right: 30px !important;padding-left: 30px !important;}\"]\r\n<h3>Disque cr\u00e9nel\u00e9<\/h3>\r\n<ul>\r\n \t<li><span style=\"color: #787878;\">Manipulation facile et r\u00e9glage sans outil<\/span><\/li>\r\n \t<li><span style=\"color: #787878;\">Pour le d\u00e9sherbage m\u00e9canique sous les pieds de vigne<\/span><\/li>\r\n \t<li><span style=\"color: #787878;\">Pour le buttage des ceps<\/span><\/li>\r\n<\/ul>\r\n[\/vc_column_text][vc_empty_space hide_on_mobile=\"\"][vc_raw_html el_class=\"prod_detail_html\"]JTNDYSUyMGhyZWYlM0QlMjIlMkZ3cC1jb250ZW50JTJGdXBsb2FkcyUyRjIwMTglMkYwNiUyRlNjaGVpYmVucGZsdWctZnJ6LVBPUy5wZGYlMjIlMjB0YXJnZXQlM0QlMjJfYmxhbmslMjIlMjByZWwlM0QlMjJub29wZW5lciUyMiUzRUJyb2NodXJlJTNDJTJGYSUzRSVDMiVBMCUyMCU3QyVDMiVBMCVDMiVBMCUzQ2ElMjBocmVmJTNEJTIyJTJGZnIlMkZzY2hlaWJlbnBmbHVnJTJGJTIzc2NfYW5jaG9yX3ZpZGVvcyUyMiUzRVZpZCVDMyVBOW8lMjBwcm9kdWl0JTNDJTJGYSUzRSVDMiVBMCUyMCU3QyVDMiVBMCVDMiVBMCUzQ2ElMjBocmVmJTNEJTIyJTJGZnIlMkZzY2hlaWJlbnBmbHVnJTJGJTIyJTNFQWxidW0lMjBwaG90b3MlM0MlMkZhJTNF[\/vc_raw_html][\/vc_column][vc_column icons_position=\"left\"][vc_empty_space alter_height=\"medium\" hide_on_mobile=\"\"][\/vc_column][\/vc_row][vc_row el_class=\"product_details\"][vc_column width=\"1\/3\" icons_position=\"left\"]<div class=\"sc_layouts_item\"><div id=\"sc_icons_1904473968\" \n\tclass=\"sc_icons sc_icons_default sc_icons_size_large sc_align_center\"><div class=\"sc_icons_item\"><div class=\"sc_icons_image\"><img src=\"https:\/\/braun-maschinenbau.info\/wp-content\/uploads\/2017\/03\/4-SS-Produkte-RP-Farbmarke-e1510601102488.png\" alt=\"\" width=\"600\" height=\"539\"><\/div><\/div><\/div><!-- \/.sc_icons --><\/div>[vc_column_text css=\".vc_custom_1535276475437{padding-right: 30px !important;padding-left: 30px !important;}\"]\r\n<h3>\u00c9pampreuse <em>W1<\/em> \/ <em>W2<\/em><\/h3>\r\n<ul>\r\n \t<li><span style=\"color: #787878;\">Pour \u00e9liminer les pampres<\/span><\/li>\r\n \t<li><span style=\"color: #787878;\">Pour pailler les cavaillons<\/span><\/li>\r\n \t<li><span style=\"color: #787878;\">Pour d\u00e9placer le bois de paillage vers le centre du rang<\/span><\/li>\r\n<\/ul>\r\n[\/vc_column_text][vc_empty_space hide_on_mobile=\"\"][vc_raw_html el_class=\"prod_detail_html\"]JTNDYSUyMGhyZWYlM0QlMjIlMkZ3cC1jb250ZW50JTJGdXBsb2FkcyUyRjIwMTglMkYwNiUyRlJlYnN0YW1tcHV0emVyLTIwMTMtZnJ6LVBPUy5wZGYlMjIlMjB0YXJnZXQlM0QlMjJfYmxhbmslMjIlMjByZWwlM0QlMjJub29wZW5lciUyMiUzRUJyb2NodXJlJTNDJTJGYSUzRSVDMiVBMCUyMCU3QyVDMiVBMCVDMiVBMCUzQ2ElMjBocmVmJTNEJTIyJTJGZnIlMkZyZWJzdGFtbXB1dHplci13MS13MiUyRiUyM3NjX2FuY2hvcl92aWRlb3MlMjIlM0VWaWQlQzMlQTlvJTIwcHJvZHVpdCUzQyUyRmElM0UlQzIlQTAlMjAlN0MlQzIlQTAlQzIlQTAlM0NhJTIwaHJlZiUzRCUyMiUyRmZyJTJGcmVic3RhbW1wdXR6ZXItdzEtdzIlMkYlMjIlM0VBbGJ1bSUyMHBob3RvcyUzQyUyRmElM0U=[\/vc_raw_html][\/vc_column][vc_column width=\"1\/3\" icons_position=\"left\"]<div class=\"sc_layouts_item\"><div id=\"sc_icons_2020952581\" \n\tclass=\"sc_icons sc_icons_default sc_icons_size_large sc_align_center\"><div class=\"sc_icons_item\"><div class=\"sc_icons_image\"><img src=\"https:\/\/braun-maschinenbau.info\/wp-content\/uploads\/2017\/03\/5-SS-Produkte-VG-Farbmarke-e1510601235276.png\" alt=\"\" width=\"600\" height=\"539\"><\/div><\/div><\/div><!-- \/.sc_icons --><\/div>[vc_column_text css=\".vc_custom_1535276551062{padding-right: 30px !important;padding-left: 30px !important;}\"]\r\n<h3>Cultivateur\u00a0<em>Vario<\/em><\/h3>\r\n<ul>\r\n \t<li><span style=\"color: #787878;\">Ch\u00e2ssis modulaire extensible destin\u00e9 \u00e0 tous les travaux de pr\u00e9paration<\/span><\/li>\r\n \t<li><span style=\"color: #787878;\">Pour meubler les sols durs<\/span><\/li>\r\n \t<li><span style=\"color: #787878;\">Pour a\u00e9rer et r\u00e9g\u00e9n\u00e9rer les rangs enherb\u00e9s envahis par la mousse<\/span><\/li>\r\n<\/ul>\r\n[\/vc_column_text][vc_empty_space hide_on_mobile=\"\"][vc_raw_html el_class=\"prod_detail_html\"]JTNDYSUyMGhyZWYlM0QlMjIlMkZ3cC1jb250ZW50JTJGdXBsb2FkcyUyRjIwMTglMkYwNiUyRlZvcmdydWJiZXItMjAxMy1mcmFuei1QT1MucGRmJTIyJTIwdGFyZ2V0JTNEJTIyX2JsYW5rJTIyJTIwcmVsJTNEJTIybm9vcGVuZXIlMjIlM0VCcm9jaHVyZSUzQyUyRmElM0UlQzIlQTAlMjAlN0MlQzIlQTAlQzIlQTAlM0NhJTIwaHJlZiUzRCUyMiUyRmZyJTJGdm9yZ3J1YmJlci12YXJpbyUyRiUyMiUzRUFsYnVtJTIwcGhvdG9zJTNDJTJGYSUzRQ==[\/vc_raw_html][\/vc_column][vc_column width=\"1\/3\" icons_position=\"left\"]<div class=\"sc_layouts_item\"><div id=\"sc_icons_2108128568\" \n\tclass=\"sc_icons sc_icons_default sc_icons_size_large sc_align_center\"><div class=\"sc_icons_item\"><div class=\"sc_icons_image\"><img src=\"https:\/\/braun-maschinenbau.info\/wp-content\/uploads\/2017\/03\/6-SS-Produkte-UKR-Farbmarke-e1510601344301.png\" alt=\"\" width=\"600\" height=\"539\"><\/div><\/div><\/div><!-- \/.sc_icons --><\/div>[vc_column_text css=\".vc_custom_1535276631083{padding-right: 30px !important;padding-left: 30px !important;}\"]\r\n<h3>Ch\u00e2ssis universel de cultivateur <em>UKR<\/em><\/h3>\r\n<ul>\r\n \t<li><span style=\"color: #787878;\">Porte-outil pour syst\u00e8me hydraulique avant et arri\u00e8re<\/span><\/li>\r\n \t<li><span style=\"color: #787878;\">Cultivateur \u00e0 dents flexibles pour le travail des sols l\u00e9gers<\/span><\/li>\r\n<\/ul>\r\n[\/vc_column_text][vc_empty_space hide_on_mobile=\"\"][vc_raw_html el_class=\"prod_detail_html\"]JTNDYSUyMGhyZWYlM0QlMjIlMkZmciUyRnVuaXZlcnNhbC1rdWx0aXZhdG9yLXJhaG1lbi11a3IlMkYlMjIlM0VBbGJ1bSUyMHBob3RvcyUzQyUyRmElM0U=[\/vc_raw_html][\/vc_column][vc_column icons_position=\"left\"][vc_empty_space alter_height=\"medium\" hide_on_mobile=\"\"][\/vc_column][\/vc_row][vc_row][vc_column width=\"1\/3\" icons_position=\"left\"]<div class=\"sc_layouts_item\"><div id=\"sc_icons_497762265\" \n\tclass=\"sc_icons sc_icons_default sc_icons_size_large sc_align_center\"><div class=\"sc_icons_item\"><div class=\"sc_icons_image\"><img src=\"https:\/\/braun-maschinenbau.info\/wp-content\/uploads\/2017\/03\/7-SS-Produkte-ActiRoll-Farbmarke-e1510601440799.png\" alt=\"\" width=\"600\" height=\"539\"><\/div><\/div><\/div><!-- \/.sc_icons --><\/div>[vc_column_text css=\".vc_custom_1535276691565{padding-right: 30px !important;padding-left: 30px !important;}\"]\r\n<h3>ActiRoll <em>Uno | Duo<\/em><\/h3>\r\n<ul>\r\n \t<li><span style=\"color: #787878;\">Pour le fauchage de la v\u00e9g\u00e9talisation haute entre les rangs<\/span><\/li>\r\n \t<li><span style=\"color: #787878;\">Pour briser les mottes de terre et broyer les restes organiques<\/span><\/li>\r\n<\/ul>\r\n[\/vc_column_text][vc_empty_space hide_on_mobile=\"\"][vc_raw_html el_class=\"prod_detail_html\"]JTNDYSUyMGhyZWYlM0QlMjIlMkZmciUyRmFjdGlyb2xsLXVuby1kdW8lMkYlMjNzY19hbmNob3JfdmlkZW9zJTIyJTNFVmlkJUMzJUE5byUyMHByb2R1aXQlM0MlMkZhJTNFJUMyJUEwJTIwJTdDJUMyJUEwJUMyJUEwJTNDYSUyMGhyZWYlM0QlMjIlMkZmciUyRmFjdGlyb2xsLXVuby1kdW8lMkYlMjIlM0VBbGJ1bSUyMHBob3RvcyUzQyUyRmElM0U=[\/vc_raw_html][\/vc_column][vc_column width=\"1\/3\" icons_position=\"left\"]<div class=\"sc_layouts_item\"><div id=\"sc_icons_1531380960\" \n\tclass=\"sc_icons sc_icons_default sc_icons_size_large sc_align_center\"><div class=\"sc_icons_item\"><div class=\"sc_icons_image\"><img src=\"https:\/\/braun-maschinenbau.info\/wp-content\/uploads\/2017\/03\/8-SS-Produkte-Mulcherl-Farbmarke-e1510601660408.png\" alt=\"\" width=\"600\" height=\"539\"><\/div><\/div><\/div><!-- \/.sc_icons --><\/div>[vc_column_text css=\".vc_custom_1535276743193{padding-right: 30px !important;padding-left: 30px !important;}\"]\r\n<h3>Tondeuse <em>Alpha 2000 | Sensotronic<\/em><\/h3>\r\n<ul>\r\n \t<li><span style=\"color: #787878;\">R\u00e9glage hydraulique de la largeur de voie<\/span><\/li>\r\n \t<li><span style=\"color: #787878;\">Pour pailler les vignes et les vergers enherb\u00e9s<\/span><\/li>\r\n \t<li><span style=\"color: #787878;\">Pour broyer le bois de vigne et de taille<\/span><\/li>\r\n<\/ul>\r\n[\/vc_column_text][vc_empty_space hide_on_mobile=\"\"][vc_raw_html el_class=\"prod_detail_html\"]JTNDYSUyMGhyZWYlM0QlMjIlMkZ3cC1jb250ZW50JTJGdXBsb2FkcyUyRjIwMTglMkYwNiUyRk11bGNoZXItMjAxMy1mcnotUE9TLnBkZiUyMiUyMHRhcmdldCUzRCUyMl9ibGFuayUyMiUyMHJlbCUzRCUyMm5vb3BlbmVyJTIyJTNFQnJvY2h1cmUlM0MlMkZhJTNFJUMyJUEwJTIwJTdDJUMyJUEwJUMyJUEwJTNDYSUyMGhyZWYlM0QlMjIlMkZmciUyRm11bGNoZXItYWxwaGEtMjAwMC1zZW5zb3Ryb25pYyUyRiUyM3NjX2FuY2hvcl92aWRlb3MlMjIlM0VWaWQlQzMlQTlvJTIwcHJvZHVpdCUzQyUyRmElM0UlQzIlQTAlMjAlN0MlQzIlQTAlQzIlQTAlM0NhJTIwaHJlZiUzRCUyMiUyRmZyJTJGbXVsY2hlci1hbHBoYS0yMDAwLXNlbnNvdHJvbmljJTJGJTIyJTNFQWxidW0lMjBwaG90b3MlM0MlMkZhJTNF[\/vc_raw_html][\/vc_column][vc_column width=\"1\/3\" icons_position=\"left\"]<div class=\"sc_layouts_item\"><div id=\"sc_icons_1811196572\" \n\tclass=\"sc_icons sc_icons_default sc_icons_size_large sc_align_center\"><div class=\"sc_icons_item\"><div class=\"sc_icons_image\"><img src=\"https:\/\/braun-maschinenbau.info\/wp-content\/uploads\/2017\/03\/9-SS-Produkte-Kreiselegge-Farbmarke-e1510601728839.png\" alt=\"\" width=\"600\" height=\"539\"><\/div><\/div><\/div><!-- \/.sc_icons --><\/div>[vc_column_text css=\".vc_custom_1535276799178{padding-right: 30px !important;padding-left: 30px !important;}\"]\r\n<h3>Herse rotative \/ semoir<\/h3>\r\n<ul>\r\n \t<li><span style=\"color: #787878;\">Pour pr\u00e9parer l\u2019ensemencement<\/span><\/li>\r\n \t<li><span style=\"color: #787878;\">Pour cr\u00e9er un sol fin<\/span><\/li>\r\n<\/ul>\r\n[\/vc_column_text][vc_empty_space hide_on_mobile=\"\"][vc_raw_html el_class=\"prod_detail_html\"]JTNDYSUyMGhyZWYlM0QlMjIlMkZmciUyRmtyZWlzZWxlZ2dlLXNhZW1hc2NoaW5lJTJGJTIyJTNFQWxidW0lMjBwaG90b3MlM0MlMkZhJTNF[\/vc_raw_html][\/vc_column][\/vc_row][vc_row][vc_column icons_position=\"left\"][vc_empty_space alter_height=\"large\" hide_on_mobile=\"\"][\/vc_column][\/vc_row]<\/div>[\/vc_column][\/vc_row]<\/p>\n","protected":false},"excerpt":{"rendered":"<p>[vc_row][vc_column][vc_empty_space alter_height=\u00a0\u00bblarge\u00a0\u00bb hide_on_mobile=\u00a0\u00bb\u00a0\u00bb][vc_column_text] Nettoyer la terre autour des pieds de vigne sans produits chimiques Nous sommes sp\u00e9cialis\u00e9es dans le d\u00e9sherbage m\u00e9canique et le travail \u00e9cologique des sols dans la culture de la vigne et des fruits. [\/vc_column_text][vc_empty_space alter_height=\u00a0\u00bbmedium\u00a0\u00bb hide_on_mobile=\u00a0\u00bb\u00a0\u00bb][vc_column_text] Modulaires&hellip;<\/p>\n","protected":false},"author":1,"featured_media":0,"parent":0,"menu_order":0,"comment_status":"closed","ping_status":"closed","template":"","meta":[],"_links":{"self":[{"href":"https:\/\/braun-maschinenbau.info\/fr\/wp-json\/wp\/v2\/pages\/1631"}],"collection":[{"href":"https:\/\/braun-maschinenbau.info\/fr\/wp-json\/wp\/v2\/pages"}],"about":[{"href":"https:\/\/braun-maschinenbau.info\/fr\/wp-json\/wp\/v2\/types\/page"}],"author":[{"embeddable":true,"href":"https:\/\/braun-maschinenbau.info\/fr\/wp-json\/wp\/v2\/users\/1"}],"replies":[{"embeddable":true,"href":"https:\/\/braun-maschinenbau.info\/fr\/wp-json\/wp\/v2\/comments?post=1631"}],"version-history":[{"count":26,"href":"https:\/\/braun-maschinenbau.info\/fr\/wp-json\/wp\/v2\/pages\/1631\/revisions"}],"predecessor-version":[{"id":1919,"href":"https:\/\/braun-maschinenbau.info\/fr\/wp-json\/wp\/v2\/pages\/1631\/revisions\/1919"}],"wp:attachment":[{"href":"https:\/\/braun-maschinenbau.info\/fr\/wp-json\/wp\/v2\/media?parent=1631"}],"curies":[{"name":"wp","href":"https:\/\/api.w.org\/{rel}","templated":true}]}}