{"id":1649,"date":"2018-06-01T08:16:21","date_gmt":"2018-06-01T07:16:21","guid":{"rendered":"http:\/\/braun-maschinenbau.info\/jobs-karriere\/"},"modified":"2021-01-07T11:44:59","modified_gmt":"2021-01-07T10:44:59","slug":"jobs-karriere","status":"publish","type":"page","link":"https:\/\/braun-maschinenbau.info\/fr\/jobs-karriere\/","title":{"rendered":"Postes &#038; Carriere"},"content":{"rendered":"<p>[vc_row][vc_column][vc_empty_space alter_height=\u00a0\u00bblarge\u00a0\u00bb hide_on_mobile=\u00a0\u00bb\u00a0\u00bb css=\u00a0\u00bb.vc_custom_1489047420985{margin-bottom: 0.2rem !important;}\u00a0\u00bb]<div id=\"sc_title_410653821\"\n\t\tclass=\"sc_title sc_title_default\"><h6 class=\"sc_item_subtitle sc_title_subtitle sc_align_center sc_item_title_style_default\">Nous cherchons des renforts<\/h6><h2 class=\"sc_item_title sc_title_title sc_align_center sc_item_title_style_default sc_item_title_tag\">Offres d'emploi<\/h2><\/div><!-- \/.sc_title -->[vc_empty_space alter_height=\u00a0\u00bbmedium\u00a0\u00bb hide_on_mobile=\u00a0\u00bb\u00a0\u00bb][vc_column_text]<\/p>\n<h4 style=\"text-align: center;\">La soci\u00e9t\u00e9 Braun Maschinenbau GmbH con\u00e7oit et produit depuis 60\u00a0ans du mat\u00e9riel pour la pr\u00e9paration \u00e9cologique des sols dans la viticulture et la culture fruiti\u00e8re, et les commercialise dans le monde entier par le biais de son propre r\u00e9seau de revendeurs.\u00a0 Innovation et qualit\u00e9 sont primordiales pour cette entreprise familiale allemande implant\u00e9e dans la r\u00e9gion Rh\u00e9nanie-Palatinat.<\/h4>\n<p>[\/vc_column_text][vc_empty_space alter_height=\u00a0\u00bbmedium\u00a0\u00bb hide_on_mobile=\u00a0\u00bb\u00a0\u00bb][\/vc_column][\/vc_row][vc_row][vc_column width=\u00a0\u00bb1\/2&Prime;][vc_single_image image=\u00a0\u00bb1658&Prime; img_size=\u00a0\u00bblarge\u00a0\u00bb][vc_empty_space alter_height=\u00a0\u00bbsmall\u00a0\u00bb hide_on_mobile=\u00a0\u00bb\u00a0\u00bb css=\u00a0\u00bb.vc_custom_1489048815012{margin-top: 0.35rem !important;}\u00a0\u00bb][vc_column_text]L\u2019une des forces de BRAUN repose dans la formation des professionnels de demain et dans l\u2019\u00e9volution de carri\u00e8re de nos collaborateurs et collaboratrices. Nous formons des m\u00e9canicien(ne)s-ajusteur(euse)s et offrons aux jeunes des opportunit\u00e9s d\u2019\u00e9volution et de promotion au sein de l\u2019entreprise.<\/p>\n<p>Les \u00e9tudiant(e)s en g\u00e9nie m\u00e9canique et en ing\u00e9nierie d\u2019affaires ont la possibilit\u00e9 d\u2019\u00e9crire leur projet de fin d\u2019\u00e9tudes ou d\u2019effectuer des stages au sein de BRAUN. L\u2019an prochain, nous entendons de nouveau accueillir des jeunes dans le cadre de leur formation professionnelle.[\/vc_column_text][vc_empty_space alter_height=\u00a0\u00bbsmall\u00a0\u00bb hide_on_mobile=\u00a0\u00bb\u00a0\u00bb][vc_single_image image=\u00a0\u00bb1657&Prime; img_size=\u00a0\u00bblarge\u00a0\u00bb][vc_empty_space alter_height=\u00a0\u00bbbiggest\u00a0\u00bb hide_on_mobile=\u00a0\u00bb\u00a0\u00bb][\/vc_column][vc_column width=\u00a0\u00bb1\/2&Prime;][vc_tta_accordion shape=\u00a0\u00bbsquare\u00a0\u00bb c_icon=\u00a0\u00bbchevron\u00a0\u00bb c_position=\u00a0\u00bbright\u00a0\u00bb active_section=\u00a0\u00bb0&Prime; no_fill=\u00a0\u00bbtrue\u00a0\u00bb collapsible_all=\u00a0\u00bbtrue\u00a0\u00bb el_class=\u00a0\u00bbjob_Info_wrapper\u00a0\u00bb][vc_tta_section title=\u00a0\u00bbPersonnel de vente dans les bureaux et sur le terrain\u00a0\u00bb tab_id=\u00a0\u00bb1479118119676-0c143415-f00f\u00a0\u00bb el_class=\u00a0\u00bbhide\u00a0\u00bb][\/vc_tta_section][vc_tta_section title=\u00a0\u00bbMonteur(euse) sp\u00e9cialis\u00e9(e)\u00a0\u00bb tab_id=\u00a0\u00bb1521478617360-7c6b2b30-6a52&Prime;][\/vc_tta_section][vc_tta_section title=\u00a0\u00bbSoudeur\/soudeuse\u00a0\u00bb tab_id=\u00a0\u00bb1479118320566-27f5d3ff-7fd7&Prime;][\/vc_tta_section][vc_tta_section title=\u00a0\u00bbM\u00e9canicien(ne)-ajusteur(euse)\u00a0\u00bb tab_id=\u00a0\u00bb1479118351425-27416a83-cfdb\u00a0\u00bb el_class=\u00a0\u00bbhide\u00a0\u00bb][\/vc_tta_section][vc_tta_section title=\u00a0\u00bbConstructeur(trice) m\u00e9tallique\u00a0\u00bb tab_id=\u00a0\u00bb1487254986871-d428d906-c17c\u00a0\u00bb][\/vc_tta_section][\/vc_tta_accordion][vc_empty_space alter_height=\u00a0\u00bbhuge\u00a0\u00bb hide_on_mobile=\u00a0\u00bb\u00a0\u00bb][\/vc_column][\/vc_row]<\/p>\n","protected":false},"excerpt":{"rendered":"<p>[vc_row][vc_column][vc_empty_space alter_height=\u00a0\u00bblarge\u00a0\u00bb hide_on_mobile=\u00a0\u00bb\u00a0\u00bb css=\u00a0\u00bb.vc_custom_1489047420985{margin-bottom: 0.2rem !important;}\u00a0\u00bb][vc_empty_space alter_height=\u00a0\u00bbmedium\u00a0\u00bb hide_on_mobile=\u00a0\u00bb\u00a0\u00bb][vc_column_text] La soci\u00e9t\u00e9 Braun Maschinenbau GmbH con\u00e7oit et produit depuis 60\u00a0ans du mat\u00e9riel pour la pr\u00e9paration \u00e9cologique des sols dans la viticulture et la culture fruiti\u00e8re, et les commercialise dans le monde entier&hellip;<\/p>\n","protected":false},"author":1,"featured_media":0,"parent":0,"menu_order":0,"comment_status":"closed","ping_status":"closed","template":"","meta":[],"_links":{"self":[{"href":"https:\/\/braun-maschinenbau.info\/fr\/wp-json\/wp\/v2\/pages\/1649"}],"collection":[{"href":"https:\/\/braun-maschinenbau.info\/fr\/wp-json\/wp\/v2\/pages"}],"about":[{"href":"https:\/\/braun-maschinenbau.info\/fr\/wp-json\/wp\/v2\/types\/page"}],"author":[{"embeddable":true,"href":"https:\/\/braun-maschinenbau.info\/fr\/wp-json\/wp\/v2\/users\/1"}],"replies":[{"embeddable":true,"href":"https:\/\/braun-maschinenbau.info\/fr\/wp-json\/wp\/v2\/comments?post=1649"}],"version-history":[{"count":28,"href":"https:\/\/braun-maschinenbau.info\/fr\/wp-json\/wp\/v2\/pages\/1649\/revisions"}],"predecessor-version":[{"id":4950,"href":"https:\/\/braun-maschinenbau.info\/fr\/wp-json\/wp\/v2\/pages\/1649\/revisions\/4950"}],"wp:attachment":[{"href":"https:\/\/braun-maschinenbau.info\/fr\/wp-json\/wp\/v2\/media?parent=1649"}],"curies":[{"name":"wp","href":"https:\/\/api.w.org\/{rel}","templated":true}]}}