{"id":1662,"date":"2018-06-01T08:17:04","date_gmt":"2018-06-01T07:17:04","guid":{"rendered":"http:\/\/braun-maschinenbau.info\/kooperationen-weinbauschulen\/"},"modified":"2018-06-21T09:55:53","modified_gmt":"2018-06-21T08:55:53","slug":"collaborations-ecoles-de-viticulture","status":"publish","type":"page","link":"https:\/\/braun-maschinenbau.info\/fr\/collaborations-ecoles-de-viticulture\/","title":{"rendered":"Collaborations | \u00c9coles de viticulture"},"content":{"rendered":"<p>[vc_row][vc_column][vc_empty_space alter_height=\u00a0\u00bblarge\u00a0\u00bb hide_on_mobile=\u00a0\u00bb\u00a0\u00bb]<div id=\"sc_title_1087197684\"\n\t\tclass=\"sc_title sc_title_default\"><h2 class=\"sc_item_title sc_title_title sc_align_center sc_item_title_style_default sc_item_title_tag\">Coop\u00e9rations avec des \u00e9coles de viticulture<\/h2><\/div><!-- \/.sc_title -->[vc_empty_space alter_height=\u00a0\u00bbmedium\u00a0\u00bb hide_on_mobile=\u00a0\u00bb\u00a0\u00bb][vc_column_text]<br \/>\nLes \u00e9coles de formation et de recherche sp\u00e9cialis\u00e9es dans la viticulture et la culture fruiti\u00e8re contribuent \u00e0 transmettre les connaissances et les savoir-faire aupr\u00e8s des professionnels de demain. Nous mettons un point d\u2019honneur \u00e0 \u00e9pauler ces \u00e9coles de la viticulture. Ces collaborations nous permettent de communiquer notre exp\u00e9rience dans le travail des sols et dans l\u2019utilisation des machines les mieux adapt\u00e9es \u00e0 l\u2019occasion de d\u00e9monstrations, d\u2019expositions ou lors des \u00ab\u00a0journ\u00e9es de la technique\u00a0\u00bb organis\u00e9es au sein de ces \u00e9coles.<\/p>\n<p>Leurs \u00e9tudiants sont toujours les bienvenus lors des visites de notre entreprise. Ces \u00e9changes orient\u00e9s sur la pratique permettent d\u2019expliquer l\u2019emploi des diff\u00e9rents \u00e9quipements et l\u2019int\u00e9r\u00eat de travailler les sols en se passant de tout produit chimique.<br \/>\n[\/vc_column_text][vc_empty_space alter_height=\u00a0\u00bbmedium\u00a0\u00bb hide_on_mobile=\u00a0\u00bb\u00a0\u00bb][vc_tta_tabs shape=\u00a0\u00bbsquare\u00a0\u00bb active_section=\u00a0\u00bb1&Prime; no_fill_content_area=\u00a0\u00bbtrue\u00a0\u00bb][vc_tta_section title=\u00a0\u00bbForschungsanstalt Geisenheim\u00a0\u00bb tab_id=\u00a0\u00bb1487244145296-2b354d53-c60a\u00a0\u00bb][vc_row_inner][vc_column_inner width=\u00a0\u00bb1\/2&Prime;][vc_single_image image=\u00a0\u00bb1394&Prime; img_size=\u00a0\u00bbfull\u00a0\u00bb alignment=\u00a0\u00bbcenter\u00a0\u00bb][\/vc_column_inner][vc_column_inner width=\u00a0\u00bb1\/2&Prime;][vc_column_text]<\/p>\n<h3><strong>Hochschule Geisenheim University (HGU)<\/strong><\/h3>\n<h4><strong><a href=\"http:\/\/www.hs-geisenheim.de\" target=\"_blank\" rel=\"noopener\">www.hs-geisenheim.de<\/a><\/strong><\/h4>\n<p>[\/vc_column_text][\/vc_column_inner][\/vc_row_inner][\/vc_tta_section][vc_tta_section title=\u00a0\u00bbWeinbauschule Weinsberg\u00a0\u00bb tab_id=\u00a0\u00bb1487244145312-2a5d7dde-c5ce\u00a0\u00bb][vc_row_inner][vc_column_inner width=\u00a0\u00bb1\/2&Prime;][vc_single_image image=\u00a0\u00bb1425&Prime; img_size=\u00a0\u00bbfull\u00a0\u00bb alignment=\u00a0\u00bbcenter\u00a0\u00bb][\/vc_column_inner][vc_column_inner width=\u00a0\u00bb1\/2&Prime;][vc_column_text]<\/p>\n<h3><strong>Staatliche Lehr- und Versuchsanstalt f\u00fcr Wein- und Obstbau Weinsberg<br \/>\n<\/strong><\/h3>\n<h4><a href=\"http:\/\/www.lvwo-bw.de\/\" target=\"_blank\" rel=\"noopener\">www.lvwo-bw.de<\/a><\/h4>\n<p>[\/vc_column_text][\/vc_column_inner][\/vc_row_inner][\/vc_tta_section][vc_tta_section title=\u00a0\u00bbWeincampus Neustadt\u00a0\u00bb tab_id=\u00a0\u00bb1519666156063-27b95e45-1e88&Prime;][vc_row_inner][vc_column_inner width=\u00a0\u00bb1\/2&Prime;][vc_single_image image=\u00a0\u00bb1420&Prime; img_size=\u00a0\u00bbfull\u00a0\u00bb alignment=\u00a0\u00bbcenter\u00a0\u00bb][\/vc_column_inner][vc_column_inner width=\u00a0\u00bb1\/2&Prime;][vc_column_text]<\/p>\n<h3><strong>Weincampus Neustadt<\/strong><\/h3>\n<h4><a href=\"https:\/\/www.weincampus-neustadt.de\/\" target=\"_blank\" rel=\"noopener\">www.weincampus-neustadt.de<\/a><\/h4>\n<p>[\/vc_column_text][\/vc_column_inner][\/vc_row_inner][\/vc_tta_section][vc_tta_section title=\u00a0\u00bbLWG\u00a0\u00bb tab_id=\u00a0\u00bb1519666260449-9eb00097-dcb5&Prime;][vc_row_inner][vc_column_inner width=\u00a0\u00bb1\/2&Prime;][vc_single_image image=\u00a0\u00bb1422&Prime; img_size=\u00a0\u00bbfull\u00a0\u00bb alignment=\u00a0\u00bbcenter\u00a0\u00bb][\/vc_column_inner][vc_column_inner width=\u00a0\u00bb1\/2&Prime;][vc_column_text]<\/p>\n<h3 class=\"r\"><strong>Bayerische Landesanstalt f\u00fcr Weinbau und Gartenbau<\/strong><\/h3>\n<h4><a href=\"https:\/\/www.lwg.bayern.de\/\" target=\"_blank\" rel=\"noopener\">www.lwg.bayern.de<\/a><\/h4>\n<p>[\/vc_column_text][\/vc_column_inner][\/vc_row_inner][\/vc_tta_section][vc_tta_section title=\u00a0\u00bbDEULA\u00a0\u00bb tab_id=\u00a0\u00bb1519666279028-b0a22285-855a\u00a0\u00bb][vc_row_inner][vc_column_inner width=\u00a0\u00bb1\/2&Prime;][vc_single_image image=\u00a0\u00bb1423&Prime; img_size=\u00a0\u00bbfull\u00a0\u00bb alignment=\u00a0\u00bbcenter\u00a0\u00bb][\/vc_column_inner][vc_column_inner width=\u00a0\u00bb1\/2&Prime;][vc_column_text]<\/p>\n<h3 class=\"r\"><strong>Deutsche Lehranstalt f\u00fcr Agrartechnik, Bundesverband DEULA e.V.<\/strong><\/h3>\n<h4><a href=\"https:\/\/www.deula.de\/\" target=\"_blank\" rel=\"noopener\">www.deula.de<\/a><\/h4>\n<p>[\/vc_column_text][\/vc_column_inner][\/vc_row_inner][\/vc_tta_section][\/vc_tta_tabs][vc_empty_space alter_height=\u00a0\u00bbbiggest\u00a0\u00bb hide_on_mobile=\u00a0\u00bb\u00a0\u00bb css=\u00a0\u00bb.vc_custom_1489057329235{margin-bottom: 0.8rem !important;}\u00a0\u00bb][\/vc_column][\/vc_row]<\/p>\n","protected":false},"excerpt":{"rendered":"<p>[vc_row][vc_column][vc_empty_space alter_height=\u00a0\u00bblarge\u00a0\u00bb hide_on_mobile=\u00a0\u00bb\u00a0\u00bb][vc_empty_space alter_height=\u00a0\u00bbmedium\u00a0\u00bb hide_on_mobile=\u00a0\u00bb\u00a0\u00bb][vc_column_text] Les \u00e9coles de formation et de recherche sp\u00e9cialis\u00e9es dans la viticulture et la culture fruiti\u00e8re contribuent \u00e0 transmettre les connaissances et les savoir-faire aupr\u00e8s des professionnels de demain. Nous mettons un point d\u2019honneur \u00e0 \u00e9pauler&hellip;<\/p>\n","protected":false},"author":1,"featured_media":0,"parent":0,"menu_order":0,"comment_status":"closed","ping_status":"closed","template":"","meta":[],"_links":{"self":[{"href":"https:\/\/braun-maschinenbau.info\/fr\/wp-json\/wp\/v2\/pages\/1662"}],"collection":[{"href":"https:\/\/braun-maschinenbau.info\/fr\/wp-json\/wp\/v2\/pages"}],"about":[{"href":"https:\/\/braun-maschinenbau.info\/fr\/wp-json\/wp\/v2\/types\/page"}],"author":[{"embeddable":true,"href":"https:\/\/braun-maschinenbau.info\/fr\/wp-json\/wp\/v2\/users\/1"}],"replies":[{"embeddable":true,"href":"https:\/\/braun-maschinenbau.info\/fr\/wp-json\/wp\/v2\/comments?post=1662"}],"version-history":[{"count":5,"href":"https:\/\/braun-maschinenbau.info\/fr\/wp-json\/wp\/v2\/pages\/1662\/revisions"}],"predecessor-version":[{"id":1899,"href":"https:\/\/braun-maschinenbau.info\/fr\/wp-json\/wp\/v2\/pages\/1662\/revisions\/1899"}],"wp:attachment":[{"href":"https:\/\/braun-maschinenbau.info\/fr\/wp-json\/wp\/v2\/media?parent=1662"}],"curies":[{"name":"wp","href":"https:\/\/api.w.org\/{rel}","templated":true}]}}