{"id":4606,"date":"2020-05-25T12:03:00","date_gmt":"2020-05-25T11:03:00","guid":{"rendered":"https:\/\/braun-maschinenbau.info\/?page_id=4606"},"modified":"2021-03-24T15:18:57","modified_gmt":"2021-03-24T14:18:57","slug":"news","status":"publish","type":"page","link":"https:\/\/braun-maschinenbau.info\/fr\/news\/","title":{"rendered":"NEWS"},"content":{"rendered":"<p>[vc_row][vc_column][vc_empty_space alter_height=\u00a0\u00bblarge\u00a0\u00bb hide_on_mobile=\u00a0\u00bb\u00a0\u00bb]<div id=\"sc_title_825843404\"\n\t\tclass=\"sc_title sc_title_default  vc_custom_1591205181138\"><h6 class=\"sc_item_subtitle sc_title_subtitle sc_align_center sc_item_title_style_default\">Braun Maschinenbau<\/h6><h2 class=\"sc_item_title sc_title_title sc_align_center sc_item_title_style_default sc_item_title_tag\">L'actualit\u00e9 en un coup d'\u0153il<\/h2><\/div><!-- \/.sc_title -->[vc_empty_space height=\u00a0\u00bb\u00a0\u00bb alter_height=\u00a0\u00bbsmall\u00a0\u00bb hide_on_mobile=\u00a0\u00bb\u00a0\u00bb][\/vc_column][\/vc_row][vc_row][vc_column][vc_row_inner][vc_column_inner width=\u00a0\u00bb1\/3&Prime;][vc_single_image image=\u00a0\u00bb4978&Prime; img_size=\u00a0\u00bbmedium\u00a0\u00bb alignment=\u00a0\u00bbright\u00a0\u00bb style=\u00a0\u00bbvc_box_rounded\u00a0\u00bb][\/vc_column_inner][vc_column_inner width=\u00a0\u00bb2\/3&Prime;][vc_column_text]<\/p>\n<h3>F\u00c9VRIER 2021 | BYRNEBUILT, N\u00c9GOCIANT EN AUSTRALASIE<\/h3>\n<p>Adrian Byrne de l&rsquo;entreprise Byrnebuilt Engineering Ltd est le nouvel Agent commercial pour les produits Braun en Nouvelle-Z\u00e9lande et en Australie. Adrian s&rsquo;occupe de la maintenance, de la r\u00e9paration et de l&rsquo;installation d&rsquo;\u00e9quipements Braun depuis des ann\u00e9es d\u00e9j\u00e0. Nous nous f\u00e9licitons de le voir ajouter d\u00e9sormais son expertise de vendeur \u00e0 sa palette de comp\u00e9tences.<\/p>\n<p>www.byrnebuiltengineering.co.nz[\/vc_column_text][\/vc_column_inner][\/vc_row_inner][vc_separator][\/vc_column][\/vc_row][vc_row][vc_column][vc_row_inner][vc_column_inner width=\u00a0\u00bb1\/3&Prime;][vc_single_image image=\u00a0\u00bb4973&Prime; img_size=\u00a0\u00bbmedium\u00a0\u00bb alignment=\u00a0\u00bbright\u00a0\u00bb style=\u00a0\u00bbvc_box_rounded\u00a0\u00bb][\/vc_column_inner][vc_column_inner width=\u00a0\u00bb2\/3&Prime;][vc_column_text]<\/p>\n<h3>NOVEMBRE 2020 | PRIX DE L&rsquo;INNOVATION RLP<\/h3>\n<p>Le Minist\u00e8re de l&rsquo;\u00c9conomie a d\u00e9cern\u00e9 \u00e0 l&rsquo;entreprise Braun Maschinenbau GmbH ainsi qu&rsquo;\u00e0 la soci\u00e9t\u00e9 Robot Makers GmbH le Prix de l&rsquo;innovation du Land de Rh\u00e9nanie-Palatinat 2020, dans la cat\u00e9gorie Coop\u00e9ration. Nous nous r\u00e9jouissons de voir que ce Prix met un peu plus en lumi\u00e8re \u2013 non seulement le syst\u00e8me Vineyard Pilot Assistant \u2013 mais aussi la viticulture durable gr\u00e2ce \u00e0 un d\u00e9sherbage intelligent et respectueux de l&rsquo;environnement.[\/vc_column_text][\/vc_column_inner][\/vc_row_inner][vc_separator][\/vc_column][\/vc_row][vc_row][vc_column][vc_row_inner][vc_column_inner width=\u00a0\u00bb1\/3&Prime;][vc_single_image image=\u00a0\u00bb4964&Prime; img_size=\u00a0\u00bbmedium\u00a0\u00bb alignment=\u00a0\u00bbright\u00a0\u00bb style=\u00a0\u00bbvc_box_rounded\u00a0\u00bb][\/vc_column_inner][vc_column_inner width=\u00a0\u00bb2\/3&Prime;][vc_column_text]<\/p>\n<h3>OCTOBRE 2020 | PRIX ISB SUCCESS PREIS<\/h3>\n<p>La Banque de Structure et d&rsquo;Investissement (ISB) de Rh\u00e9nanie-Palatinat a attribu\u00e9 cette ann\u00e9e la prime \u00e0 la technologie du Prix ISB Success au syst\u00e8me d&rsquo;assistance \u00e0 la conduite en vigne \u00ab\u00a0Vineyard Pilot Assistant\u00a0\u00bb de l&rsquo;entreprise Braun Maschinenbau GmbH. La secr\u00e9taire d&rsquo;\u00c9tat Daniela Schmitt et le porte-parole du Conseil d&rsquo;administration de la Banque ISB RLP Ulrich Dexheimer ont d\u00e9cern\u00e9 la distinction lors d&rsquo;un \u00e9v\u00e8nement en ligne. Chaque ann\u00e9e, le Prix ISB Success r\u00e9compense \u00ab\u00a0le d\u00e9veloppement de nouveaux produits, proc\u00e9d\u00e9s, services \u00e0 orientation technologique et projets informatiques sophistiqu\u00e9s, destin\u00e9s \u00e0 des applications techniques\u00a0\u00bb.[\/vc_column_text][\/vc_column_inner][\/vc_row_inner][vc_separator][\/vc_column][\/vc_row][vc_row][vc_column][vc_row_inner][vc_column_inner width=\u00a0\u00bb1\/3&Prime;][vc_single_image image=\u00a0\u00bb4941&Prime; img_size=\u00a0\u00bbmedium\u00a0\u00bb alignment=\u00a0\u00bbright\u00a0\u00bb style=\u00a0\u00bbvc_box_rounded\u00a0\u00bb][\/vc_column_inner][vc_column_inner width=\u00a0\u00bb2\/3&Prime;][vc_column_text]<\/p>\n<h3>SEPTEMBRE 2020 | LA SEMAINE DE LA FORMATION PROFESSIONELLE<\/h3>\n<p>Dans le cadre de la semaine de la formation professionnelle \u2018Woche der Berufsbildung\u2019, Daniela Schmitt, Secr\u00e9taire d&rsquo;\u00c9tat au Minist\u00e8re de l&rsquo;\u00c9conomie, des Transports, de l&rsquo;Agriculture et de la Viticulture de Rh\u00e9nanie-Palatinat et Dirk Fischer, Pr\u00e9sident de la Chambre des m\u00e9tiers du Palatinat \u00e9taient les invit\u00e9s de Braun Maschinenbau GmbH. Pendant la visite de l&rsquo;entreprise, des \u00e9changes int\u00e9ressants et informatifs ont eu lieu sur les nombreuses possibilit\u00e9s existant dans le secteur de l&rsquo;artisanat et de la formation.[\/vc_column_text][\/vc_column_inner][\/vc_row_inner][vc_separator][\/vc_column][\/vc_row][vc_row][vc_column][vc_row_inner][vc_column_inner width=\u00a0\u00bb1\/3&Prime;][vc_single_image image=\u00a0\u00bb4913&Prime; img_size=\u00a0\u00bbmedium\u00a0\u00bb alignment=\u00a0\u00bbright\u00a0\u00bb style=\u00a0\u00bbvc_box_rounded\u00a0\u00bb][\/vc_column_inner][vc_column_inner width=\u00a0\u00bb2\/3&Prime;][vc_column_text]<\/p>\n<h3>AO\u00dbT 2020 | RH\u00c9NANIE-PALATINAT OR<\/h3>\n<p>Braun Maschinenbau se r\u00e9jouit de participer \u00e0 la campagne en faveur de la Rh\u00e9nanie-Palatinat comme p\u00f4le \u00e9conomique et de contribuer ainsi au positionnement du Land de Rh\u00e9nanie-Palatinat dans toute l&rsquo;Allemagne et sur le plan international.<\/p>\n<p>Plus d&rsquo;informations \u00e0 l&rsquo;adresse\u00a0: https:\/\/gold.rlp.de\/[\/vc_column_text][\/vc_column_inner][\/vc_row_inner][vc_separator][\/vc_column][\/vc_row][vc_row][vc_column][vc_row_inner][vc_column_inner width=\u00a0\u00bb1\/3&Prime;][vc_single_image image=\u00a0\u00bb4908&Prime; img_size=\u00a0\u00bbmedium\u00a0\u00bb alignment=\u00a0\u00bbright\u00a0\u00bb style=\u00a0\u00bbvc_box_rounded\u00a0\u00bb][\/vc_column_inner][vc_column_inner width=\u00a0\u00bb2\/3&Prime;][vc_column_text]<\/p>\n<h3>MARS 2020 | INASPRO<\/h3>\n<p>En coop\u00e9ration avec d&rsquo;autres partenaires de la recherche et de l&rsquo;industrie, Braun Maschinenbau a particip\u00e9 au projet commun InAsPro. Ce projet, qui portait sur la conception d&rsquo;un syst\u00e8me de travail int\u00e9gr\u00e9 dans les entreprises de production num\u00e9ris\u00e9es, a \u00e9t\u00e9 men\u00e9 \u00e0 bien et cl\u00f4tur\u00e9 avec succ\u00e8s au bout de 3 ans.[\/vc_column_text][\/vc_column_inner][\/vc_row_inner][vc_separator][\/vc_column][\/vc_row][vc_row][vc_column][vc_row_inner][vc_column_inner width=\u00a0\u00bb1\/3&Prime;][vc_single_image image=\u00a0\u00bb4903&Prime; img_size=\u00a0\u00bbmedium\u00a0\u00bb alignment=\u00a0\u00bbright\u00a0\u00bb style=\u00a0\u00bbvc_box_rounded\u00a0\u00bb][\/vc_column_inner][vc_column_inner width=\u00a0\u00bb2\/3&Prime;][vc_column_text]<\/p>\n<h3>F\u00c9VRIER 2020 | M\u00c9DAILLE DE L&rsquo;\u00c9CONOMIE POUR STEFAN BRAUN<\/h3>\n<p>Le 28 f\u00e9vrier, Dr. Volker Wissing, Ministre de l&rsquo;\u00c9conomie, est venu en personne \u00e0 Landau pour remettre \u00e0 Stefan Braun la m\u00e9daille de l&rsquo;\u00e9conomie du Land de Rh\u00e9nanie-Palatinat. Il a fait l&rsquo;\u00e9loge de Stefan Braun comme pionnier dans le d\u00e9veloppement des machines destin\u00e9es \u00e0 la viticulture biologique et en tant qu&rsquo;acteur majeur hautement innovant sur la sc\u00e8ne internationale.[\/vc_column_text][\/vc_column_inner][\/vc_row_inner][vc_separator][\/vc_column][\/vc_row][vc_row][vc_column][vc_row_inner][vc_column_inner width=\u00a0\u00bb1\/3&Prime;][vc_single_image image=\u00a0\u00bb4898&Prime; img_size=\u00a0\u00bbmedium\u00a0\u00bb alignment=\u00a0\u00bbright\u00a0\u00bb style=\u00a0\u00bbvc_box_rounded\u00a0\u00bb][\/vc_column_inner][vc_column_inner width=\u00a0\u00bb2\/3&Prime;][vc_column_text]<\/p>\n<h3>F\u00c9VRIER 2020 | DE L&rsquo;ARGENT R\u00c9COMPENSE LE SYST\u00c8ME VINEYARD PILOT ASSISTANT<\/h3>\n<p>C&rsquo;est \u00e0 Saragosse, en Espagne, que s&rsquo;est d\u00e9roul\u00e9 du 25 au 29 f\u00e9vrier le Salon de machinisme agricole FIMA &#8211;\u00a0Feria Internacional de la Maquinaria Agr\u00edcola. Braun a re\u00e7u la m\u00e9daille d&rsquo;argent du prix de l&rsquo;innovation technique \u00ab\u00a0Novedad t\u00e9cnica\u00a0\u00bb pour le syst\u00e8me d&rsquo;assistance \u00e0 la conduite en vigne \u00ab\u00a0Vineyard Pilot Assistant\u00a0\u00bb, au m\u00eame titre que Fendt Espagne.[\/vc_column_text][\/vc_column_inner][\/vc_row_inner][vc_separator][\/vc_column][\/vc_row][vc_row][vc_column][vc_row_inner][vc_column_inner width=\u00a0\u00bb1\/3&Prime;][vc_single_image image=\u00a0\u00bb4893&Prime; img_size=\u00a0\u00bbmedium\u00a0\u00bb alignment=\u00a0\u00bbright\u00a0\u00bb style=\u00a0\u00bbvc_box_rounded\u00a0\u00bb][\/vc_column_inner][vc_column_inner width=\u00a0\u00bb2\/3&Prime;][vc_column_text]<\/p>\n<h3>JANVIER 2020 | FOGLIE D&rsquo;ORO POUR LE SYST\u00c8ME VINEYARD PILOT ASSISTANT<\/h3>\n<p>\u00c0 V\u00e9rone, le syst\u00e8me d&rsquo;assistance \u00e0 la conduite en vigne \u00ab\u00a0Vineyard Pilot Assistant\u00a0\u00bb a re\u00e7u le prix de l&rsquo;innovation \u00ab\u00a0Foglie dell\u2018 Innovazione 2020\u00a0\u00bb d\u00e9cern\u00e9 par le Salon de l&rsquo;Agriculture Fieriagricola et le \u00ab\u00a0Foglie d\u2019Oro\u00a0\u00bb, r\u00e9compense d&rsquo;or attribu\u00e9e par la revue professionnelle \u00ab\u00a0L\u2019Informatore Agrario\u00a0\u00bb.[\/vc_column_text][\/vc_column_inner][\/vc_row_inner][vc_separator][\/vc_column][\/vc_row][vc_row][vc_column][vc_row_inner][vc_column_inner width=\u00a0\u00bb1\/3&Prime;][vc_single_image image=\u00a0\u00bb4888&Prime; img_size=\u00a0\u00bbmedium\u00a0\u00bb alignment=\u00a0\u00bbright\u00a0\u00bb style=\u00a0\u00bbvc_box_rounded\u00a0\u00bb][\/vc_column_inner][vc_column_inner width=\u00a0\u00bb2\/3&Prime;][vc_column_text]<\/p>\n<h3>JANVIER 2020 | FOIRE AGRARTAGE RHEINHESSEN \u00c0 NIEDER-OLM<\/h3>\n<p>Du 20 au 24 janvier, les visiteurs ont pu d\u00e9couvrir les sujets d&rsquo;actualit\u00e9 et les d\u00e9veloppements dans le secteur agricole et en particulier \u00e0 propos de la viticulture, lors de la foire \u00ab\u00a0Agrartage\u00a0\u00bb. Braun Maschinenbau \u00e9tait aussi pr\u00e9sent \u00e0 ce Salon cette ann\u00e9e\u00a0: les visiteurs ont eu l&rsquo;occasion d&rsquo;y d\u00e9couvrir plusieurs de nos produits sur place et ont pu b\u00e9n\u00e9ficier des conseils fournis par notre \u00e9quipe.[\/vc_column_text][\/vc_column_inner][\/vc_row_inner][vc_separator][\/vc_column][\/vc_row][vc_row][vc_column][vc_row_inner][vc_column_inner width=\u00a0\u00bb1\/3&Prime;][vc_single_image image=\u00a0\u00bb4671&Prime; img_size=\u00a0\u00bbmedium\u00a0\u00bb alignment=\u00a0\u00bbright\u00a0\u00bb style=\u00a0\u00bbvc_box_rounded\u00a0\u00bb][\/vc_column_inner][vc_column_inner width=\u00a0\u00bb2\/3&Prime;][vc_column_text]<\/p>\n<h3>NOVEMBRE 2019 | SALON SITEVI MONTPELLIER<\/h3>\n<p>Cette ann\u00e9e \u00e9galement, nous nous r\u00e9jouissons de l&rsquo;affluence consid\u00e9rable sur notre stand au Salon SITEVI de Montpellier : en plus du syst\u00e8me Vineyard Pilot Assistant prim\u00e9, les visiteurs, les clients et les curieux peuvent non seulement voir dans les d\u00e9tails le portefeuille produits \u00e9prouv\u00e9s de Braun Maschinenbau GmbH, mais aussi d\u00e9couvrir les innovations les plus r\u00e9centes[\/vc_column_text][\/vc_column_inner][\/vc_row_inner][vc_separator][\/vc_column][\/vc_row][vc_row][vc_column][vc_row_inner][vc_column_inner width=\u00a0\u00bb1\/3&Prime;][vc_single_image image=\u00a0\u00bb4627&Prime; img_size=\u00a0\u00bbmedium\u00a0\u00bb alignment=\u00a0\u00bbright\u00a0\u00bb style=\u00a0\u00bbvc_box_rounded\u00a0\u00bb][\/vc_column_inner][vc_column_inner width=\u00a0\u00bb2\/3&Prime;][vc_column_text]<\/p>\n<h3>NOVEMBRE 2019 | MEDAILLE D&rsquo;ARGENT AGRITECHNICA<\/h3>\n<p>En collaboration avec AGCO Allemagne, secteur d&rsquo;activit\u00e9s Fendt, \u00ab Braun Maschinenbau \u00bb est m\u00e9daill\u00e9e d&rsquo;argent du Prix de l&rsquo;Innovation au Salon Agritechnica 2019 pour le guidage automatis\u00e9 des v\u00e9hicules et des outils en viticulture !<\/p>\n<p>Le Prix de l&rsquo;Innovation est d\u00e9cern\u00e9 par la DLG pour les innovations de pointe dans le secteur international des machines agricoles.[\/vc_column_text][\/vc_column_inner][\/vc_row_inner][vc_separator][\/vc_column][\/vc_row][vc_row][vc_column][vc_row_inner][vc_column_inner width=\u00a0\u00bb1\/3&Prime;][vc_single_image image=\u00a0\u00bb4632&Prime; img_size=\u00a0\u00bbmedium\u00a0\u00bb alignment=\u00a0\u00bbright\u00a0\u00bb style=\u00a0\u00bbvc_box_rounded\u00a0\u00bb][\/vc_column_inner][vc_column_inner width=\u00a0\u00bb2\/3&Prime;][vc_column_text]<\/p>\n<h3>OKTOBRE 2019 | \u00c9VENEMENT PRESSE, PREMIER BOURGMESTRE<\/h3>\n<p>L&rsquo;entreprise Braun Maschinenbau a \u00e9t\u00e9 choisie par le Premier Bourgmestre Thomas Hirsch pour organiser sa r\u00e9ception de presse annuelle. Cet \u00e9v\u00e8nement plac\u00e9 sous le th\u00e8me \u00ab Made in Landau \u00bb \u00e9tait centr\u00e9 sur les entreprises particuli\u00e8rement performantes qui op\u00e8rent \u00e0 l&rsquo;\u00e9chelle suprar\u00e9gionale[\/vc_column_text][\/vc_column_inner][\/vc_row_inner][vc_separator][\/vc_column][\/vc_row][vc_row][vc_column][vc_row_inner][vc_column_inner width=\u00a0\u00bb1\/3&Prime;][vc_single_image image=\u00a0\u00bb4637&Prime; img_size=\u00a0\u00bbmedium\u00a0\u00bb alignment=\u00a0\u00bbright\u00a0\u00bb style=\u00a0\u00bbvc_box_rounded\u00a0\u00bb][\/vc_column_inner][vc_column_inner width=\u00a0\u00bb2\/3&Prime;][vc_column_text]<\/p>\n<h3>SEPTEMBRE 2019 | CEREMONIE DE LANCEMENT DU CHANTIER DE LA NOUVELLE HALLE<\/h3>\n<p>Expansion sur le site de Landau\u00a0: \u00e0 la fin de l\u00b4\u00e9t\u00e9 2019, lancement de la construction d&rsquo;une halle suppl\u00e9mentaire pour la production et l\u2019entreposage, comprenant des b\u00e2timents pour bureaux et locaux du personnel, d&rsquo;une superficie totale de pr\u00e8s de 3000\u00a0m2. L&#8217;emm\u00e9nagement dans la nouvelle halle est pr\u00e9vu pour septembre 2020.[\/vc_column_text][\/vc_column_inner][\/vc_row_inner][vc_separator][\/vc_column][\/vc_row][vc_row][vc_column][vc_row_inner][vc_column_inner width=\u00a0\u00bb1\/3&Prime;][vc_single_image image=\u00a0\u00bb4642&Prime; img_size=\u00a0\u00bbmedium\u00a0\u00bb alignment=\u00a0\u00bbright\u00a0\u00bb style=\u00a0\u00bbvc_box_rounded\u00a0\u00bb][\/vc_column_inner][vc_column_inner width=\u00a0\u00bb2\/3&Prime;][vc_column_text]<\/p>\n<h3>AO\u00dbT 2019 | FENDT MEETS WINE<\/h3>\n<p>Une combinaison unique d&rsquo;\u00e9quipements est pr\u00e9sent\u00e9e en exclusivit\u00e9 : plus de cent invit\u00e9s avaient r\u00e9pondu \u00e0 l&rsquo;invitation de la coop\u00e9rative centrale agricole \u00ab Raiffeisen Waren-Zentrale Rhein-Main eG \u00bb (RWZ) et de la banque coop\u00e9rative \u00ab VR Bank S\u00fcdpfalz \u00bb pour d\u00e9couvrir le syst\u00e8me complet et unique de Fendt et Braun Maschinenbau, d\u00e9di\u00e9 au d\u00e9sherbage dans la viticulture.[\/vc_column_text][\/vc_column_inner][\/vc_row_inner][vc_separator][\/vc_column][\/vc_row][vc_row][vc_column][vc_row_inner][vc_column_inner width=\u00a0\u00bb1\/3&Prime;][vc_single_image image=\u00a0\u00bb4682&Prime; img_size=\u00a0\u00bbmedium\u00a0\u00bb alignment=\u00a0\u00bbright\u00a0\u00bb style=\u00a0\u00bbvc_box_rounded\u00a0\u00bb][\/vc_column_inner][vc_column_inner width=\u00a0\u00bb2\/3&Prime;][vc_column_text]<\/p>\n<h3>AO\u00dbT 2019 | VOYAGE D&rsquo;ETE DU MINISTRE DE L&rsquo;\u00c9CONOMIE WISSING<\/h3>\n<p>Dans le cadre de son voyage d&rsquo;\u00e9t\u00e9, le Dr. Volker Wissing, Ministre de l&rsquo;\u00c9conomie de Rh\u00e9nanie-Palatinat, a choisi Braun Maschinenbau pour l\u2019une de ses \u00e9tapes. Le Ministre Wissing a ainsi eu l&rsquo;occasion de d\u00e9couvrir de pr\u00e8s notre innovation la plus r\u00e9cente : le syst\u00e8me d&rsquo;assistance \u00e0 la conduite en vigne <strong>Vineyard Pilot Assistant<\/strong>.[\/vc_column_text][\/vc_column_inner][\/vc_row_inner][vc_separator][\/vc_column][\/vc_row][vc_row][vc_column][vc_row_inner][vc_column_inner width=\u00a0\u00bb1\/3&Prime;][vc_single_image image=\u00a0\u00bb4652&Prime; img_size=\u00a0\u00bbmedium\u00a0\u00bb alignment=\u00a0\u00bbright\u00a0\u00bb style=\u00a0\u00bbvc_box_rounded\u00a0\u00bb onclick=\u00a0\u00bbcustom_link\u00a0\u00bb img_link_target=\u00a0\u00bb_blank\u00a0\u00bb link=\u00a0\u00bbhttps:\/\/www.braunmacchineagricole.com\/\u00a0\u00bb][\/vc_column_inner][vc_column_inner width=\u00a0\u00bb2\/3&Prime;][vc_column_text]<\/p>\n<h3>AO\u00dbT 2019 | ACQUISITION DE LA SOCIETE BRAUN MACCHINE AGRICOLE<\/h3>\n<p>En \u00e9t\u00e9 2019, Braun Maschinenbau cr\u00e9e une filiale \u00e0 100%, bas\u00e9e \u00e0 Trente en Italie\u00a0: Braun Macchine Agricole.<\/p>\n<p>Cela ouvre des possibilit\u00e9s in\u00e9dites qui permettent de desservir encore mieux et plus rapidement le march\u00e9 italien si important. .[\/vc_column_text][\/vc_column_inner][\/vc_row_inner][vc_separator][\/vc_column][\/vc_row]<\/p>\n","protected":false},"excerpt":{"rendered":"<p>[vc_row][vc_column][vc_empty_space alter_height=\u00a0\u00bblarge\u00a0\u00bb hide_on_mobile=\u00a0\u00bb\u00a0\u00bb][vc_empty_space height=\u00a0\u00bb\u00a0\u00bb alter_height=\u00a0\u00bbsmall\u00a0\u00bb hide_on_mobile=\u00a0\u00bb\u00a0\u00bb][\/vc_column][\/vc_row][vc_row][vc_column][vc_row_inner][vc_column_inner width=\u00a0\u00bb1\/3&Prime;][vc_single_image image=\u00a0\u00bb4978&Prime; img_size=\u00a0\u00bbmedium\u00a0\u00bb alignment=\u00a0\u00bbright\u00a0\u00bb style=\u00a0\u00bbvc_box_rounded\u00a0\u00bb][\/vc_column_inner][vc_column_inner width=\u00a0\u00bb2\/3&Prime;][vc_column_text] F\u00c9VRIER 2021 | BYRNEBUILT, N\u00c9GOCIANT EN AUSTRALASIE Adrian Byrne de l&rsquo;entreprise Byrnebuilt Engineering Ltd est le nouvel Agent commercial pour les produits Braun en Nouvelle-Z\u00e9lande et en Australie.&hellip;<\/p>\n","protected":false},"author":1,"featured_media":0,"parent":0,"menu_order":0,"comment_status":"closed","ping_status":"closed","template":"","meta":[],"_links":{"self":[{"href":"https:\/\/braun-maschinenbau.info\/fr\/wp-json\/wp\/v2\/pages\/4606"}],"collection":[{"href":"https:\/\/braun-maschinenbau.info\/fr\/wp-json\/wp\/v2\/pages"}],"about":[{"href":"https:\/\/braun-maschinenbau.info\/fr\/wp-json\/wp\/v2\/types\/page"}],"author":[{"embeddable":true,"href":"https:\/\/braun-maschinenbau.info\/fr\/wp-json\/wp\/v2\/users\/1"}],"replies":[{"embeddable":true,"href":"https:\/\/braun-maschinenbau.info\/fr\/wp-json\/wp\/v2\/comments?post=4606"}],"version-history":[{"count":20,"href":"https:\/\/braun-maschinenbau.info\/fr\/wp-json\/wp\/v2\/pages\/4606\/revisions"}],"predecessor-version":[{"id":5017,"href":"https:\/\/braun-maschinenbau.info\/fr\/wp-json\/wp\/v2\/pages\/4606\/revisions\/5017"}],"wp:attachment":[{"href":"https:\/\/braun-maschinenbau.info\/fr\/wp-json\/wp\/v2\/media?parent=4606"}],"curies":[{"name":"wp","href":"https:\/\/api.w.org\/{rel}","templated":true}]}}