{"id":2342,"date":"2018-07-22T15:26:36","date_gmt":"2018-07-22T14:26:36","guid":{"rendered":"http:\/\/braun-maschinenbau.info\/impressum\/"},"modified":"2024-05-07T07:55:05","modified_gmt":"2024-05-07T06:55:05","slug":"impressum","status":"publish","type":"page","link":"https:\/\/braun-maschinenbau.info\/it\/impressum\/","title":{"rendered":"Note legali"},"content":{"rendered":"<p>[vc_row][vc_column width=&#8221;1\/2&#8243;][vc_empty_space alter_height=&#8221;large&#8221; hide_on_mobile=&#8221;&#8221;][vc_column_text]<\/p>\n<h4>Note legali<\/h4>\n<p><strong>BRAUN Maschinenbau GmbH<\/strong><br \/>\nAlbert-Einstein- Stra\u00dfe 10<br \/>\nD-76829 Landau\/Pfalz<br \/>\nTelefono: + 49 (0) 63 41 \/ 9 50 55 00<br \/>\nTelefax: + 49 (0) 63 41 \/ 9 50 55 22<br \/>\nE-Mail: <a href=\"mailto:info@braun-maschinenbau.de\">info@braun-maschinenbau.de<\/a><\/p>\n<p>Amministratore: Stefan Braun<br \/>\nP.IVA: DE 813346712<br \/>\nC.F.: 24 \/ 652 \/ 05248<br \/>\nIscrizione registro imprese: HR 3308<\/p>\n<p><strong>Foto<br \/>\n<\/strong>Bj\u00f6rn Kray Iversen<br \/>\n<a href=\"http:\/\/www.kray.no\" target=\"_blank\" rel=\"noopener noreferrer\">www.kray.no<\/a>[\/vc_column_text][vc_empty_space alter_height=&#8221;medium&#8221; hide_on_mobile=&#8221;&#8221;][\/vc_column][vc_column width=&#8221;1\/2&#8243;][vc_empty_space alter_height=&#8221;large&#8221; hide_on_mobile=&#8221;&#8221;][vc_column_text]<\/p>\n<h4>Esclusione della responsabilit\u00e0<\/h4>\n<p><strong>Diritto d\u2019autore<\/strong><br \/>\nTutti i diritti riservati. Testi, immagini, grafici, animazioni e video ma anche la loro collocazione in questo sito sono protetti dal diritto d\u2019autore. Non \u00e8 pertanto consentito scaricare, riprodurre o diffondere, in tutto o in parte, i contenuti di questo sito. \u00c8 tuttavia ammessa la riproduzione di singole parti per uso personale. Ogni altro utilizzo di questo sito o dei marchi protetti per BRAUN sono soggetti al preventivo consenso scritto da parte di BRAUN.<\/p>\n<p><strong>Rimandi<\/strong><br \/>\nIn caso di rimandi a pagine Internet gestite da terzi, presenti nel nostro sito, BRAUN non si assume alcuna responsabilit\u00e0 per i contenuti dei siti Internet collegati, n\u00e9 risponde degli eventuali danni che potrebbero derivare da tali contenuti. Tutti i collegamenti sono link esterni e vengono proposti al visitatore solo a titolo informativo. La responsabilit\u00e0 di questi link \u00e8 in capo al rispettivo offerente.<\/p>\n<p><strong>Privacy<\/strong><br \/>\nNel caso in cui l\u2019offerta in Internet preveda la comunicazione di dati personali o commerciali (nomi, recapiti, indirizzi email), la comunicazione di questi dati da parte dell\u2019utente \u00e8 assolutamente facoltativa. \u00c8 vietato l\u2019utilizzo da parte di terzi dei dati di contatto (recapito, indirizzi email, numero di telefono e fax) pubblicati nel colophon o in informazioni analoghe, allo scopo di inviare informazioni non espressamente richieste.<\/p>\n<h4>Informativa sulla privacy<\/h4>\n<p><strong>Dati di contatto della societ\u00e0<br \/>\n<\/strong>Braun Maschinenbau GmbH<br \/>\nAlbert-Einstein-Strasse 10<br \/>\n76829 Landau (Germania)<br \/>\nTelefono: + 49 63 41 \/ 9 50 55 00<br \/>\nTelefax: + 49 63 41 \/ 9 50 55 22<br \/>\nE-Mail: <a href=\"mailto:info@braun-maschinenbau.de\">info@braun-maschinenbau.de<\/a><\/p>\n<p><strong>Responsabile della protezione dei dati<\/strong><br \/>\nThomas Kolb LL.M.<br \/>\n&#8211; Externer Datenschutzbeauftragter &#8211;<br \/>\nKolbCom GmbH<br \/>\nP7, 22<br \/>\n68165 Mannheim<br \/>\nFax: 0621 \/ 121 829 &#8211; 32<br \/>\nE-Mail: <a href=\"mailto:dsb@braun-maschinenbau.de\">dsb@braun-maschinenbau.de<\/a><\/p>\n<p>Benvenuti sul nostro sito web. La tutela dei vostri dati \u00e8 per noi una questione di primaria importanza. Per questo motivo desideriamo illustrarvi, qui di seguito, le modalit\u00e0 di trattamento dei vostri dati personali.<\/p>\n<p><strong>Categorie e fonti di dati<br \/>\n<\/strong>Di regola sono soggetti al trattamento i dati personali forniti dagli utenti nell\u2019ambito di una richiesta o di un rapporto precontrattuale o contrattuale. In singoli casi, e se necessario nell&#8217;ambito dell&#8217;adempimento del contratto, vengono trattati i dati personali acquisiti in modo legittimo da fonti pubblicamente accessibili (ad es. registro delle imprese, elenchi di debitori, Internet) o che ci sono stati trasmessi da terzi (ad es. agenzie di informazioni commerciali).<\/p>\n<p>I dati acquisiti possono essere dati a carattere personale (nome, data di nascita, rappresentante legale), dati relativi all&#8217;indirizzo (indirizzo, indirizzo e-mail, persona di contatto), dati finanziari (nome del titolare del conto, codice IBAN, codice BIC), dati contrattuali (durata del contratto, servizi acquistati, disdette), dati di comunicazione (corrispondenza, corrispondenza e-mail), dati pubblicitari (lettere pubblicitarie) e altre categorie simili di dati personali.<\/p>\n<p><strong>Trattamento generale dei dati dei visitatori<br \/>\n<\/strong>Di regola potete utilizzare il nostro sito web senza indicare dati personali.<\/p>\n<p>Vorremo comunque precisare, che anche in questo caso verranno raccolti e salvati nei file di log del server i dati di accesso, e cio\u00e8 in particolare i seguenti dati:<\/p>\n<ul>\n<li>tipo \/ versione del browser;<\/li>\n<li>sistema operativo;<\/li>\n<li>il sito web di provenienza dell\u2019utente;<\/li>\n<li>data e ora della visita;<\/li>\n<li>il vostro indirizzo IP.<\/li>\n<\/ul>\n<p>Queste informazioni vengono da noi analizzate in forma anonimizzata per difenderci da possibili attacchi (Trattamento dei dati personali nell&#8217;ambito di una ponderazione degli interessi in gioco, ai sensi dell\u2019art. 6, comma 1, primo periodo, lett. f) GDPR) e verranno successivamente cancellate. Di norma questi dati non sono riconducibili a un determinato utente, n\u00e9 vengono associati ad altri dati.<\/p>\n<p>Qualora dovessero emergere indizi concreti di un uso illecito, ci riserviamo tuttavia il diritto di analizzare a posteriori i suddetti dati.<\/p>\n<p><strong>Richiesta di contatto<br \/>\n<\/strong>Quando l\u2019utente ci contatta per e-mail, il trattamento dei dati personali forniti \u00e8 effettuato per evadere la richiesta dell\u2019utente. Dopo l\u2019evasione definitiva della vostra richiesta, i dati verranno cancellati, a meno che non ci sia un obbligo di conservazione contrattuale o giuridico.<\/p>\n<p><strong>Trattamento dei dati personali nell&#8217;ambito di una ponderazione degli interessi in gioco (art. 6, comma 1, lett. f) GDPR)<br \/>\n<\/strong>Procediamo al trattamento di dati personali sulla base di una ponderazione degli interessi in gioco, nella misura in cui ci\u00f2 sia necessario per proteggere i nostri interessi o quelli di terzi.<\/p>\n<p>Queste finalit\u00e0 sono per esempio:<\/p>\n<ul>\n<li>garanzia della sicurezza informatica e dell&#8217;integrit\u00e0 dei nostri sistemi;<\/li>\n<li>prevenzione o individuazione di reati;<\/li>\n<li>esercizio o difesa di un diritto in sede giudiziaria;<\/li>\n<li>acquisizione del consenso dell\u2019utente all\u2019uso di determinati cookies o plugin;<\/li>\n<li>utilizzo del sito web in qualit\u00e0 di amministratore (back end login).<\/li>\n<\/ul>\n<p><strong>Trattamento dei dati personali ai fini dell\u2019esecuzione del contratto (art. 6, comma 1, lett. b) GDPR)<br \/>\n<\/strong>In caso di perfezionamento di un contratto con la nostra societ\u00e0, utilizziamo i dati personali nella misura in cui ci\u00f2 sia necessario per l&#8217;esecuzione del contratto e\/o per l&#8217;attuazione di misure precontrattuali. Le finalit\u00e0 del trattamento dei dati dipendono dai contenuti concreti del contratto come risultano dai documenti contrattuali.<\/p>\n<p><strong>Trattamento dei dati personali in base al consenso dell\u2019interessato (art. 6, comma 1, primo periodo, lett. a) GDPR)<br \/>\n<\/strong>In alcuni casi chiederemo il vostro consenso per determinate finalit\u00e0 esplicitamente indicate in sede di raccolta dei dati (per es. richiesta mediante modulo di contatto, apertura di un account, iscrizione alla newsletter, uso di cookies pubblicitari e analitici oppure di plugin per i social network).<\/p>\n<p>Il trattamento dei dati avviene solo previo consenso dell\u2019utente. In alcuni casi l\u2019evasione della richiesta non \u00e8 possibile senza il vostro consenso e dipende, quindi, da esso. I dati saranno trattati esclusivamente per la\/le finalit\u00e0 espressamente indicata\/e.<\/p>\n<p>Potete revocare il vostro consenso in qualsiasi momento con effetto futuro. La revoca non pregiudica la liceit\u00e0 delle operazioni di trattamento effettuate fino al momento della revoca stessa.<\/p>\n<p><strong>Utilizzo dei cookies<br \/>\n<\/strong>Durante la visita del nostro sito web possono essere utilizzate diverse tipologie di cookies. I cookies sono file di testo inviati al vostro computer allo scopo, tra l\u2019altro, di migliorare la visita e la navigazione sul nostro sito web.<\/p>\n<p>In alcuni casi i cookies sono necessari per garantire le funzionalit\u00e0 e la sicurezza informatica del nostro sito web. L&#8217;utilizzo di tali cookies si basa sul legittimo interesse a consentire l&#8217;utilizzo del nostro sito web, comprese le sue funzioni, ai sensi dell&#8217;art. 6, comma 1, primo periodo, lettera f) GDPR.<\/p>\n<ul>\n<li>Il nostro sito utilizza altre tipologie di cookies non strettamente necessarie sulla base delle disposizioni dell\u2019art. 6, comma 1, primo periodo, lett. a) GDPR, cio\u00e8 sulla base del vostro consenso. I cookies possono essere utilizzati per le seguenti finalit\u00e0:<\/li>\n<li>permettere l\u2019uso di funzionalit\u00e0 particolari;<\/li>\n<li>analizzare in modo pseudonimizzato il comportamento degli utenti per ottimizzare il nostro sito web;<\/li>\n<li>migliorare l\u2019attrattivit\u00e0 e l\u2019esperienza di navigazione del nostro sito web;<\/li>\n<li>ottimizzare e adattare la nostra offerta alle esigenze degli utenti.<\/li>\n<\/ul>\n<p>I cookies non necessari vengono utilizzati nell\u2019ambito del cosiddetto profilo utente: i dati di utilizzo del sito vengono salvati sotto uno pseudonimo attribuito all\u2019utente; l\u2019indirizzo IP viene memorizzato esclusivamente in forma abbreviata in modo da rendere impossibile associare il profilo utente a una persona concreta.<\/p>\n<p>Quando l\u2019uso dei cookies avviene principalmente con finalit\u00e0 di (ri)marketing o per l&#8217;implementazione di plugin (per social media), tale uso si basa sul vostro volontario consenso a tale trattamento e necessitiamo, pertanto, della vostra autorizzazione in merito. Per quanto riguarda i singoli plugin o strumenti di tracciamento, si rimanda alle informazioni dettagliate sotto riportate.<\/p>\n<p>La maggior parte dei cookies che utilizziamo vengono cancellati alla chiusura del browser e quindi eliminati dal vostro computer (cookies di sessione). Altri tipi di cookies possono rimanere sul vostro computer e ci permettono alla successiva visita al nostro sito di riconoscere il vostro computer tramite il profilo utente creato (cookies permanenti).<\/p>\n<p>Ad eccezione dei cookies trasmessi da soggetti terzi indicati esplicitamente nella presente informativa sulla privacy, utilizziamo nel nostro sito web solo cookies proprietari, non di terze parti.<\/p>\n<p>Per dichiarare il vostro consenso \u00e8 sufficiente confermare l\u2019avviso di cookies al momento di accedere al nostro sito web. Il consenso pu\u00f2 essere revocato in qualsiasi momento con effetto futuro.<\/p>\n<p><strong>Google Maps<br \/>\n<\/strong>Questo sito web utilizza un plugin del servizio internet Google Maps. Il provider di Google Maps \u00e8 Google Ireland Limited, Gordon House, Barrow Street, Dublino 4, Irlanda (\u201cGoogle\u201d).<\/p>\n<p>Per quanto riguarda l\u2019uso dei plugin facciamo riferimento al vostro consenso all\u2019acquisizione dei dati. Se l\u2019utente non fornisce tale consenso all\u2019atto della sua prima visita al nostro sito web, il plugin non viene attivato e pertanto il trasferimento dei dati non avverr\u00e0 nemmeno in caso di interazione involontaria con un plugin di Google Maps.<\/p>\n<p>Se l\u2019utente mediante procedura di opt-in ha autorizzato il trattamento dei dati da parte del plugin di Google Maps, la liceit\u00e0 del trattamento dei dati si basa sul consenso ai sensi dell&#8217;art. 6, comma 1, primo periodo, lett. a) GDPR. Utilizzeremo pertanto i vostri dati nella misura del consenso da voi fornito ai fini del collegamento con Google Maps.<\/p>\n<p>In questo caso le informazioni sull\u2019uso del nostro sito web e l\u2019indirizzo IP dell\u2019utente verranno trasmessi a un server di Google negli Stati Uniti e ivi memorizzati. Google LLC \u00e8 una societ\u00e0 certificata Privacy Shield, quindi oltre al vostro consenso, il trasferimento dei dati a Google si basa anche sulla decisione di adeguatezza della Commissione sullo scambio di dati tra l&#8217;UE e gli USA. Nell\u2019ambito dell\u2019uso di Google Maps, la nostra societ\u00e0 ha stipulato con Google LLC un contratto sulla contitolarit\u00e0 del trattamento ai sensi dell\u2019art. 26 GDPR.<\/p>\n<p>(cfr.: <a href=\"https:\/\/privacy.google.com\/intl\/de\/businesses\/mapscontrollerterms\/\">https:\/\/privacy.google.com\/intl\/de\/businesses\/mapscontrollerterms\/<\/a>.)<\/p>\n<p>Utilizzando Google Maps sul nostro sito web, le informazioni e i dati sull\u2019uso del sito web e il vostro indirizzo IP vengono trasmessi a un server di Google negli Stati Uniti e ivi memorizzati. Non siamo a conoscenza dell&#8217;esatto contenuto dei dati trasmessi, n\u00e9 del loro utilizzo da parte di Google. In questo contesto la societ\u00e0 nega l\u2019aggregazione dei dati con informazioni provenienti da altri servizi Google o la raccolta di dati personali, a meno che l&#8217;utente non abbia configurato le attivit\u00e0 online e le app nelle impostazioni dell\u2019account Google in modo tale da autorizzare Google a procedere a tale aggregazione dei dati. Previa informativa in tal senso, Google potrebbe inoltre trasmettere i dati dell\u2019utente a terzi.<\/p>\n<p>Con il vostro consenso fornito in occasione della prima visita, dichiarate di autorizzare la suddetta raccolta e il trattamento delle informazioni da parte di Google Inc. Per ulteriori dettagli sulle disposizioni di tutela dei dati e sulle condizioni di uso di Google Maps preghiamo di consultare: <a href=\"https:\/\/www.google.com\/intl\/it_it\/help\/terms_maps\/\">https:\/\/www.google.com\/intl\/it_it\/help\/terms_maps\/<\/a>.<\/p>\n<p><strong>YouTube<br \/>\n<\/strong>Sul nostro sito web utilizziamo i plugin del social network YouTube. Il provider di YouTube \u00e8 Google Ireland Limited, Gordon House, Barrow Street, Dublino 4, Irlanda.<\/p>\n<p>Nella fattispecie il vostro browser crea una connessione diretta con i server di YouTube solo al momento in cui l\u2019utente attiva con un clic il relativo pulsante (\u201cmodalit\u00e0 di privacy avanzata\u201d). In tal caso il contenuto del plugin viene trasmesso da YouTube al vostro browser e da questi integrato nel sito web. Attivando il plugin, YouTube riceve l\u2019informazione che l\u2019utente ha richiamato la relativa pagina del nostro sito web. I contenuti verranno quindi trasmessi da YouTube al vostro browser e integrati nella pagina. YouTube riceve cos\u00ec il messaggio che l\u2019utente si trova sulla relativa pagina del nostro sito web, anche se l\u2019utente non possiede un profilo YouTube o non ha effettuato il login sul proprio profilo di YouTube. Di conseguenza i dati personali (compreso il vostro indirizzo IP) vengono trasferiti automaticamente a un server di YouTube negli USA e ivi memorizzati.<\/p>\n<p>Per quanto riguarda l\u2019uso del plugin di YouTube facciamo riferimento al vostro consenso all\u2019acquisizione dei dati.<\/p>\n<p>Se l\u2019utente mediante procedura di opt-in ha acconsentito al trattamento dei dati da parte del plugin di YouTube, la liceit\u00e0 del trattamento dei dati si basa sul consenso ai sensi dell&#8217;art. 6, comma 1, primo periodo, lett. a) GDPR. Utilizzeremo pertanto i vostri dati nella misura del consenso da voi fornito ai fini del collegamento con YouTube.<\/p>\n<p>L\u2019associazione diretta da parte di YouTube avviene solo se l\u2019utente ha contestualmente effettuato il login a YouTube. La relativa interazione si realizza anche quando l\u2019utente schiaccia attivamente il relativo pulsante. La conseguenza \u00e8 una pubblicazione nel vostro account YouTube e l\u2019evidenziazione nei vostri contatti. Per ulteriori dettagli relativi al trattamento dei vostri dati personali da parte di YouTube consultare la pagina: <a href=\"https:\/\/policies.google.com\/privacy?hl=it&amp;gl=it\">https:\/\/policies.google.com\/privacy?hl=it&amp;gl=it<\/a>.<\/p>\n<p>Essendo un\u2019applicazione della societ\u00e0 Google LLC, YouTube \u00e8 soggetto al Privacy Shield-Agreement; pertanto, oltre al vostro consenso, il trasferimento dei dati a Google negli USA si basa anche sulla decisione di adeguatezza della Commissione sullo scambio di dati tra l&#8217;UE e gli USA.<\/p>\n<p><strong>Link a social media \/ collegamenti<br \/>\n<\/strong>Il nostro sito web pu\u00f2 contenere collegamenti a pagine web dei social media e ai siti web delle nostre societ\u00e0 controllate. Cliccando su questi link l\u2019utente sar\u00e0 reindirizzato a queste pagine senza alcun trattamento di dati personali da parte nostra. Si prega di consultare le informative sulla privacy nelle rispettive pagine di destinazione.<\/p>\n<p><strong>Uso di Google Fonts<br \/>\n<\/strong>Per la visualizzazione dei font esterni utilizziamo i font di Google (&#8220;Hind&#8221; e &#8220;Oswald&#8221;) in modalit\u00e0 &#8220;offline&#8221;. Il provider di questo servizio \u00e8 Google Ireland Limited, Gordon House, Barrow Street, Dublino 4, Irlanda (\u201cGoogle\u201d). Tale uso non implica alcuna trasmissione di dati ai server di Google. Il trattamento \u00e8 necessario per visualizzare correttamente la nostra presenza su Internet e avviene, quindi, sia nel nostro che nel vostro interesse. Pertanto il trattamento \u00e8 basato sull\u2019art. 6, comma 1, primo periodo, lett. f) GDPR in relazione alla presenza della societ\u00e0 in Internet mediante un sito web correttamente funzionante.<\/p>\n<p><strong>Trasmissione dei dati<br \/>\n<\/strong>I dati saranno trasmessi solo nell&#8217;ambito dei casi previsti dalla legge, ad esempio nel caso di un obbligo giuridico di fornire informazioni alle autorit\u00e0 penali. Per quanto riguarda la trasmissione dei dati in seguito all\u2019uso dei cookies o plugin, facciamo riferimento alle informazioni dettagliate riportate nelle rispettive sezioni della presente informativa.<\/p>\n<p><strong>Durata della conservazione dei dati<br \/>\n<\/strong>I vostri dati personali saranno da noi immediatamente cancellati non appena non sono pi\u00f9 necessari per l&#8217;adempimento degli obblighi contrattuali e giuridici o quando le finalit\u00e0 per le quali erano stati trattati sono raggiunte e i dati non sono pi\u00f9 necessari per tali finalit\u00e0.<\/p>\n<p>I dati personali saranno conservati almeno per il tempo necessario all&#8217;adempimento degli obblighi contrattuali e all&#8217;esercizio dei diritti contrattuali. Questo periodo potrebbe estendersi oltre la durata effettiva del contratto, in quanto i dati possono essere ancora rilevanti nell&#8217;ambito dei termini di prescrizione anche dopo la cessazione del contratto. Inoltre, una cancellazione dei dati non potr\u00e0 avvenire prima dello spirare delle eventuali scadenze previste per la conservazione dei dati ai fini fiscali o di diritto commerciale. Per quanto riguarda i criteri per la durata della conservazione dei cookies, rinviamo alla relativa sezione della presente informativa.<\/p>\n<p><strong>Diritti dell\u2019interessato<br \/>\n<\/strong>In qualit\u00e0 di persona interessata dal trattamento di dati personali all\u2019utente spettano i seguenti diritti:<\/p>\n<p>l&#8217;interessato ha il diritto di ottenere la conferma che sia o meno in corso un trattamento di dati personali che lo riguardano. In tal caso ha diritto di ottenere le seguenti informazioni sui dati personali e sulle informazioni dettagliatamente riportate nell\u2019art. 15 GDPR;<\/p>\n<p>l\u2019interessato ha il diritto di ottenere dal titolare del trattamento la rettifica dei dati personali che lo riguardano oppure l&#8217;integrazione di dati personali incompleti (art. 16 GDPR);<\/p>\n<p>l&#8217;interessato ha il diritto di ottenere dal titolare del trattamento l\u2019immediata cancellazione dei dati personali che lo riguardano se sussiste uno dei motivi di cui all\u2019art. 17 GDPR, per esempio se i dati non sono pi\u00f9 necessari per le finalit\u00e0 previste (diritto all&#8217;oblio);<\/p>\n<p>l&#8217;interessato ha il diritto di ottenere dal titolare del trattamento la limitazione del trattamento quando ricorre una delle ipotesi di cui all\u2019art. 18 GDPR, per esempio in caso di opposizione al trattamento fino all\u2019esito della verifica da parte del titolare;<\/p>\n<p>l&#8217;interessato ha il diritto di opporsi in qualsiasi momento, per motivi connessi alla sua situazione particolare, al trattamento dei dati personali che lo riguardano. Il titolare del trattamento si astiene dal trattare ulteriormente i dati personali salvo che egli dimostri l&#8217;esistenza di motivi legittimi cogenti per procedere al trattamento che prevalgono sugli interessi, sui diritti e sulle libert\u00e0 dell&#8217;interessato oppure per l&#8217;accertamento, l&#8217;esercizio o la difesa di un diritto in sede giudiziaria. (art. 21 GDPR).<\/p>\n<p>In merito all\u2019esercizio dei vostri diritti, potete contattarci in ogni momento tramite le opzioni di contatto disponibili nel nostro sito web.<\/p>\n<p><strong>Diritto di proporre reclamo<br \/>\n<\/strong>Fatto salvo ogni altro ricorso amministrativo o giurisdizionale, l&#8217;interessato che ritenga che il trattamento che lo riguarda violi il GDPR ha il diritto di proporre reclamo a un&#8217;autorit\u00e0 di controllo. (art. 77 GDPR). Il suddetto diritto pu\u00f2 essere esercitato davanti a un\u2019autorit\u00e0 di controllo dello Stato membro in cui risiede abitualmente oppure in cui lavora oppure del luogo ove si \u00e8 verificata la presunta violazione. Nella Regione Renania Palatinato (Rheinland-Pfalz) l\u2019autorit\u00e0 di controllo competente \u00e8: Landesdatenschutzbeauftragte f\u00fcr den Datenschutz und die Informationsfreiheit Rheinland-Pfalz (Responsabile della protezione dei dati e della libert\u00e0 d&#8217;informazione della regione Renania-Palatinato).<\/p>\n<p>Per ulteriori informazioni rinviamo al portale di assistenza della Regione Renania Palatinato accessibile dal seguente link:<\/p>\n<p><a href=\"https:\/\/www.datenschutz.rlp.de\">https:\/\/www.datenschutz.rlp.de<\/a><\/p>\n<p>Naturalmente, potete anche contattarci direttamente in caso di reclami o di domande in merito alla protezione dei dati. Il modo pi\u00f9 rapido per chiarire ogni quesito \u00e8 contattare direttamente il nostro referente aziendale per la protezione dei dati:<\/p>\n<p>KolbCom GmbH<br \/>\n<a href=\"mailto:dsb@braun-maschinenbau.de\">dsb@braun-maschinenbau.de<\/a>[\/vc_column_text][vc_empty_space alter_height=&#8221;large&#8221; hide_on_mobile=&#8221;&#8221;][\/vc_column][\/vc_row]<\/p>\n","protected":false},"excerpt":{"rendered":"<p>[vc_row][vc_column width=&#8221;1\/2&#8243;][vc_empty_space alter_height=&#8221;large&#8221; hide_on_mobile=&#8221;&#8221;][vc_column_text] Note legali BRAUN Maschinenbau GmbH Albert-Einstein- Stra\u00dfe 10 D-76829 Landau\/Pfalz Telefono: + 49 (0) 63 41 \/ 9 50 55 00 Telefax: + 49 (0) 63 41 \/ 9 50 55 22 E-Mail: info@braun-maschinenbau.de Amministratore: Stefan&hellip;<\/p>\n","protected":false},"author":1,"featured_media":0,"parent":0,"menu_order":0,"comment_status":"closed","ping_status":"closed","template":"","meta":[],"_links":{"self":[{"href":"https:\/\/braun-maschinenbau.info\/it\/wp-json\/wp\/v2\/pages\/2342"}],"collection":[{"href":"https:\/\/braun-maschinenbau.info\/it\/wp-json\/wp\/v2\/pages"}],"about":[{"href":"https:\/\/braun-maschinenbau.info\/it\/wp-json\/wp\/v2\/types\/page"}],"author":[{"embeddable":true,"href":"https:\/\/braun-maschinenbau.info\/it\/wp-json\/wp\/v2\/users\/1"}],"replies":[{"embeddable":true,"href":"https:\/\/braun-maschinenbau.info\/it\/wp-json\/wp\/v2\/comments?post=2342"}],"version-history":[{"count":15,"href":"https:\/\/braun-maschinenbau.info\/it\/wp-json\/wp\/v2\/pages\/2342\/revisions"}],"predecessor-version":[{"id":5811,"href":"https:\/\/braun-maschinenbau.info\/it\/wp-json\/wp\/v2\/pages\/2342\/revisions\/5811"}],"wp:attachment":[{"href":"https:\/\/braun-maschinenbau.info\/it\/wp-json\/wp\/v2\/media?parent=2342"}],"curies":[{"name":"wp","href":"https:\/\/api.w.org\/{rel}","templated":true}]}}