{"id":4607,"date":"2020-06-05T16:22:21","date_gmt":"2020-06-05T15:22:21","guid":{"rendered":"https:\/\/braun-maschinenbau.info\/?page_id=4607"},"modified":"2021-03-24T15:40:20","modified_gmt":"2021-03-24T14:40:20","slug":"news","status":"publish","type":"page","link":"https:\/\/braun-maschinenbau.info\/it\/news\/","title":{"rendered":"Novit\u00e0"},"content":{"rendered":"<p>[vc_row][vc_column][vc_empty_space alter_height=&#8221;large&#8221; hide_on_mobile=&#8221;&#8221;]<div id=\"sc_title_1517202483\"\n\t\tclass=\"sc_title sc_title_default  vc_custom_1591372472337\"><h6 class=\"sc_item_subtitle sc_title_subtitle sc_align_center sc_item_title_style_default\">Braun Maschinenbau<\/h6><h2 class=\"sc_item_title sc_title_title sc_align_center sc_item_title_style_default sc_item_title_tag\">Notizie in breve<\/h2><\/div><!-- \/.sc_title -->[vc_empty_space height=&#8221;&#8221; alter_height=&#8221;small&#8221; hide_on_mobile=&#8221;&#8221;][\/vc_column][\/vc_row][vc_row][vc_column][vc_row_inner][vc_column_inner width=&#8221;1\/3&#8243;][vc_single_image image=&#8221;4979&#8243; img_size=&#8221;medium&#8221; alignment=&#8221;right&#8221; style=&#8221;vc_box_rounded&#8221;][\/vc_column_inner][vc_column_inner width=&#8221;2\/3&#8243;][vc_column_text]<\/p>\n<h3>FEBBRAIO 2021 | BYRNEBUILT RIVENDITORE IN AUSTRALASIA<\/h3>\n<p>Adrian Byrne di Byrnebuilt Engineering Ltd \u00e8 il nuovo agente di commercio per i prodotti Braun in Nuova Zelanda e Australia. Adrian si occupa gi\u00e0 da molti anni di manutenzione, riparazione e installazione di apparecchiature Braun. Siamo lieti di averlo ora anche come rivenditore competente al nostro fianco.<\/p>\n<p>[\/vc_column_text][\/vc_column_inner][\/vc_row_inner][vc_separator][\/vc_column][\/vc_row][vc_row][vc_column][vc_row_inner][vc_column_inner width=&#8221;1\/3&#8243;][vc_single_image image=&#8221;4974&#8243; img_size=&#8221;medium&#8221; alignment=&#8221;right&#8221; style=&#8221;vc_box_rounded&#8221;][\/vc_column_inner][vc_column_inner width=&#8221;2\/3&#8243;][vc_column_text]<\/p>\n<h3>NOVEMBRE 2020 | PREMIO INNOVAZIONE RLP<\/h3>\n<p>Il Ministero dell&#8217;economia premia Braun Maschinenbau GmbH insieme alla societ\u00e0 Robot Makers GmbH per il Premio Innovazione del Land Renania-Palatinato 2020 nella categoria Cooperazione. Siamo lieti che con questo riconoscimento &#8211; oltre al Vineyard Pilot Assistant &#8211; i riflettori vengano maggiormente puntati anche sulla viticoltura sostenibile, con l\u2019eliminazione delle erbacce intelligente e rispettosa dell&#8217;ambiente.<\/p>\n<p>[\/vc_column_text][\/vc_column_inner][\/vc_row_inner][vc_separator][\/vc_column][\/vc_row][vc_row][vc_column][vc_row_inner][vc_column_inner width=&#8221;1\/3&#8243;][vc_single_image image=&#8221;4965&#8243; img_size=&#8221;medium&#8221; alignment=&#8221;right&#8221; style=&#8221;vc_box_rounded&#8221;][\/vc_column_inner][vc_column_inner width=&#8221;2\/3&#8243;][vc_column_text]<\/p>\n<h3>OTTOBRE 2020 | ISB SUCCESS PREIS<\/h3>\n<p>Quest&#8217;anno la Investitions- und Strukturbank Rheinland-Pfalz ha premiato il Vineyard Pilot Assistant di Braun Maschinenbau GmbH con il il premio per la tecnologia dell\u2019ISB Success Preis. La Segretaria di Stato del Ministero dell&#8217;economia Daniela Schmitt e il portavoce del consiglio di amministrazione dell\u2019ISB RLP, Ulrich Dexheimer, hanno assegnato il premio in occasione di un evento online.\u00a0 Ogni anno l&#8217;ISB Success Preis premia &#8220;lo sviluppo di nuovi prodotti, processi, servizi orientati alla tecnologia e sofisticati progetti IT per applicazioni tecniche&#8221;.<\/p>\n<p>[\/vc_column_text][\/vc_column_inner][\/vc_row_inner][vc_separator][\/vc_column][\/vc_row][vc_row][vc_column][vc_row_inner][vc_column_inner width=&#8221;1\/3&#8243;][vc_single_image image=&#8221;4942&#8243; img_size=&#8221;medium&#8221; alignment=&#8221;right&#8221; style=&#8221;vc_box_rounded&#8221;][\/vc_column_inner][vc_column_inner width=&#8221;2\/3&#8243;][vc_column_text]<\/p>\n<h3>SETTEMBRE 2020 | SETTIMANA DELLA FORMAZIONE PROFESSIONALE<\/h3>\n<p>Nel corso della &#8220;Settimana della formazione professionale&#8221; Braun Maschinenbau GmbH ha avuto come ospiti la Segretaria di Stato Daniela Schmitt del Ministero dell&#8217;economia, dei trasporti, dell&#8217;agricoltura e della viticoltura della Renania-Palatinato e il presidente Dirk Fischer della Camera dell&#8217;artigianato del Palatinato. Durante la visita aziendale si \u00e8 svolto uno scambio di idee interessante e informativo sulle molte opportunit\u00e0 nell&#8217;artigianato e nella formazione.<\/p>\n<p>[\/vc_column_text][\/vc_column_inner][\/vc_row_inner][vc_separator][\/vc_column][\/vc_row][vc_row][vc_column][vc_row_inner][vc_column_inner width=&#8221;1\/3&#8243;][vc_single_image image=&#8221;4914&#8243; img_size=&#8221;medium&#8221; alignment=&#8221;right&#8221; style=&#8221;vc_box_rounded&#8221;][\/vc_column_inner][vc_column_inner width=&#8221;2\/3&#8243;][vc_column_text]<\/p>\n<h3>AGOSTO 2020 | RENANIA-PALATINATO. ORO<\/h3>\n<p>Braun Macchine Agricole \u00e8 lieta di partecipare alla campagna per mettere in risalto la Renania-Palatinato come polo economico e di contribuire alla valorizzazione della regione Renania-Palatinato a livello nazionale e internazionale.<\/p>\n<p>Maggiori informazioni su: https:\/\/gold.rlp.de\/[\/vc_column_text][\/vc_column_inner][\/vc_row_inner][vc_separator][\/vc_column][\/vc_row][vc_row][vc_column][vc_row_inner][vc_column_inner width=&#8221;1\/3&#8243;][vc_single_image image=&#8221;4909&#8243; img_size=&#8221;medium&#8221; alignment=&#8221;right&#8221; style=&#8221;vc_box_rounded&#8221;][\/vc_column_inner][vc_column_inner width=&#8221;2\/3&#8243;][vc_column_text]<\/p>\n<h3>MARZO 2020 | INASPRO<\/h3>\n<p>Braun Maschinenbau &#8211; insieme ad altri partner di progetto della ricerca e dell&#8217;industria &#8211; ha fatto parte del progetto comune InAsPro. Il progetto, che riguardava l\u2019organizzazione di un sistema di lavoro integrato nelle aziende di produzione digitalizzate, si \u00e8 concluso con successo dopo 3 anni.[\/vc_column_text][\/vc_column_inner][\/vc_row_inner][vc_separator][\/vc_column][\/vc_row][vc_row][vc_column][vc_row_inner][vc_column_inner width=&#8221;1\/3&#8243;][vc_single_image image=&#8221;4904&#8243; img_size=&#8221;medium&#8221; alignment=&#8221;right&#8221; style=&#8221;vc_box_rounded&#8221;][\/vc_column_inner][vc_column_inner width=&#8221;2\/3&#8243;][vc_column_text]<\/p>\n<h3>FEBBRAIO 2020 | MEDAGLIA PER L&#8217;ECONOMIA PER STEFAN BRAUN<\/h3>\n<p>Il 28 febbraio il Ministro dell&#8217;economia Dr. Volker Wissing \u00e8 venuto di persona a Landau per consegnare a Stefan Braun la medaglia dell&#8217;economia del Land della Renania-Palatinato. Il ministro ha elogiato Stefan Braun come pioniere nello sviluppo di macchinari per la viticoltura ecologica e come operatore globale altamente innovativo.[\/vc_column_text][\/vc_column_inner][\/vc_row_inner][vc_separator][\/vc_column][\/vc_row][vc_row][vc_column][vc_row_inner][vc_column_inner width=&#8221;1\/3&#8243;][vc_single_image image=&#8221;4899&#8243; img_size=&#8221;medium&#8221; alignment=&#8221;right&#8221; style=&#8221;vc_box_rounded&#8221;][\/vc_column_inner][vc_column_inner width=&#8221;2\/3&#8243;][vc_column_text]<\/p>\n<h3>FEBBRAIO 2020 | ARGENTO PER VINEYARD PILOT ASSISTANT<\/h3>\n<p>In Spagna, dal 25 al 29 febbraio, si \u00e8 svolta a Saragozza la FIMA &#8211; Feria Internacional de la Maquinaria Agr\u00edgola. Insieme a Fendt Spagna, Braun ha conquistato l&#8217;argento per il Vineyard Pilot Assistant al premio per l&#8217;innovazione &#8220;Novedad t\u00e9cnica&#8221;.[\/vc_column_text][\/vc_column_inner][\/vc_row_inner][vc_separator][\/vc_column][\/vc_row][vc_row][vc_column][vc_row_inner][vc_column_inner width=&#8221;1\/3&#8243;][vc_single_image image=&#8221;4894&#8243; img_size=&#8221;medium&#8221; alignment=&#8221;right&#8221; style=&#8221;vc_box_rounded&#8221;][\/vc_column_inner][vc_column_inner width=&#8221;2\/3&#8243;][vc_column_text]<\/p>\n<h3>GENNAIO 2020 | FOGLIE D&#8217;ORO PER VINEYARD PILOT ASSISTANT<\/h3>\n<p>A Verona il Vineyard Pilot Assistant ha vinto le \u201cFoglie d\u2019Oro\u201d, l\u2019oro al premio per l&#8217;innovazione &#8220;Foglie dell&#8217;Innovazione 2020&#8243; della fiera Fieriagricola e della rivista di settore L&#8217;Informatore Agrario.[\/vc_column_text][\/vc_column_inner][\/vc_row_inner][vc_separator][\/vc_column][\/vc_row][vc_row][vc_column][vc_row_inner][vc_column_inner width=&#8221;1\/3&#8243;][vc_single_image image=&#8221;4889&#8243; img_size=&#8221;medium&#8221; alignment=&#8221;right&#8221; style=&#8221;vc_box_rounded&#8221;][\/vc_column_inner][vc_column_inner width=&#8221;2\/3&#8243;][vc_column_text]<\/p>\n<h3>GENNAIO 2020 | AGRARTAGE RHEINHESSEN A NIEDER-OLM<\/h3>\n<p>Alla fiera Agrartage che si \u00e8 svolta dal 20 al 24 gennaio i visitatori si sono confrontati con i temi e le tendenze attuali nel settore agricolo e specialmente in quello della viticoltura. Braun Macchine Agricole \u00e8 stata presente anche quest&#8217;anno: i visitatori hanno avuto l&#8217;opportunit\u00e0 di scoprire alcuni dei nostri prodotti in loco e di richiedere consigli al nostro team.[\/vc_column_text][\/vc_column_inner][\/vc_row_inner][vc_separator][\/vc_column][\/vc_row][vc_row][vc_column][vc_row_inner][vc_column_inner width=&#8221;1\/3&#8243;][vc_single_image image=&#8221;4672&#8243; img_size=&#8221;medium&#8221; alignment=&#8221;right&#8221; style=&#8221;vc_box_rounded&#8221;][\/vc_column_inner][vc_column_inner width=&#8221;2\/3&#8243;][vc_column_text]<\/p>\n<h3>NOVEMBRE 2019 | FIERA SITEVI MONTPELLIER<\/h3>\n<p>Anche quest\u2019anno saremo felici di avere una grande affluenza di pubblico presso il nostro stand alla fiera SITEVI di Montpellier: oltre al premiato Vineyard Pilot Assistant, i visitatori, i clienti e i curiosi potranno visionare il valido portafoglio prodotti di Braun Maschinenbau GmbH e scoprire tante altre novit\u00e0.[\/vc_column_text][\/vc_column_inner][\/vc_row_inner][vc_separator][\/vc_column][\/vc_row][vc_row][vc_column][vc_row_inner][vc_column_inner width=&#8221;1\/3&#8243;][vc_single_image image=&#8221;4628&#8243; img_size=&#8221;medium&#8221; alignment=&#8221;right&#8221; style=&#8221;vc_box_rounded&#8221;][\/vc_column_inner][vc_column_inner width=&#8221;2\/3&#8243;][vc_column_text]<\/p>\n<h3>NOVEMBRE 2019 | MEDAGLIA D&#8217;ARGENTO ALLA FIERA AGRITECHNICA<\/h3>\n<p>Insieme alla sede di AGCO Dtschl. Fendt, Braun Maschinenbau riceve la medaglia d\u2019argento dell\u2019Innovation Award alla fiera Agritechnica 2019 per il sistema di guida automatizzata di mezzi e attrezzature per la viticoltura!<\/p>\n<p>L\u2019Innovation Award viene assegnato da DLG ai prodotti innovativi di punta nel settore delle macchine agricole a livello internazionale.<\/p>\n<p>[\/vc_column_text][\/vc_column_inner][\/vc_row_inner][vc_separator][\/vc_column][\/vc_row][vc_row][vc_column][vc_row_inner][vc_column_inner width=&#8221;1\/3&#8243;][vc_single_image image=&#8221;4633&#8243; img_size=&#8221;medium&#8221; alignment=&#8221;right&#8221; style=&#8221;vc_box_rounded&#8221;][\/vc_column_inner][vc_column_inner width=&#8221;2\/3&#8243;][vc_column_text]<\/p>\n<h3>OTTOBRE 2019 | CONFERENZA STAMPA DEL SINDACO<\/h3>\n<p>Braun Maschinenbau \u00e8 stata scelta dal sindaco Thomas Hirsch per organizzare, presso la sua sede, la conferenza stampa annuale, vertente sul tema \u201cMade in Landau\u201d che ha visto come protagoniste le aziende di particolare successo operanti a livello sovraregionale.[\/vc_column_text][\/vc_column_inner][\/vc_row_inner][vc_separator][\/vc_column][\/vc_row][vc_row][vc_column][vc_row_inner][vc_column_inner width=&#8221;1\/3&#8243;][vc_single_image image=&#8221;4638&#8243; img_size=&#8221;medium&#8221; alignment=&#8221;right&#8221; style=&#8221;vc_box_rounded&#8221;][\/vc_column_inner][vc_column_inner width=&#8221;2\/3&#8243;][vc_column_text]<\/p>\n<h3>SETTEMBRE 2019 | NUOVO CAPANNONE<\/h3>\n<p>Ampliamento della sede di Landau: a fine estate 2019 iniziano i lavori di costruzione di un altro capannone di produzione e stoccaggio, comprese la palazzina uffici e quella per il personale, per una superficie totale di quasi 3000 mq. Il trasloco nel nuovo capannone \u00e8 previsto per settembre 2020.[\/vc_column_text][\/vc_column_inner][\/vc_row_inner][vc_separator][\/vc_column][\/vc_row][vc_row][vc_column][vc_row_inner][vc_column_inner width=&#8221;1\/3&#8243;][vc_single_image image=&#8221;4643&#8243; img_size=&#8221;medium&#8221; alignment=&#8221;right&#8221; style=&#8221;vc_box_rounded&#8221;][\/vc_column_inner][vc_column_inner width=&#8221;2\/3&#8243;][vc_column_text]<\/p>\n<h3>AGOSTO 2019 | FENDT MEETS WINE<\/h3>\n<p>Presentazione in via esclusiva di una straordinaria combinazione di attrezzi: oltre un centinaio di ospiti hanno accettato l\u2019invito di Raiffeisen Waren-Zentrale Rhein-Main eG (RWZ) e di VR Bank S\u00fcdpfalz per conoscere l\u2019esclusivo sistema messo a punto da Fendt e Braun Maschinenbau per il controllo delle infestanti in viticoltura.[\/vc_column_text][\/vc_column_inner][\/vc_row_inner][vc_separator][\/vc_column][\/vc_row][vc_row][vc_column][vc_row_inner][vc_column_inner width=&#8221;1\/3&#8243;][vc_single_image image=&#8221;4683&#8243; img_size=&#8221;medium&#8221; alignment=&#8221;right&#8221; style=&#8221;vc_box_rounded&#8221;][\/vc_column_inner][vc_column_inner width=&#8221;2\/3&#8243;][vc_column_text]<\/p>\n<h3>AGOSTO 2019 | VIAGGIO DEL MINISTRO DELL&#8217;ECONOMIA WISSING<\/h3>\n<p>Il Ministro dell\u2019economia del Land Renania-Palatinato, Dr. Volker Wissing, ha scelto come tappa del suo viaggio di lavoro, svoltosi in estate, una visita allo stabilimento di Braun Maschinenbau. In tale occasione il Ministro Wissing ha avuto l\u2019opportunit\u00e0 di conoscere meglio la nostra ultima innovazione: il <strong>Vineyard Pilot Assistant<\/strong>.[\/vc_column_text][\/vc_column_inner][\/vc_row_inner][vc_separator][\/vc_column][\/vc_row][vc_row][vc_column][vc_row_inner][vc_column_inner width=&#8221;1\/3&#8243;][vc_single_image image=&#8221;4653&#8243; img_size=&#8221;medium&#8221; alignment=&#8221;right&#8221; style=&#8221;vc_box_rounded&#8221; onclick=&#8221;custom_link&#8221; img_link_target=&#8221;_blank&#8221; link=&#8221;https:\/\/www.braunmacchineagricole.com\/&#8221;][\/vc_column_inner][vc_column_inner width=&#8221;2\/3&#8243;][vc_column_text]<\/p>\n<h3>AGOSTO 2019 | RILEVAMENTO BRAUN MACCHINE AGRICOLE<\/h3>\n<p>Nell\u2019estate 2019 Braun Maschinenbau costituisce una filiale con sede a Trento, in Italia: Braun Macchine Agricole.<\/p>\n<p>Si aprono cos\u00ec nuove opportunit\u00e0 per servire meglio e con maggiore celerit\u00e0 l\u2019importante mercato italiano.[\/vc_column_text][\/vc_column_inner][\/vc_row_inner][vc_separator][\/vc_column][\/vc_row]<\/p>\n","protected":false},"excerpt":{"rendered":"<p>[vc_row][vc_column][vc_empty_space alter_height=&#8221;large&#8221; hide_on_mobile=&#8221;&#8221;][vc_empty_space height=&#8221;&#8221; alter_height=&#8221;small&#8221; hide_on_mobile=&#8221;&#8221;][\/vc_column][\/vc_row][vc_row][vc_column][vc_row_inner][vc_column_inner width=&#8221;1\/3&#8243;][vc_single_image image=&#8221;4979&#8243; img_size=&#8221;medium&#8221; alignment=&#8221;right&#8221; style=&#8221;vc_box_rounded&#8221;][\/vc_column_inner][vc_column_inner width=&#8221;2\/3&#8243;][vc_column_text] FEBBRAIO 2021 | BYRNEBUILT RIVENDITORE IN AUSTRALASIA Adrian Byrne di Byrnebuilt Engineering Ltd \u00e8 il nuovo agente di commercio per i prodotti Braun in Nuova Zelanda e Australia.&hellip;<\/p>\n","protected":false},"author":1,"featured_media":0,"parent":0,"menu_order":0,"comment_status":"closed","ping_status":"closed","template":"","meta":[],"_links":{"self":[{"href":"https:\/\/braun-maschinenbau.info\/it\/wp-json\/wp\/v2\/pages\/4607"}],"collection":[{"href":"https:\/\/braun-maschinenbau.info\/it\/wp-json\/wp\/v2\/pages"}],"about":[{"href":"https:\/\/braun-maschinenbau.info\/it\/wp-json\/wp\/v2\/types\/page"}],"author":[{"embeddable":true,"href":"https:\/\/braun-maschinenbau.info\/it\/wp-json\/wp\/v2\/users\/1"}],"replies":[{"embeddable":true,"href":"https:\/\/braun-maschinenbau.info\/it\/wp-json\/wp\/v2\/comments?post=4607"}],"version-history":[{"count":14,"href":"https:\/\/braun-maschinenbau.info\/it\/wp-json\/wp\/v2\/pages\/4607\/revisions"}],"predecessor-version":[{"id":5019,"href":"https:\/\/braun-maschinenbau.info\/it\/wp-json\/wp\/v2\/pages\/4607\/revisions\/5019"}],"wp:attachment":[{"href":"https:\/\/braun-maschinenbau.info\/it\/wp-json\/wp\/v2\/media?parent=4607"}],"curies":[{"name":"wp","href":"https:\/\/api.w.org\/{rel}","templated":true}]}}